{"id":14135,"date":"2021-02-10T11:05:43","date_gmt":"2021-02-10T11:05:43","guid":{"rendered":"https:\/\/crawl.es\/producto\/banyador-natacio-nena-revolution-cactussy-crawl\/"},"modified":"2025-03-11T09:13:21","modified_gmt":"2025-03-11T09:13:21","slug":"banyador-natacio-nena-revolution-cactussy-crawl","status":"publish","type":"product","link":"https:\/\/crawl.es\/ca\/producto\/banyador-natacio-nena-revolution-cactussy-crawl\/","title":{"rendered":"Banyador Nataci\u00f3 Nena Revolution &#8220;Cactussy&#8221; | CRAWL"},"content":{"rendered":"<p>El banyador Turbo Revolution &#8220;Cactussy&#8221; per a nena est\u00e0 especialment dissenyat per a la pr\u00e0ctica de la nataci\u00f3. Els tirants estrets aporten una total llibertat de moviment i flexibilitat, adaptant-se perfectament al cos. En cobrir menys l&#8217;espatlla que l&#8217;amplada tirant, evita marques per contrast de tonalitats de pell a causa de l&#8217;exposici\u00f3 solar. Est\u00e0 confeccionat amb el millor teixit del mercat amb un doble folre davanter, oferint una resist\u00e8ncia excepcional al clor de la piscina i als raigs UV. Gr\u00e0cies a la seva durabilitat, la intensitat dels seus colors es mant\u00e9 amb l&#8217;\u00fas repetit en el temps, i \u00e9s considerat un dels banyadors m\u00e9s resistents del m\u00f3n.<\/p>\n<p>\u00a0<\/p>\n<p>Caracter\u00edstiques destacables:<\/p>\n<p>Costures refor\u00e7ades.<\/p>\n<p>Tirants fins.<\/p>\n<p>Folre davanter complet.<\/p>\n<p>Resistent al clor.<\/p>\n<p>Colors duradors.<\/p>\n<p>Composici\u00f3: 55% poli\u00e8ster PBT, 45% poli\u00e8ster.<\/p>\n<p>\u00a0<\/p>\n<p>\u00das recomanat:<\/p>\n<p>El banyador Revolution &#8220;Cactussy&#8221; \u00e9s perfecte per a la pr\u00e0ctica de la nataci\u00f3 com a banyador d&#8217;entrenament. La gran adaptabilitat al cos evita l&#8217;arrossegament d&#8217;aigua en nedar, fent d&#8217;aquesta opci\u00f3 una de les m\u00e9s c\u00f2modes per a l&#8217;\u00fas diari. Moltes nedadores prefereixen el tirant estret durant els entrenaments a l&#8217;aire lliure, ja que evita tenir una marca evident pel bronzejat a la pell.<\/p>\n<p>\u00a0<\/p>\n<p>Nota:<\/p>\n<p>Aquest article t\u00e9 un tallatge m\u00e9s petit del que \u00e9s habitual, per la qual cosa recomanem optar per una talla superior al que \u00e9s habitual. En cas de comparar-ho amb el banyador Turbo de tirant ample, suggerim optar per una talla inferior, ja que tallen una mica m\u00e9s grans.<\/p>\n","protected":false},"excerpt":{"rendered":"<p>Compra el Banyador Nataci\u00f3 Nena Revolution &#8220;Cactussy&#8221; a CRAWL. Resistent al clor i UV, tirants fins i folre davanter.<\/p>\n<p>Ref: 8304993022.<\/p>\n","protected":false},"featured_media":0,"comment_status":"open","ping_status":"closed","template":"","meta":[],"product_cat":[156,160],"product_tag":[],"brands":[{"id":22,"name":"Turbo","slug":"turbo"}],"_links":{"self":[{"href":"https:\/\/crawl.es\/ca\/wp-json\/wp\/v2\/product\/14135"}],"collection":[{"href":"https:\/\/crawl.es\/ca\/wp-json\/wp\/v2\/product"}],"about":[{"href":"https:\/\/crawl.es\/ca\/wp-json\/wp\/v2\/types\/product"}],"replies":[{"embeddable":true,"href":"https:\/\/crawl.es\/ca\/wp-json\/wp\/v2\/comments?post=14135"}],"wp:attachment":[{"href":"https:\/\/crawl.es\/ca\/wp-json\/wp\/v2\/media?parent=14135"}],"wp:term":[{"taxonomy":"product_cat","embeddable":true,"href":"https:\/\/crawl.es\/ca\/wp-json\/wp\/v2\/product_cat?post=14135"},{"taxonomy":"product_tag","embeddable":true,"href":"https:\/\/crawl.es\/ca\/wp-json\/wp\/v2\/product_tag?post=14135"}],"curies":[{"name":"wp","href":"https:\/\/api.w.org\/{rel}","templated":true}]}}