{"id":14178,"date":"2021-02-09T11:26:47","date_gmt":"2021-02-09T11:26:47","guid":{"rendered":"https:\/\/crawl.es\/producto\/banyador-nena-tira-fina-granota-happy-crawl\/"},"modified":"2021-02-09T11:26:47","modified_gmt":"2021-02-09T11:26:47","slug":"banyador-nena-tira-fina-granota-happy-crawl","status":"publish","type":"product","link":"https:\/\/crawl.es\/ca\/producto\/banyador-nena-tira-fina-granota-happy-crawl\/","title":{"rendered":"Banyador Nena Tira Fina &#8220;Granota Happy&#8221; | CRAWL"},"content":{"rendered":"<p>El Banyador Nena Tira Fina &#8220;Granota Happy&#8221; Ref. 83038614 est\u00e0 dissenyat per oferir comoditat i durabilitat. Fabricat amb una combinaci\u00f3 de 55% PBT i 45% Polyester (Proresistant), aquest banyador \u00e9s ideal per a nenes actives que gaudeixen de les activitats aqu\u00e0tiques.<\/p>\n<p>\u00a0<\/p>\n<p>Caracter\u00edstiques destacables:<\/p>\n<p>&#8211; Composici\u00f3: 55% PBT, 45% Polyester (Proresistant).<\/p>\n<p>&#8211; Durabilitat: Materials d\u00b4alta qualitat que garanteixen una llarga vida \u00fatil.<\/p>\n<p>&#8211; Comoditat: Ajust perfecte i tirants fins que ofereixen llibertat de moviment.<\/p>\n<p>&#8211; Resistent: Ideal per a \u00fas freq\u00fcent en piscines i ambients amb clor.<\/p>\n<p>\u00a0<\/p>\n<p>\u00das recomanat:<\/p>\n<p>Perfecte per a nenes que practiquen nataci\u00f3 o gaudeixen d&#8217;activitats aqu\u00e0tiques. Aquest banyador proporciona un ajustament c\u00f2mode i segur, permetent un rendiment \u00f2ptim a l&#8217;aigua.<\/p>\n<p>\u00a0<\/p>\n<p>No perdis l&#8217;oportunitat d&#8217;adquirir el Banyador Nena Tira Fina &#8220;Granota Happy&#8221; Ref. 83038614 de CRAWL. Compra ara i assegura&#8217;t que la teva petita estigui equipada amb el millor per a les activitats aqu\u00e0tiques!<\/p>\n","protected":false},"excerpt":{"rendered":"<p>Compra el Banyador Nena Tira Fina &#8220;Granota Happy&#8221; a CRAWL. Alta qualitat, resistent i c\u00f2mode. Ideal per a activitats aqu\u00e0tiques. 55% PBT, 45% Polyester.<\/p>\n<p>REF: 83038614<\/p>\n","protected":false},"featured_media":0,"comment_status":"open","ping_status":"closed","template":"","meta":[],"product_cat":[156,160],"product_tag":[],"brands":[{"id":22,"name":"Turbo","slug":"turbo"}],"_links":{"self":[{"href":"https:\/\/crawl.es\/ca\/wp-json\/wp\/v2\/product\/14178"}],"collection":[{"href":"https:\/\/crawl.es\/ca\/wp-json\/wp\/v2\/product"}],"about":[{"href":"https:\/\/crawl.es\/ca\/wp-json\/wp\/v2\/types\/product"}],"replies":[{"embeddable":true,"href":"https:\/\/crawl.es\/ca\/wp-json\/wp\/v2\/comments?post=14178"}],"wp:attachment":[{"href":"https:\/\/crawl.es\/ca\/wp-json\/wp\/v2\/media?parent=14178"}],"wp:term":[{"taxonomy":"product_cat","embeddable":true,"href":"https:\/\/crawl.es\/ca\/wp-json\/wp\/v2\/product_cat?post=14178"},{"taxonomy":"product_tag","embeddable":true,"href":"https:\/\/crawl.es\/ca\/wp-json\/wp\/v2\/product_tag?post=14178"}],"curies":[{"name":"wp","href":"https:\/\/api.w.org\/{rel}","templated":true}]}}