{"id":14188,"date":"2025-03-11T11:33:13","date_gmt":"2025-03-11T11:33:13","guid":{"rendered":"https:\/\/crawl.es\/?post_type=product&#038;p=14188"},"modified":"2025-03-11T11:40:03","modified_gmt":"2025-03-11T11:40:03","slug":"gafas-speedo-fastskin-hyper-elite-negro-cromado-crawl","status":"publish","type":"product","link":"https:\/\/crawl.es\/ca\/producto\/gafas-speedo-fastskin-hyper-elite-negro-cromado-crawl\/","title":{"rendered":"GAFAS SPEEDO FASTSKIN HYPER ELITE NEGRO\/CROMADO | Crawl"},"content":{"rendered":"<p>Speedo est\u00e1 celebrando una d\u00e9cada de dominio: se cumplen 10 a\u00f1os desde el lanzamiento de las gafas de carreras m\u00e1s exitosas de speedo .<\/p>\n<p>\u00a0<\/p>\n<p>Las nuevas gafas de nataci\u00f3n Speedo Fastskin Hyper Elite est\u00e1n repletas de tecnolog\u00edas hidrodin\u00e1micas y que mejoran el rendimiento.<\/p>\n<p>\u00a0<\/p>\n<p>Las gafas con espejo Speedo Hyper Elite te dar\u00e1n confianza con lo \u00faltimo en tecnolog\u00eda el d\u00eda de la carrera.<\/p>\n<p>\u00a0<\/p>\n<p>Desarrollado en estrecha colaboraci\u00f3n con los mejores atletas del mundo y totalmente aprobado por la FINA.<\/p>\n","protected":false},"excerpt":{"rendered":"<p>Speedo est\u00e1 celebrando una d\u00e9cada de dominio: se cumplen 10 a\u00f1os desde el lanzamiento de las gafas de carreras m\u00e1s exitosas de speedo .<\/p>\n","protected":false},"featured_media":14189,"comment_status":"open","ping_status":"closed","template":"","meta":[],"product_cat":[65,21],"product_tag":[],"brands":[{"id":307,"name":"Speedo","slug":"speedo"}],"_links":{"self":[{"href":"https:\/\/crawl.es\/ca\/wp-json\/wp\/v2\/product\/14188"}],"collection":[{"href":"https:\/\/crawl.es\/ca\/wp-json\/wp\/v2\/product"}],"about":[{"href":"https:\/\/crawl.es\/ca\/wp-json\/wp\/v2\/types\/product"}],"replies":[{"embeddable":true,"href":"https:\/\/crawl.es\/ca\/wp-json\/wp\/v2\/comments?post=14188"}],"wp:featuredmedia":[{"embeddable":true,"href":"https:\/\/crawl.es\/ca\/wp-json\/wp\/v2\/media\/14189"}],"wp:attachment":[{"href":"https:\/\/crawl.es\/ca\/wp-json\/wp\/v2\/media?parent=14188"}],"wp:term":[{"taxonomy":"product_cat","embeddable":true,"href":"https:\/\/crawl.es\/ca\/wp-json\/wp\/v2\/product_cat?post=14188"},{"taxonomy":"product_tag","embeddable":true,"href":"https:\/\/crawl.es\/ca\/wp-json\/wp\/v2\/product_tag?post=14188"}],"curies":[{"name":"wp","href":"https:\/\/api.w.org\/{rel}","templated":true}]}}