{"id":14204,"date":"2025-03-11T12:18:51","date_gmt":"2025-03-11T12:18:51","guid":{"rendered":"https:\/\/crawl.es\/?post_type=product&#038;p=14204"},"modified":"2025-12-15T17:04:59","modified_gmt":"2025-12-15T17:04:59","slug":"toalla-speedo-negro-blanco-crawl","status":"publish","type":"product","link":"https:\/\/crawl.es\/ca\/producto\/toalla-speedo-negro-blanco-crawl\/","title":{"rendered":"TOALLA SPEEDO NEGRO\/BLANCO | CRAWL"},"content":{"rendered":"<p>La toalla Speedo Classic Logo es un producto imprescindible para la piscina, la playa y el gimnasio. Su dise\u00f1o atemporal y los colores cl\u00e1sicos de Speedo la hacen destacar. Est\u00e1 confeccionada en 100% algod\u00f3n, lo cual la hace suave y duradera, adem\u00e1s de ofrecer una excelente absorci\u00f3n para secarte r\u00e1pidamente.<\/p>\n<p>\u00a0<\/p>\n<p>Caracter\u00edsticas:<\/p>\n<p>Producto imprescindible<\/p>\n<p>Dise\u00f1o atemporal<\/p>\n<p>Suave y duradera<\/p>\n<p>Excelente absorci\u00f3n para secarte r\u00e1pidamente<\/p>\n<p>100% algod\u00f3n<\/p>\n<p>\u00a0<\/p>\n<p>Referencia:<\/p>\n<p>8-00413510703<\/p>\n","protected":false},"excerpt":{"rendered":"<p>La toalla Speedo Classic Logo es un producto imprescindible para la piscina, la playa y el gimnasio. Su dise\u00f1o atemporal y los colores cl\u00e1sicos de Speedo la hacen destacar. Est\u00e1 confeccionada en 100% algod\u00f3n, lo cual la hace suave y duradera, adem\u00e1s de ofrecer una excelente absorci\u00f3n para secarte r\u00e1pidamente.<\/p>\n","protected":false},"featured_media":14205,"comment_status":"open","ping_status":"closed","template":"","meta":[],"product_cat":[68,21],"product_tag":[],"brands":[{"id":307,"name":"Speedo","slug":"speedo"}],"_links":{"self":[{"href":"https:\/\/crawl.es\/ca\/wp-json\/wp\/v2\/product\/14204"}],"collection":[{"href":"https:\/\/crawl.es\/ca\/wp-json\/wp\/v2\/product"}],"about":[{"href":"https:\/\/crawl.es\/ca\/wp-json\/wp\/v2\/types\/product"}],"replies":[{"embeddable":true,"href":"https:\/\/crawl.es\/ca\/wp-json\/wp\/v2\/comments?post=14204"}],"wp:featuredmedia":[{"embeddable":true,"href":"https:\/\/crawl.es\/ca\/wp-json\/wp\/v2\/media\/14205"}],"wp:attachment":[{"href":"https:\/\/crawl.es\/ca\/wp-json\/wp\/v2\/media?parent=14204"}],"wp:term":[{"taxonomy":"product_cat","embeddable":true,"href":"https:\/\/crawl.es\/ca\/wp-json\/wp\/v2\/product_cat?post=14204"},{"taxonomy":"product_tag","embeddable":true,"href":"https:\/\/crawl.es\/ca\/wp-json\/wp\/v2\/product_tag?post=14204"}],"curies":[{"name":"wp","href":"https:\/\/api.w.org\/{rel}","templated":true}]}}