{"id":14217,"date":"2025-03-12T10:10:37","date_gmt":"2025-03-12T10:10:37","guid":{"rendered":"https:\/\/crawl.es\/?post_type=product&#038;p=14217"},"modified":"2025-12-19T18:11:13","modified_gmt":"2025-12-19T18:11:13","slug":"banador-speedo-mujer-liso-atado-espalda-tie-back-crawl","status":"publish","type":"product","link":"https:\/\/crawl.es\/ca\/producto\/banador-speedo-mujer-liso-atado-espalda-tie-back-crawl\/","title":{"rendered":"Ba\u00f1ador SPEEDO Mujer Liso Atado Espalda TIE-BACK\/ Crawl"},"content":{"rendered":"<p>Aporta un toque de energ\u00eda a tus entrenamientos matutinos con este impresionante ba\u00f1ador atado en la espalda, caracterizado por su dise\u00f1o liso de color morado y tirantes rojos en contraste. Este ba\u00f1ador, \u00edntegramente forrado con un tejido de color rojo sand\u00eda para ofrecer una mayor comodidad y evitar posibles transparencias, combina un dise\u00f1o de atar en la espalda, totalmente ajustable, con unas perneras de corte extraalto para ofrecer una flexibilidad, estilo y comodidad inmejorables. Este modelo est\u00e1 confeccionado en nuestro tejido Endurance+, un tejido resistente y de secado r\u00e1pido, 100 % resistente al cloro. Adem\u00e1s, uno de los hilos que componen dicho tejido est\u00e1 \u00edntegramente elaborado a base de residuos posconsumo, como botellas de pl\u00e1stico recicladas.<\/p>\n<p>Cuenta con perneras muy altas para garantizar la m\u00e1xima libertad de movimiento mientras nadas a cualquier estilo.<\/p>\n<p>Forro integral en un llamativo color para ofrecer comodidad y discreci\u00f3n.<\/p>\n<p>Tejido 100 % resistente al cloro para maximizar la durabilidad de la prenda y contribuir a la preservaci\u00f3n de los colores, que permanecer\u00e1n m\u00e1s brillantes durante m\u00e1s tiempo.<\/p>\n<p>Tecnolog\u00eda de secado r\u00e1pido para agilizar su secado despu\u00e9s de nadar.<\/p>\n<p>Uno de los hilos del tejido \u00edntegramente elaborado a base de residuos posconsumo, como botellas de pl\u00e1stico recicladas.<\/p>\n","protected":false},"excerpt":{"rendered":"<p>A\u00f1ade energ\u00eda a tus entrenamientos con el ba\u00f1ador mujer liso atado en la espalda Club Training Morado\/Rojo. Con tejido Endurance+ resistente al cloro y secado r\u00e1pido, dise\u00f1o ajustable y forro rojo sand\u00eda para mayor comodidad. Ideal para nadadoras exigentes.<\/p>\n<p>REF.8\/00406515357<\/p>\n","protected":false},"featured_media":14222,"comment_status":"open","ping_status":"closed","template":"","meta":[],"product_cat":[43,31,45,58],"product_tag":[],"brands":[{"id":307,"name":"Speedo","slug":"speedo"}],"_links":{"self":[{"href":"https:\/\/crawl.es\/ca\/wp-json\/wp\/v2\/product\/14217"}],"collection":[{"href":"https:\/\/crawl.es\/ca\/wp-json\/wp\/v2\/product"}],"about":[{"href":"https:\/\/crawl.es\/ca\/wp-json\/wp\/v2\/types\/product"}],"replies":[{"embeddable":true,"href":"https:\/\/crawl.es\/ca\/wp-json\/wp\/v2\/comments?post=14217"}],"wp:featuredmedia":[{"embeddable":true,"href":"https:\/\/crawl.es\/ca\/wp-json\/wp\/v2\/media\/14222"}],"wp:attachment":[{"href":"https:\/\/crawl.es\/ca\/wp-json\/wp\/v2\/media?parent=14217"}],"wp:term":[{"taxonomy":"product_cat","embeddable":true,"href":"https:\/\/crawl.es\/ca\/wp-json\/wp\/v2\/product_cat?post=14217"},{"taxonomy":"product_tag","embeddable":true,"href":"https:\/\/crawl.es\/ca\/wp-json\/wp\/v2\/product_tag?post=14217"}],"curies":[{"name":"wp","href":"https:\/\/api.w.org\/{rel}","templated":true}]}}