{"id":14291,"date":"2025-03-12T11:02:16","date_gmt":"2025-03-12T11:02:16","guid":{"rendered":"https:\/\/crawl.es\/producto\/banyador-dona-arena-swim-pro-solid-color-water-shocking-pink-crawl\/"},"modified":"2025-03-12T11:02:16","modified_gmt":"2025-03-12T11:02:16","slug":"banyador-dona-arena-swim-pro-solid-color-water-shocking-pink-crawl","status":"publish","type":"product","link":"https:\/\/crawl.es\/ca\/producto\/banyador-dona-arena-swim-pro-solid-color-water-shocking-pink-crawl\/","title":{"rendered":"BANYADOR DONA ARENA SWIM PRO SOLID Color Water-Shocking Pink | CRAWL"},"content":{"rendered":"<p>Mai et cansar\u00e0s de fer servir el nostre banyador Team Swim Pro. \u00c9s un vestit de bany impecable i professional amb detalls minimalistes. Fabricat amb el nostre teixit de nataci\u00f3 m\u00e9s resistent, el veur\u00e0s a nedadors d&#8217;elit i membres de federacions de nataci\u00f3 durant els seus entrenaments. Est\u00e0 disponible en una gamma de colors llisos i t\u00e9 un acabat senzill amb el nostre nom en blanc just a sota de l&#8217;escot.<\/p>\n<p>\u00a0<\/p>\n<p>Per qu\u00e8 t&#8217;encantar\u00e0?<\/p>\n<p>Excel\u00b7lent resist\u00e8ncia al clor.<\/p>\n<p>Assecat r\u00e0pid<\/p>\n<p>Llibertat de moviment<\/p>\n<p>Durabilitat extrema<\/p>\n<p>\u00a0<\/p>\n<p>Amb almenys un 50% de poli\u00e8ster reciclat, MaxLife Eco \u00e9s un teixit d&#8217;origen responsable. Aquest teixit ofereix m\u00e0xima resist\u00e8ncia al clor, cosa que garanteix la durabilitat del vestit de bany del teu fill. S&#8217;asseca r\u00e0pidament i ofereix protecci\u00f3 UV per a m\u00e9s comoditat i cobertura.<\/p>\n","protected":false},"excerpt":{"rendered":"<p>Mai et cansar\u00e0s de fer servir el nostre banyador Team Swim Pro. \u00c9s un vestit de bany impecable i professional amb detalls minimalistes. Fabricat amb el nostre teixit de nataci\u00f3 m\u00e9s resistent, el veur\u00e0s a nedadors d&#8217;elit i membres de federacions de nataci\u00f3 durant els seus entrenaments. Est\u00e0 disponible en una gamma de colors llisos i t\u00e9 un acabat senzill amb el nostre nom en blanc just a sota de l&#8217;escot.<\/p>\n","protected":false},"featured_media":14282,"comment_status":"open","ping_status":"closed","template":"","meta":[],"product_cat":[227,231,232,234],"product_tag":[],"brands":[{"id":312,"name":"ARENA","slug":"arena"}],"_links":{"self":[{"href":"https:\/\/crawl.es\/ca\/wp-json\/wp\/v2\/product\/14291"}],"collection":[{"href":"https:\/\/crawl.es\/ca\/wp-json\/wp\/v2\/product"}],"about":[{"href":"https:\/\/crawl.es\/ca\/wp-json\/wp\/v2\/types\/product"}],"replies":[{"embeddable":true,"href":"https:\/\/crawl.es\/ca\/wp-json\/wp\/v2\/comments?post=14291"}],"wp:featuredmedia":[{"embeddable":true,"href":"https:\/\/crawl.es\/ca\/wp-json\/wp\/v2\/media\/14282"}],"wp:attachment":[{"href":"https:\/\/crawl.es\/ca\/wp-json\/wp\/v2\/media?parent=14291"}],"wp:term":[{"taxonomy":"product_cat","embeddable":true,"href":"https:\/\/crawl.es\/ca\/wp-json\/wp\/v2\/product_cat?post=14291"},{"taxonomy":"product_tag","embeddable":true,"href":"https:\/\/crawl.es\/ca\/wp-json\/wp\/v2\/product_tag?post=14291"}],"curies":[{"name":"wp","href":"https:\/\/api.w.org\/{rel}","templated":true}]}}