{"id":14296,"date":"2025-03-12T10:56:24","date_gmt":"2025-03-12T10:56:24","guid":{"rendered":"https:\/\/crawl.es\/producto\/banyador-arena-dona-swim-pro-solid-bright-coral-plum-crawl\/"},"modified":"2025-03-12T10:56:24","modified_gmt":"2025-03-12T10:56:24","slug":"banyador-arena-dona-swim-pro-solid-bright-coral-plum-crawl","status":"publish","type":"product","link":"https:\/\/crawl.es\/ca\/producto\/banyador-arena-dona-swim-pro-solid-bright-coral-plum-crawl\/","title":{"rendered":"BANYADOR ARENA DONA SWIM PRO SOLID\/ BRIGHT CORAL-PLUM | CRAWL"},"content":{"rendered":"<p>Mai et cansar\u00e0s de fer servir el nostre banyador Team Swim Pro. \u00c9s un vestit de bany impecable i professional amb detalls minimalistes. Fabricat amb el nostre teixit de nataci\u00f3 m\u00e9s resistent, el veur\u00e0s a nedadors d&#8217;elit i membres de federacions de nataci\u00f3 durant els seus entrenaments. Est\u00e0 disponible en una gamma de colors llisos i t\u00e9 un acabat senzill amb el nostre nom en blanc just a sota de l&#8217;escot.<\/p>\n<p>\u00a0<\/p>\n<p>Per qu\u00e8 t&#8217;encantar\u00e0?<\/p>\n<p>Excel\u00b7lent resist\u00e8ncia al clor.<\/p>\n<p>Assecat r\u00e0pid<\/p>\n<p>Llibertat de moviment<\/p>\n<p>Durabilitat extrema<\/p>\n","protected":false},"excerpt":{"rendered":"<p>Nunca te cansar\u00e1s de usar nuestro ba\u00f1ador Team Swim Pro. Es un traje de ba\u00f1o impecable y profesional con detalles minimalistas. Fabricado con nuestro tejido de nataci\u00f3n m\u00e1s resistente, lo ver\u00e1s en nadadores de \u00e9lite y miembros de federaciones de nataci\u00f3n durante sus entrenamientos. Est\u00e1 disponible en una gama de colores lisos y tiene un acabado sencillo con nuestro nombre en blanco justo debajo del escote.<\/p>\n","protected":false},"featured_media":14266,"comment_status":"open","ping_status":"closed","template":"","meta":[],"product_cat":[227,231,232,234],"product_tag":[],"brands":[{"id":312,"name":"ARENA","slug":"arena"}],"_links":{"self":[{"href":"https:\/\/crawl.es\/ca\/wp-json\/wp\/v2\/product\/14296"}],"collection":[{"href":"https:\/\/crawl.es\/ca\/wp-json\/wp\/v2\/product"}],"about":[{"href":"https:\/\/crawl.es\/ca\/wp-json\/wp\/v2\/types\/product"}],"replies":[{"embeddable":true,"href":"https:\/\/crawl.es\/ca\/wp-json\/wp\/v2\/comments?post=14296"}],"wp:featuredmedia":[{"embeddable":true,"href":"https:\/\/crawl.es\/ca\/wp-json\/wp\/v2\/media\/14266"}],"wp:attachment":[{"href":"https:\/\/crawl.es\/ca\/wp-json\/wp\/v2\/media?parent=14296"}],"wp:term":[{"taxonomy":"product_cat","embeddable":true,"href":"https:\/\/crawl.es\/ca\/wp-json\/wp\/v2\/product_cat?post=14296"},{"taxonomy":"product_tag","embeddable":true,"href":"https:\/\/crawl.es\/ca\/wp-json\/wp\/v2\/product_tag?post=14296"}],"curies":[{"name":"wp","href":"https:\/\/api.w.org\/{rel}","templated":true}]}}