{"id":14312,"date":"2025-03-14T09:40:47","date_gmt":"2025-03-14T09:40:47","guid":{"rendered":"https:\/\/crawl.es\/?post_type=product&#038;p=14312"},"modified":"2025-03-14T10:00:28","modified_gmt":"2025-03-14T10:00:28","slug":"banyador-arena-dona-team-swim-tech-llis-vermell-crawl-copia","status":"publish","type":"product","link":"https:\/\/crawl.es\/ca\/producto\/banyador-arena-dona-team-swim-tech-llis-vermell-crawl-copia\/","title":{"rendered":"Banyador Arena Dona Team Swim Tech Llis Blau | Crawl"},"content":{"rendered":"<p>Socorrista dels vigilants de la platja o nedadora seriosa, vesteix-te per a totes dues funcions amb el nostre banyador Team Swim Tech d&#8217;una Pe\u00e7a. Aquest banyador d\u00b4entrenament per a dona t\u00e9 un tall alt de cama, escot rod\u00f3 i esquena oberta. Les costures diagonals afavoreixen la teva figura i milloren els moviments a l&#8217;aigua. Fabricat en un teixit produ\u00eft a partir de fonts gestionades responsablement, amb tecnologia avan\u00e7ada de resist\u00e8ncia al clor, aquest disseny \u00e9s la soluci\u00f3 perfecta per a la nataci\u00f3 freq\u00fcent.<\/p>\n<p>\u00a0<\/p>\n<p>Per qu\u00e8 t&#8217;encantar\u00e0:<\/p>\n<p>Ideal per a nataci\u00f3 freq\u00fcent<\/p>\n<p>Excel\u00b7lent resist\u00e8ncia al clor<\/p>\n<p>Suport i llibertat de moviment<\/p>\n<p>Durabilitat extrema<\/p>\n<p>\u00c0mplia gamma de colors<\/p>\n<p>Teixit<\/p>\n<p>\u00a0<\/p>\n<p>MaxLife Eco \u00e9s el nostre nou teixit per a banyadors produ\u00eft a partir de fonts gestionades responsablement que ofereix la m\u00e0xima resist\u00e8ncia al clor i un rendiment durador. Fabricat amb un 50% de poli\u00e8ster reciclat, aquest innovador material s&#8217;ajusta b\u00e9 i mant\u00e9 la forma amb el temps. Incorpora protecci\u00f3 UV 50+ i \u00e9s d\u02bbassecat r\u00e0pid.<\/p>\n","protected":false},"excerpt":{"rendered":"<p>Socorrista dels vigilants de la platja o nedadora seriosa, vesteix-te per a totes dues funcions amb el nostre banyador Team Swim Tech d&#8217;una Pe\u00e7a. Aquest banyador d\u00b4entrenament per a dona t\u00e9 un tall alt de cama, escot rod\u00f3 i esquena oberta. Les costures diagonals afavoreixen la teva figura i milloren els moviments a l&#8217;aigua. Fabricat en un teixit produ\u00eft a partir de fonts gestionades responsablement, amb tecnologia avan\u00e7ada de resist\u00e8ncia al clor, aquest disseny \u00e9s la soluci\u00f3 perfecta per a la nataci\u00f3 freq\u00fcent.<\/p>\n","protected":false},"featured_media":15412,"comment_status":"open","ping_status":"closed","template":"","meta":[],"product_cat":[227,232],"product_tag":[],"brands":[{"id":312,"name":"ARENA","slug":"arena"}],"_links":{"self":[{"href":"https:\/\/crawl.es\/ca\/wp-json\/wp\/v2\/product\/14312"}],"collection":[{"href":"https:\/\/crawl.es\/ca\/wp-json\/wp\/v2\/product"}],"about":[{"href":"https:\/\/crawl.es\/ca\/wp-json\/wp\/v2\/types\/product"}],"replies":[{"embeddable":true,"href":"https:\/\/crawl.es\/ca\/wp-json\/wp\/v2\/comments?post=14312"}],"wp:featuredmedia":[{"embeddable":true,"href":"https:\/\/crawl.es\/ca\/wp-json\/wp\/v2\/media\/15412"}],"wp:attachment":[{"href":"https:\/\/crawl.es\/ca\/wp-json\/wp\/v2\/media?parent=14312"}],"wp:term":[{"taxonomy":"product_cat","embeddable":true,"href":"https:\/\/crawl.es\/ca\/wp-json\/wp\/v2\/product_cat?post=14312"},{"taxonomy":"product_tag","embeddable":true,"href":"https:\/\/crawl.es\/ca\/wp-json\/wp\/v2\/product_tag?post=14312"}],"curies":[{"name":"wp","href":"https:\/\/api.w.org\/{rel}","templated":true}]}}