{"id":14333,"date":"2025-03-14T10:37:36","date_gmt":"2025-03-14T10:37:36","guid":{"rendered":"https:\/\/crawl.es\/producto\/banador-mujer-team-swim-pro-liso-dark-sage-artic-lime-crawl\/"},"modified":"2025-03-14T10:37:36","modified_gmt":"2025-03-14T10:37:36","slug":"banador-mujer-team-swim-pro-liso-dark-sage-artic-lime-crawl","status":"publish","type":"product","link":"https:\/\/crawl.es\/ca\/producto\/banador-mujer-team-swim-pro-liso-dark-sage-artic-lime-crawl\/","title":{"rendered":"Banyador Dona Team Swim Pro Llis DARK SAGE-ARTIC LIME | Crawl"},"content":{"rendered":"<p>Mai et cansar\u00e0s de portar el nostre Banyador d&#8217;Una Pe\u00e7a Team Swim Pro. \u00c9s un banyador n\u00edtid i professional amb detalls minimalistes. Fabricat amb el nostre teixit de nataci\u00f3 m\u00e9s durador, pots veure&#8217;l en nedadors d&#8217;elit i membres de federacions de nataci\u00f3 quan s&#8217;entrenen. Est\u00e0 disponible en una gamma de colors llisos i t\u00e9 un acabat senzill amb el nostre nom en blanc just a sota de l&#8217;escot.<\/p>\n<p>\u00a0<\/p>\n<p>Per qu\u00e8 t&#8217;encantar\u00e0:<\/p>\n<p>Excel\u00b7lent resist\u00e8ncia al clor<\/p>\n<p>Assecat r\u00e0pid<\/p>\n<p>Llibertat de moviment<\/p>\n<p>Durabilitat extrema<\/p>\n<p>\u00c0mplia gamma de colors<\/p>\n<p>\u00a0<\/p>\n<p>Teixit<\/p>\n<p>Fabricat amb un 50% de poli\u00e8ster reciclat, MaxLife Eco \u00e9s un teixit d&#8217;origen responsable. Aquest teixit ofereix la m\u00e0xima resist\u00e8ncia al clor, de manera que pots estar segur que el banyador del teu fill durar\u00e0. S&#8217;asseca r\u00e0pidament i t\u00e9 protecci\u00f3 contra els raigs UV per a m\u00e9s comoditat i cobertura.<\/p>\n","protected":false},"excerpt":{"rendered":"<p>Mai et cansar\u00e0s de portar el nostre Banyador d&#8217;Una Pe\u00e7a Team Swim Pro. \u00c9s un banyador n\u00edtid i professional amb detalls minimalistes. Fabricat amb el nostre teixit de nataci\u00f3 m\u00e9s durador, pots veure&#8217;l en nedadors d&#8217;elit i membres de federacions de nataci\u00f3 quan s&#8217;entrenen. Est\u00e0 disponible en una gamma de colors llisos i t\u00e9 un acabat senzill amb el nostre nom en blanc just a sota de l&#8217;escot.<\/p>\n","protected":false},"featured_media":14332,"comment_status":"open","ping_status":"closed","template":"","meta":[],"product_cat":[227,232],"product_tag":[],"brands":[{"id":312,"name":"ARENA","slug":"arena"}],"_links":{"self":[{"href":"https:\/\/crawl.es\/ca\/wp-json\/wp\/v2\/product\/14333"}],"collection":[{"href":"https:\/\/crawl.es\/ca\/wp-json\/wp\/v2\/product"}],"about":[{"href":"https:\/\/crawl.es\/ca\/wp-json\/wp\/v2\/types\/product"}],"replies":[{"embeddable":true,"href":"https:\/\/crawl.es\/ca\/wp-json\/wp\/v2\/comments?post=14333"}],"wp:featuredmedia":[{"embeddable":true,"href":"https:\/\/crawl.es\/ca\/wp-json\/wp\/v2\/media\/14332"}],"wp:attachment":[{"href":"https:\/\/crawl.es\/ca\/wp-json\/wp\/v2\/media?parent=14333"}],"wp:term":[{"taxonomy":"product_cat","embeddable":true,"href":"https:\/\/crawl.es\/ca\/wp-json\/wp\/v2\/product_cat?post=14333"},{"taxonomy":"product_tag","embeddable":true,"href":"https:\/\/crawl.es\/ca\/wp-json\/wp\/v2\/product_tag?post=14333"}],"curies":[{"name":"wp","href":"https:\/\/api.w.org\/{rel}","templated":true}]}}