{"id":14424,"date":"2025-03-18T10:22:21","date_gmt":"2025-03-18T10:22:21","guid":{"rendered":"https:\/\/crawl.es\/?post_type=product&#038;p=14424"},"modified":"2025-11-13T18:11:15","modified_gmt":"2025-11-13T18:11:15","slug":"gafas-speedo-hydrosity-2-0-junior-crawl","status":"publish","type":"product","link":"https:\/\/crawl.es\/ca\/producto\/gafas-speedo-hydrosity-2-0-junior-crawl\/","title":{"rendered":"GAFAS SPEEDO HYDROSITY 2.0 JUNIOR | Crawl"},"content":{"rendered":"<p>Presentamos las NUEVAS gafas Hydrosity 2.0 Junior, con juntas suaves y una lente envolvente para una comodidad duradera y una visi\u00f3n perif\u00e9rica excepcional. Con un mecanismo de doble presi\u00f3n para un ajuste f\u00e1cil, una correa dividida y un puente nasal moldeado para una mayor holgura y un ajuste perfecto, estas gafas tienen todo lo que los nadadores j\u00f3venes necesitan para nadar de maravilla. Como todas las gafas Speedo, estas ofrecen protecci\u00f3n UV 100 % e incluyen un revestimiento antivaho.<\/p>\n<p>\u00a0<\/p>\n<p>Caracter\u00edsticas y ventajas<\/p>\n<p>Mecanismo de doble presi\u00f3n para un ajuste r\u00e1pido y f\u00e1cil<\/p>\n<p>Correa dividida para un ajuste m\u00e1s c\u00f3modo<\/p>\n<p>Antivaho<\/p>\n<p>100 % protecci\u00f3n UV<\/p>\n<p>Sin l\u00e1tex<\/p>\n<p>Sin PVC<\/p>\n<p>\u00a0<\/p>\n<p>Composici\u00f3n y tecnolog\u00eda del material<\/p>\n<p>LENTE: PC<\/p>\n<p>SELLADO: Silicona<\/p>\n<p>CORREA: TPR<\/p>\n","protected":false},"excerpt":{"rendered":"<p>Presentamos las NUEVAS gafas Hydrosity 2.0 Junior, con juntas suaves y una lente envolvente para una comodidad duradera y una visi\u00f3n perif\u00e9rica excepcional. Con un mecanismo de doble presi\u00f3n para un ajuste f\u00e1cil, una correa dividida y un puente nasal moldeado para una mayor holgura y un ajuste perfecto.<\/p>\n","protected":false},"featured_media":14425,"comment_status":"open","ping_status":"closed","template":"","meta":[],"product_cat":[65,21],"product_tag":[],"brands":[{"id":307,"name":"Speedo","slug":"speedo"}],"_links":{"self":[{"href":"https:\/\/crawl.es\/ca\/wp-json\/wp\/v2\/product\/14424"}],"collection":[{"href":"https:\/\/crawl.es\/ca\/wp-json\/wp\/v2\/product"}],"about":[{"href":"https:\/\/crawl.es\/ca\/wp-json\/wp\/v2\/types\/product"}],"replies":[{"embeddable":true,"href":"https:\/\/crawl.es\/ca\/wp-json\/wp\/v2\/comments?post=14424"}],"wp:featuredmedia":[{"embeddable":true,"href":"https:\/\/crawl.es\/ca\/wp-json\/wp\/v2\/media\/14425"}],"wp:attachment":[{"href":"https:\/\/crawl.es\/ca\/wp-json\/wp\/v2\/media?parent=14424"}],"wp:term":[{"taxonomy":"product_cat","embeddable":true,"href":"https:\/\/crawl.es\/ca\/wp-json\/wp\/v2\/product_cat?post=14424"},{"taxonomy":"product_tag","embeddable":true,"href":"https:\/\/crawl.es\/ca\/wp-json\/wp\/v2\/product_tag?post=14424"}],"curies":[{"name":"wp","href":"https:\/\/api.w.org\/{rel}","templated":true}]}}