{"id":14451,"date":"2025-03-19T16:25:34","date_gmt":"2025-03-19T16:25:34","guid":{"rendered":"https:\/\/crawl.es\/producto\/arena-aletes-powerfin-pro-ii-crawl-3\/"},"modified":"2025-03-19T16:25:34","modified_gmt":"2025-03-19T16:25:34","slug":"arena-aletes-powerfin-pro-ii-crawl-3","status":"publish","type":"product","link":"https:\/\/crawl.es\/ca\/producto\/arena-aletes-powerfin-pro-ii-crawl-3\/","title":{"rendered":"ARENA Aletes Powerfin Pro II | CRAWL"},"content":{"rendered":"<p>Millora la teva t\u00e8cnica de puntada de peu i la for\u00e7a de la part inferior del cos amb les nostres aletes Powerfin Pro II. Estan dissenyades amb una pala curta i inclinada per maximitzar l&#8217;empenta cap endavant, mentre que l&#8217;obertura oberta del tal\u00f3 i la puntera garanteixen flexibilitat, puntades de peu m\u00e9s r\u00e0pides i comoditat. Personalitzades per al peu esquerre i dret, cada aleta t\u00e9 els laterals estriats per millorar el control.<\/p>\n<p>\u00a0<\/p>\n<p>Entrenament competitiu<\/p>\n<p>Creat per a llargues hores a l&#8217;aigua i rendiment hidrodin\u00e0mic.<\/p>\n<p>\u00a0<\/p>\n<p>Unisex<\/p>\n<p>Adequat per a qualsevol g\u00e8nere.<\/p>\n<p>\u00a0<\/p>\n<p>Lliure de PVC<\/p>\n<p>Fabricat sense utilitzar clorur de polivinil, un pl\u00e0stic altament t\u00f2xic.<\/p>\n<p>\u00a0<\/p>\n<p>Composici\u00f3 del material<\/p>\n<p>100% Silicona<\/p>\n","protected":false},"excerpt":{"rendered":"<p>Millora la teva t\u00e8cnica de puntada de peu i la for\u00e7a de la part inferior del cos amb les nostres aletes Powerfin Pro II. Estan dissenyades amb una pala curta i inclinada per maximitzar l&#8217;empenta cap endavant, mentre que l&#8217;obertura oberta del tal\u00f3 i la puntera garanteixen flexibilitat, puntades de peu m\u00e9s r\u00e0pides i comoditat. Personalitzades per al peu esquerre i dret, cada aleta t\u00e9 els laterals estriats per millorar el control.<\/p>\n","protected":false},"featured_media":14448,"comment_status":"open","ping_status":"closed","template":"","meta":[],"product_cat":[134,139],"product_tag":[],"brands":[{"id":312,"name":"ARENA","slug":"arena"}],"_links":{"self":[{"href":"https:\/\/crawl.es\/ca\/wp-json\/wp\/v2\/product\/14451"}],"collection":[{"href":"https:\/\/crawl.es\/ca\/wp-json\/wp\/v2\/product"}],"about":[{"href":"https:\/\/crawl.es\/ca\/wp-json\/wp\/v2\/types\/product"}],"replies":[{"embeddable":true,"href":"https:\/\/crawl.es\/ca\/wp-json\/wp\/v2\/comments?post=14451"}],"wp:featuredmedia":[{"embeddable":true,"href":"https:\/\/crawl.es\/ca\/wp-json\/wp\/v2\/media\/14448"}],"wp:attachment":[{"href":"https:\/\/crawl.es\/ca\/wp-json\/wp\/v2\/media?parent=14451"}],"wp:term":[{"taxonomy":"product_cat","embeddable":true,"href":"https:\/\/crawl.es\/ca\/wp-json\/wp\/v2\/product_cat?post=14451"},{"taxonomy":"product_tag","embeddable":true,"href":"https:\/\/crawl.es\/ca\/wp-json\/wp\/v2\/product_tag?post=14451"}],"curies":[{"name":"wp","href":"https:\/\/api.w.org\/{rel}","templated":true}]}}