{"id":14454,"date":"2025-03-18T12:06:16","date_gmt":"2025-03-18T12:06:16","guid":{"rendered":"https:\/\/crawl.es\/producto\/banador-arena-short-spider-web-negro-crawl\/"},"modified":"2025-03-20T09:09:27","modified_gmt":"2025-03-20T09:09:27","slug":"banador-arena-short-spider-web-negro-crawl","status":"publish","type":"product","link":"https:\/\/crawl.es\/ca\/producto\/banador-arena-short-spider-web-negro-crawl\/","title":{"rendered":"Banyador Arena Short Spider Web &#8211; Negre | Crawl"},"content":{"rendered":"<p>Ultrac\u00f2mode i ultramodern! Gaudeix de laigua amb aquest el\u00e0stic banyador short sorra Spider Web per a home que sajusta com una segona pell. Forma part de la c\u00f2moda l\u00ednia sorra Feel i \u00e9s ideal per a nedadors de fitness i de lleure, per realitzar qualsevol activitat aqu\u00e0tica a la piscina, a la platja i en qualsevol altre entorn aqu\u00e0tic. El teixit MaxFit Eco amb protecci\u00f3 UV UPF 50+ integrada \u00e9s resistent al clor ia l&#8217;aigua salada. El teixit el\u00e0stic en 4 direccions garanteix un ajustament perfecte, una llibertat de moviment m\u00e0xima i una extraordin\u00e0ria comoditat. \u00c9s l&#8217;evoluci\u00f3 respectuosa amb el medi ambient del teixit MaxFit de sorra i est\u00e0 fet de poliamida reciclada. Amb suau folre davanter i cord\u00f3 intern ajustable per a un ajustament excel\u00b7lent. Longitud lateral: 27 cm. La certificaci\u00f3 STANDARD 100 d&#8217;OEKO-TEX\u00ae del teixit significa que ha estat sotm\u00e8s a una prova de subst\u00e0ncies nocives que garanteix que \u00e9s inofensiu per a la salut humana i per al medi ambient.<\/p>\n<p>\u00a0<\/p>\n<p>Composici\u00f3: 80% poliamida, 20% elast\u00e0 (teixit respectu\u00f3s amb el medi ambient: el 100% de la poliamida \u00e9s reciclada)<\/p>\n<p>\u00a0<\/p>\n<p>Rentat:Rentar a m\u00e0,No fer servir lleixiu,No assecar,No planxar,Neteja professional en sec a: percloroetil\u00e8, hidrocarburs. Peces delicades<\/p>\n","protected":false},"excerpt":{"rendered":"<p>Ultrac\u00f2mode i ultramodern! Gaudeix de laigua amb aquest el\u00e0stic banyador short sorra Spider Web per a home que sajusta com una segona pell. Forma part de la c\u00f2moda l\u00ednia sorra Feel i \u00e9s ideal per a nedadors de fitness i de lleure, per realitzar qualsevol activitat aqu\u00e0tica a la piscina, a la platja i en qualsevol altre entorn aqu\u00e0tic.<\/p>\n","protected":false},"featured_media":14433,"comment_status":"open","ping_status":"closed","template":"","meta":[],"product_cat":[147],"product_tag":[],"brands":[{"id":312,"name":"ARENA","slug":"arena"}],"_links":{"self":[{"href":"https:\/\/crawl.es\/ca\/wp-json\/wp\/v2\/product\/14454"}],"collection":[{"href":"https:\/\/crawl.es\/ca\/wp-json\/wp\/v2\/product"}],"about":[{"href":"https:\/\/crawl.es\/ca\/wp-json\/wp\/v2\/types\/product"}],"replies":[{"embeddable":true,"href":"https:\/\/crawl.es\/ca\/wp-json\/wp\/v2\/comments?post=14454"}],"wp:featuredmedia":[{"embeddable":true,"href":"https:\/\/crawl.es\/ca\/wp-json\/wp\/v2\/media\/14433"}],"wp:attachment":[{"href":"https:\/\/crawl.es\/ca\/wp-json\/wp\/v2\/media?parent=14454"}],"wp:term":[{"taxonomy":"product_cat","embeddable":true,"href":"https:\/\/crawl.es\/ca\/wp-json\/wp\/v2\/product_cat?post=14454"},{"taxonomy":"product_tag","embeddable":true,"href":"https:\/\/crawl.es\/ca\/wp-json\/wp\/v2\/product_tag?post=14454"}],"curies":[{"name":"wp","href":"https:\/\/api.w.org\/{rel}","templated":true}]}}