{"id":14458,"date":"2021-03-18T10:32:59","date_gmt":"2025-03-18T10:32:59","guid":{"rendered":"https:\/\/crawl.es\/producto\/ulleres-speedo-hydrosity-2-0-junior-crawl\/"},"modified":"2025-03-18T10:32:59","modified_gmt":"2025-03-18T10:32:59","slug":"ulleres-speedo-hydrosity-2-0-junior-crawl","status":"publish","type":"product","link":"https:\/\/crawl.es\/ca\/producto\/ulleres-speedo-hydrosity-2-0-junior-crawl\/","title":{"rendered":"ULLERES SPEEDO HYDROSITY 2.0 JUNIOR | Crawl"},"content":{"rendered":"<p>Presentem les NOVES ulleres Hydrosity 2.0 Junior, amb juntes suaus i una lent envoltant per a una comoditat duradora i una visi\u00f3 perif\u00e8rica excepcional. Amb un mecanisme de doble pressi\u00f3 per a un ajustament f\u00e0cil, una corretja dividida i un pont nasal modelat per a m\u00e9s comoditat i un ajustament perfecte, aquestes ulleres tenen tot el que els nedadors joves necessiten per nedar de meravella. Com totes les ulleres Speedo, aquestes ofereixen protecci\u00f3 UV 100% i inclouen un revestiment antibaf.<\/p>\n<p>\u00a0<\/p>\n<p>Caracter\u00edstiques i avantatges<\/p>\n<p>Mecanisme de doble pressi\u00f3 per a un ajustament r\u00e0pid i f\u00e0cil<\/p>\n<p>Corretja dividida per a un ajustament m\u00e9s c\u00f2mode<\/p>\n<p>Antibaf<\/p>\n<p>100% protecci\u00f3 UV<\/p>\n<p>Sense l\u00e0tex<\/p>\n<p>Sense PVC<\/p>\n<p>Composici\u00f3 i tecnologia del material<\/p>\n<p>\u00a0<\/p>\n<p>LENT: PC<\/p>\n<p>SEGELLAT: Silicona<\/p>\n<p>CORRETJA: TPR<\/p>\n","protected":false},"excerpt":{"rendered":"<p>Presentem les NOVES ulleres Hydrosity 2.0 Junior, amb juntes suaus i una lent envoltant per a una comoditat duradora i una visi\u00f3 perif\u00e8rica excepcional. Amb un mecanisme de doble pressi\u00f3 per a un ajustament f\u00e0cil, una corretja dividida i un pont nasal modelat per a una major comoditat i un ajustament perfecte.<\/p>\n","protected":false},"featured_media":14429,"comment_status":"open","ping_status":"closed","template":"","meta":[],"product_cat":[134,135],"product_tag":[],"brands":[{"id":307,"name":"Speedo","slug":"speedo"}],"_links":{"self":[{"href":"https:\/\/crawl.es\/ca\/wp-json\/wp\/v2\/product\/14458"}],"collection":[{"href":"https:\/\/crawl.es\/ca\/wp-json\/wp\/v2\/product"}],"about":[{"href":"https:\/\/crawl.es\/ca\/wp-json\/wp\/v2\/types\/product"}],"replies":[{"embeddable":true,"href":"https:\/\/crawl.es\/ca\/wp-json\/wp\/v2\/comments?post=14458"}],"wp:featuredmedia":[{"embeddable":true,"href":"https:\/\/crawl.es\/ca\/wp-json\/wp\/v2\/media\/14429"}],"wp:attachment":[{"href":"https:\/\/crawl.es\/ca\/wp-json\/wp\/v2\/media?parent=14458"}],"wp:term":[{"taxonomy":"product_cat","embeddable":true,"href":"https:\/\/crawl.es\/ca\/wp-json\/wp\/v2\/product_cat?post=14458"},{"taxonomy":"product_tag","embeddable":true,"href":"https:\/\/crawl.es\/ca\/wp-json\/wp\/v2\/product_tag?post=14458"}],"curies":[{"name":"wp","href":"https:\/\/api.w.org\/{rel}","templated":true}]}}