{"id":14466,"date":"2025-03-12T10:18:09","date_gmt":"2025-03-12T10:18:09","guid":{"rendered":"https:\/\/crawl.es\/producto\/banyador-dona-llis-lligat-esquena-tie-back-mari-vermell-crawl\/"},"modified":"2025-03-12T10:18:09","modified_gmt":"2025-03-12T10:18:09","slug":"banyador-dona-llis-lligat-esquena-tie-back-mari-vermell-crawl","status":"publish","type":"product","link":"https:\/\/crawl.es\/ca\/producto\/banyador-dona-llis-lligat-esquena-tie-back-mari-vermell-crawl\/","title":{"rendered":"Banyador Dona Llis Lligat Esquena TIE BACK\/ Mar\u00ed-Vermell \/Crawl"},"content":{"rendered":"<p>Aporta un toc d&#8217;energia als teus entrenaments matutins amb aquest banyador impressionant lligat a l&#8217;esquena, caracteritzat pel seu disseny llis de color mar\u00ed i tirants vermells en contrast. Aquest banyador, \u00edntegrament folrat amb un teixit de color mar\u00ed per oferir m\u00e9s comoditat i evitar possibles transpar\u00e8ncies, combina un disseny de lligar a l&#8217;esquena, totalment ajustable, amb uns camals de tall extraalt per oferir una flexibilitat, estil i comoditat immillorables. Aquest model est\u00e0 confeccionat amb el nostre teixit Endurance+, un teixit resistent i d&#8217;assecat r\u00e0pid, 100% resistent al clor. A m\u00e9s, un dels fils que componen aquest teixit est\u00e0 \u00edntegrament elaborat a base de residus postconsum, com a ampolles de pl\u00e0stic reciclades.<\/p>\n<p>\u00a0<\/p>\n<p>Compta amb camals molt alts per garantir la m\u00e0xima llibertat de moviment mentre nedes a qualsevol estil.<\/p>\n<p>Folre integral per oferir comoditat i discreci\u00f3.<\/p>\n<p>Teixit 100% resistent al clor per maximitzar la durabilitat de la pe\u00e7a i contribuir a la preservaci\u00f3 dels colors, que romandran m\u00e9s brillants durant m\u00e9s temps.<\/p>\n<p>Tecnologia d&#8217;assecatge r\u00e0pid per agilitzar-ne l&#8217;assecatge despr\u00e9s de nedar.<\/p>\n<p>Un dels fils del teixit \u00edntegrament elaborat a base de residus postconsum, com a ampolles de pl\u00e0stic reciclades.<\/p>\n","protected":false},"excerpt":{"rendered":"<p>Aporta un toc d&#8217;energia als teus entrenaments matutins amb aquest banyador impressionant lligat a l&#8217;esquena, caracteritzat pel seu disseny llis de color morat i tirants vermells en contrast. Aquest banyador, \u00edntegrament folrat amb un teixit de color vermell s\u00edndria per oferir m\u00e9s comoditat i evitar possibles transpar\u00e8ncies, combina un disseny de lligar a l&#8217;esquena, totalment ajustable, amb uns camals de tall extraalt per oferir una flexibilitat, estil i comoditat immillorables. Aquest model est\u00e0 confeccionat amb el nostre teixit Endurance+, un teixit resistent i d&#8217;assecat r\u00e0pid, 100% resistent al clor. A m\u00e9s, un dels fils que componen aquest teixit est\u00e0 \u00edntegrament elaborat a base de residus postconsum, com a ampolles de pl\u00e0stic reciclades.<\/p>\n<p>\u00a0<\/p>\n<p>Compta amb camals molt alts per garantir la m\u00e0xima llibertat de moviment mentre nedes a qualsevol estil.<\/p>\n<p>Folre integral en un color cridaner per oferir comoditat i discreci\u00f3.<\/p>\n<p>Teixit 100% resistent al clor per maximitzar la durabilitat de la pe\u00e7a i contribuir a la preservaci\u00f3 dels colors, que romandran m\u00e9s brillants durant m\u00e9s temps.<\/p>\n<p>Tecnologia d&#8217;assecatge r\u00e0pid per agilitzar-ne l&#8217;assecatge despr\u00e9s de nedar.<\/p>\n<p>Un dels fils del teixit \u00edntegrament elaborat a base de residus postconsum, com a ampolles de pl\u00e0stic reciclades.<\/p>\n","protected":false},"featured_media":14229,"comment_status":"open","ping_status":"closed","template":"","meta":[],"product_cat":[227,231,232,234],"product_tag":[],"brands":[{"id":307,"name":"Speedo","slug":"speedo"}],"_links":{"self":[{"href":"https:\/\/crawl.es\/ca\/wp-json\/wp\/v2\/product\/14466"}],"collection":[{"href":"https:\/\/crawl.es\/ca\/wp-json\/wp\/v2\/product"}],"about":[{"href":"https:\/\/crawl.es\/ca\/wp-json\/wp\/v2\/types\/product"}],"replies":[{"embeddable":true,"href":"https:\/\/crawl.es\/ca\/wp-json\/wp\/v2\/comments?post=14466"}],"wp:featuredmedia":[{"embeddable":true,"href":"https:\/\/crawl.es\/ca\/wp-json\/wp\/v2\/media\/14229"}],"wp:attachment":[{"href":"https:\/\/crawl.es\/ca\/wp-json\/wp\/v2\/media?parent=14466"}],"wp:term":[{"taxonomy":"product_cat","embeddable":true,"href":"https:\/\/crawl.es\/ca\/wp-json\/wp\/v2\/product_cat?post=14466"},{"taxonomy":"product_tag","embeddable":true,"href":"https:\/\/crawl.es\/ca\/wp-json\/wp\/v2\/product_tag?post=14466"}],"curies":[{"name":"wp","href":"https:\/\/api.w.org\/{rel}","templated":true}]}}