{"id":14491,"date":"2021-02-08T10:38:15","date_gmt":"2021-02-08T10:38:15","guid":{"rendered":"https:\/\/crawl.es\/producto\/turbo-banyador-jammer-origami-home-crawl\/"},"modified":"2021-02-08T10:38:15","modified_gmt":"2021-02-08T10:38:15","slug":"turbo-banyador-jammer-origami-home-crawl","status":"publish","type":"product","link":"https:\/\/crawl.es\/ca\/producto\/turbo-banyador-jammer-origami-home-crawl\/","title":{"rendered":"Turbo Banyador Jammer &#8220;Origami&#8221; Home | Crawl"},"content":{"rendered":"<p>Aquest banyador Turbo est\u00e0 especialment dissenyat per a la pr\u00e0ctica de la Nataci\u00f3. El patr\u00f3 ajustable fa que s&#8217;adapti perfectament a les corbes del cos. Est\u00e0 confeccionat amb el millor teixit del mercat amb una doble capa de folre davanter parcial. \u00c9s resistent al clor de la piscina i als raigs UV. I per aix\u00f2, la intensitat dels colors es mant\u00e9 amb l&#8217;\u00fas repetit en el temps. \u00c9s considerat un dels banyadors m\u00e9s resistents del m\u00f3n.<\/p>\n<p>Caracter\u00edstiques destacables:<\/p>\n<p>&#8211; Costures refor\u00e7ades<\/p>\n<p>&#8211; Cord\u00f3 regulable<\/p>\n<p>&#8211; Folre davanter parcial<\/p>\n<p>&#8211; Llarg lateral: 38 cm (prenent la Talla \u2018M\u2019 com a refer\u00e8ncia)<\/p>\n<p>&#8211; Resistent al clor<\/p>\n<p>&#8211; Colors duradors<\/p>\n<p>&#8211; Composici\u00f3: 55% poli\u00e8ster PBT, 45% poli\u00e8ster<\/p>\n<p>\u00das recomanat: &#8211; Banyador perfecte per a la pr\u00e0ctica de la Nataci\u00f3 com a banyador d&#8217;entrenament. Gr\u00e0cies a la seva gran adaptabilitat al cos, no arrossega aigua en nedar i ho fa una opci\u00f3 comod\u00edssima per a \u00fas diari. En tenir un \u00fanic folre davanter, el banyador no exerceix una pressi\u00f3 excessiva sobre el cos i es pot fer servir durant moltes hores amb una comoditat absoluta. *Aquest article t\u00e9 un tallatge similar al d&#8217;altres marques i recomanem triar la mateixa talla que se sol fer servir. Tot i aix\u00f2, el tallatge \u00e9s lleugerament superior si es compara amb els banyadors Turbo de la secci\u00f3 de Water Polo, que solen ser m\u00e9s petits del que \u00e9s habitual.<\/p>\n","protected":false},"excerpt":{"rendered":"<p>El banyador Jammer &#8220;Origami&#8221; de Turbo per a home ofereix un ajustament aerodin\u00e0mic i un disseny modern. Perfecte per a nedadors que busquen rendiment i estil durant entrenaments i competicions.<\/p>\n<p>Ref: 73083216<\/p>\n","protected":false},"featured_media":1844,"comment_status":"open","ping_status":"closed","template":"","meta":[],"product_cat":[148,147,152,154],"product_tag":[],"brands":[{"id":22,"name":"Turbo","slug":"turbo"}],"_links":{"self":[{"href":"https:\/\/crawl.es\/ca\/wp-json\/wp\/v2\/product\/14491"}],"collection":[{"href":"https:\/\/crawl.es\/ca\/wp-json\/wp\/v2\/product"}],"about":[{"href":"https:\/\/crawl.es\/ca\/wp-json\/wp\/v2\/types\/product"}],"replies":[{"embeddable":true,"href":"https:\/\/crawl.es\/ca\/wp-json\/wp\/v2\/comments?post=14491"}],"wp:featuredmedia":[{"embeddable":true,"href":"https:\/\/crawl.es\/ca\/wp-json\/wp\/v2\/media\/1844"}],"wp:attachment":[{"href":"https:\/\/crawl.es\/ca\/wp-json\/wp\/v2\/media?parent=14491"}],"wp:term":[{"taxonomy":"product_cat","embeddable":true,"href":"https:\/\/crawl.es\/ca\/wp-json\/wp\/v2\/product_cat?post=14491"},{"taxonomy":"product_tag","embeddable":true,"href":"https:\/\/crawl.es\/ca\/wp-json\/wp\/v2\/product_tag?post=14491"}],"curies":[{"name":"wp","href":"https:\/\/api.w.org\/{rel}","templated":true}]}}