{"id":14597,"date":"2025-03-26T09:56:24","date_gmt":"2025-03-26T09:56:25","guid":{"rendered":"https:\/\/crawl.es\/?post_type=product&#038;p=14597"},"modified":"2025-03-28T09:23:02","modified_gmt":"2025-03-28T09:23:02","slug":"arena-new-elite-hand-paddle-crawl-copia","status":"publish","type":"product","link":"https:\/\/crawl.es\/ca\/producto\/arena-new-elite-hand-paddle-crawl-copia\/","title":{"rendered":"Arena New Elite Hand Paddle | CRAWL"},"content":{"rendered":"<p>Millora la sensaci\u00f3 de les teves bra\u00e7ades mentre desenvolupes la pot\u00e8ncia i la resist\u00e8ncia amb aquest dispositiu professional. La nostra pales de m\u00e0 Elite 2 s&#8217;han actualitzat amb un nou sistema de cordons i una gamma de mides encara m\u00e9s \u00e0mplia per satisfer les necessitats de m\u00e9s nedadors. Aquesta eina tamb\u00e9 proporciona informaci\u00f3 sobre la t\u00e8cnica, deixant clars els defectes per corregir-los. Fabricades en polipropil\u00e8 resistent amb c\u00f2modes corretges de silicona, aquestes pales porten el nostre nom en un color que li d\u00f3na contrast.<\/p>\n<p>REF: 004409<\/p>\n","protected":false},"excerpt":{"rendered":"<p>Millora la sensaci\u00f3 de les teves bra\u00e7ades mentre desenvolupes la pot\u00e8ncia i la resist\u00e8ncia amb aquest dispositiu professional. La nostra pales de m\u00e0 Elite 2 s&#8217;han actualitzat amb un nou sistema de cordons i una gamma de mides encara m\u00e9s \u00e0mplia per satisfer les necessitats de m\u00e9s nedadors.<\/p>\n","protected":false},"featured_media":14602,"comment_status":"open","ping_status":"closed","template":"","meta":[],"product_cat":[134,139],"product_tag":[],"brands":[{"id":307,"name":"Speedo","slug":"speedo"}],"_links":{"self":[{"href":"https:\/\/crawl.es\/ca\/wp-json\/wp\/v2\/product\/14597"}],"collection":[{"href":"https:\/\/crawl.es\/ca\/wp-json\/wp\/v2\/product"}],"about":[{"href":"https:\/\/crawl.es\/ca\/wp-json\/wp\/v2\/types\/product"}],"replies":[{"embeddable":true,"href":"https:\/\/crawl.es\/ca\/wp-json\/wp\/v2\/comments?post=14597"}],"wp:featuredmedia":[{"embeddable":true,"href":"https:\/\/crawl.es\/ca\/wp-json\/wp\/v2\/media\/14602"}],"wp:attachment":[{"href":"https:\/\/crawl.es\/ca\/wp-json\/wp\/v2\/media?parent=14597"}],"wp:term":[{"taxonomy":"product_cat","embeddable":true,"href":"https:\/\/crawl.es\/ca\/wp-json\/wp\/v2\/product_cat?post=14597"},{"taxonomy":"product_tag","embeddable":true,"href":"https:\/\/crawl.es\/ca\/wp-json\/wp\/v2\/product_tag?post=14597"}],"curies":[{"name":"wp","href":"https:\/\/api.w.org\/{rel}","templated":true}]}}