{"id":14616,"date":"2025-03-11T11:26:39","date_gmt":"2025-03-11T11:26:39","guid":{"rendered":"https:\/\/crawl.es\/producto\/speedo-fastskin-hyper-elite-mirror-goggles-white-gold-crawl\/"},"modified":"2025-03-11T11:26:39","modified_gmt":"2025-03-11T11:26:39","slug":"speedo-fastskin-hyper-elite-mirror-goggles-white-gold-crawl","status":"publish","type":"product","link":"https:\/\/crawl.es\/ca\/producto\/speedo-fastskin-hyper-elite-mirror-goggles-white-gold-crawl\/","title":{"rendered":"Speedo Fastskin Hyper Elite Mirror Goggles &#8211; White\/Gold | Crawl"},"content":{"rendered":"<p>Speedo est\u00e0 celebrant una d\u00e8cada de domini: es compleixen 10 anys des del llan\u00e7ament de les ulleres de carreres m\u00e9s exitoses de speedo.<\/p>\n<p>\u00a0<\/p>\n<p>Les noves ulleres de nataci\u00f3 Speedo Fastskin Hyper Elite estan plenes de tecnologies hidrodin\u00e0miques i que milloren el rendiment.<\/p>\n<p>\u00a0<\/p>\n<p>Les ulleres amb mirall Speedo Hyper Elite et donaran confian\u00e7a amb l&#8217;\u00faltima tecnologia en el dia de la cursa.<\/p>\n<p>\u00a0<\/p>\n<p>Desenvolupat en estreta col\u00b7laboraci\u00f3 amb els millors atletes del m\u00f3n i totalment aprovat per la FINA.<\/p>\n","protected":false},"excerpt":{"rendered":"<p>Speedo est\u00e0 celebrant una d\u00e8cada de domini: es compleixen 10 anys des del llan\u00e7ament de les ulleres de carreres m\u00e9s exitoses de speedo.<\/p>\n","protected":false},"featured_media":14187,"comment_status":"open","ping_status":"closed","template":"","meta":[],"product_cat":[134,135],"product_tag":[],"brands":[{"id":307,"name":"Speedo","slug":"speedo"}],"_links":{"self":[{"href":"https:\/\/crawl.es\/ca\/wp-json\/wp\/v2\/product\/14616"}],"collection":[{"href":"https:\/\/crawl.es\/ca\/wp-json\/wp\/v2\/product"}],"about":[{"href":"https:\/\/crawl.es\/ca\/wp-json\/wp\/v2\/types\/product"}],"replies":[{"embeddable":true,"href":"https:\/\/crawl.es\/ca\/wp-json\/wp\/v2\/comments?post=14616"}],"wp:featuredmedia":[{"embeddable":true,"href":"https:\/\/crawl.es\/ca\/wp-json\/wp\/v2\/media\/14187"}],"wp:attachment":[{"href":"https:\/\/crawl.es\/ca\/wp-json\/wp\/v2\/media?parent=14616"}],"wp:term":[{"taxonomy":"product_cat","embeddable":true,"href":"https:\/\/crawl.es\/ca\/wp-json\/wp\/v2\/product_cat?post=14616"},{"taxonomy":"product_tag","embeddable":true,"href":"https:\/\/crawl.es\/ca\/wp-json\/wp\/v2\/product_tag?post=14616"}],"curies":[{"name":"wp","href":"https:\/\/api.w.org\/{rel}","templated":true}]}}