{"id":14644,"date":"2025-03-28T16:50:11","date_gmt":"2025-03-28T16:50:11","guid":{"rendered":"https:\/\/crawl.es\/?post_type=product&#038;p=14644"},"modified":"2025-03-28T16:50:47","modified_gmt":"2025-03-28T16:50:47","slug":"turbo-top-mujer-patron-queen-crawl","status":"publish","type":"product","link":"https:\/\/crawl.es\/ca\/producto\/turbo-top-mujer-patron-queen-crawl\/","title":{"rendered":"Turbo Top Mujer Patron Queen | CRAWL"},"content":{"rendered":"<p>El Turbo Top Mujer Patron Queen est\u00e1 especialmente dise\u00f1ado para la pr\u00e1ctica de la nataci\u00f3n. Confeccionado con el mejor tejido del mercado y un doble forro delantero, es resistente al cloro de la piscina y a los rayos UV. La intensidad de sus colores se mantiene con el uso repetido en el tiempo, siendo considerado uno de los ba\u00f1adores m\u00e1s resistentes del mundo.<\/p>\n<p>\u00a0<\/p>\n<p>Caracter\u00edsticas destacables:<\/p>\n<p>Caracter\u00edsticas destacables:<\/p>\n<p>&#8211; Costuras reforzadas.<\/p>\n<p>&#8211; Forro delantero completo.<\/p>\n<p>&#8211; Resistente al cloro.<\/p>\n<p>&#8211; Colores duraderos.<\/p>\n<p>&#8211; Composici\u00f3n: 55% poli\u00e9ster PBT, 45% poli\u00e9ster.<\/p>\n<p>\u00a0<\/p>\n<p>Uso recomendado:<\/p>\n<p>Perfecto para la pr\u00e1ctica de la nataci\u00f3n como ba\u00f1ador de entrenamiento. Gracias a su gran adaptabilidad al cuerpo, no arrastra agua al nadar, lo que lo convierte en una opci\u00f3n comod\u00edsima para el uso diario.<\/p>\n<p>\u00a0<\/p>\n<p>No pierdas la oportunidad de adquirir el Turbo Top Mujer Patron Queen de CRAWL. \u00a1Compra ahora y disfruta de la mejor calidad en tus actividades acu\u00e1ticas!<\/p>\n","protected":false},"excerpt":{"rendered":"<p>El Turbo Top Mujer Patron Queen est\u00e1 especialmente dise\u00f1ado para la pr\u00e1ctica de la nataci\u00f3n. Confeccionado con el mejor tejido del mercado y un doble forro delantero, es resistente al cloro de la piscina y a los rayos UV. La intensidad de sus colores se&#8230;<\/p>\n","protected":false},"featured_media":14638,"comment_status":"open","ping_status":"closed","template":"","meta":[],"product_cat":[16],"product_tag":[],"brands":[{"id":22,"name":"Turbo","slug":"turbo"}],"_links":{"self":[{"href":"https:\/\/crawl.es\/ca\/wp-json\/wp\/v2\/product\/14644"}],"collection":[{"href":"https:\/\/crawl.es\/ca\/wp-json\/wp\/v2\/product"}],"about":[{"href":"https:\/\/crawl.es\/ca\/wp-json\/wp\/v2\/types\/product"}],"replies":[{"embeddable":true,"href":"https:\/\/crawl.es\/ca\/wp-json\/wp\/v2\/comments?post=14644"}],"wp:featuredmedia":[{"embeddable":true,"href":"https:\/\/crawl.es\/ca\/wp-json\/wp\/v2\/media\/14638"}],"wp:attachment":[{"href":"https:\/\/crawl.es\/ca\/wp-json\/wp\/v2\/media?parent=14644"}],"wp:term":[{"taxonomy":"product_cat","embeddable":true,"href":"https:\/\/crawl.es\/ca\/wp-json\/wp\/v2\/product_cat?post=14644"},{"taxonomy":"product_tag","embeddable":true,"href":"https:\/\/crawl.es\/ca\/wp-json\/wp\/v2\/product_tag?post=14644"}],"curies":[{"name":"wp","href":"https:\/\/api.w.org\/{rel}","templated":true}]}}