{"id":14651,"date":"2025-03-29T09:30:45","date_gmt":"2025-03-29T09:30:45","guid":{"rendered":"https:\/\/crawl.es\/?post_type=product&#038;p=14651"},"modified":"2025-03-29T09:30:46","modified_gmt":"2025-03-29T09:30:46","slug":"tubo-frontal-finis-freestyle-snorkel-crawl","status":"publish","type":"product","link":"https:\/\/crawl.es\/ca\/producto\/tubo-frontal-finis-freestyle-snorkel-crawl\/","title":{"rendered":"Tubo Frontal FINIS Freestyle Snorkel\/ CRAWL"},"content":{"rendered":"<p><span style=\"color: #656d78; font-family: Poppins, sans-serif; font-size: 14px; background-color: #f2f2f2;\">Freestyle Snorkel permite que el nadador se centre en la t\u00e9cnica ya que no necesita girar la cabeza para respirar.Su dise\u00f1o curvado favorece una posici\u00f3n apropiada del cuerpo y su correcta alineaci\u00f3n para maximizar la eficacia de la brazada.<\/span><br style=\"box-sizing: border-box; color: #656d78; font-family: Poppins, sans-serif; font-size: 14px; background-color: #f2f2f2; outline: none !important;\" \/><span style=\"color: #656d78; font-family: Poppins, sans-serif; font-size: 14px; background-color: #f2f2f2;\">Con la estabilidad reforzada, el Freestyle Snorkel permite todo tipo de movimientos, incluso virajes<\/span><\/p>\n","protected":false},"excerpt":{"rendered":"<p>Freestyle Snorkel permite que el nadador se centre en la t\u00e9cnica ya que no necesita girar la cabeza para respirar.Su dise\u00f1o curvado favorece una posici\u00f3n apropiada del cuerpo y su correcta alineaci\u00f3n para maximizar la eficacia de la brazada.Con la estabilidad reforzada, el Freestyle Snorkel&#8230;<\/p>\n","protected":false},"featured_media":14652,"comment_status":"open","ping_status":"closed","template":"","meta":[],"product_cat":[21,69],"product_tag":[],"brands":[{"id":294,"name":"Finis","slug":"finis"}],"_links":{"self":[{"href":"https:\/\/crawl.es\/ca\/wp-json\/wp\/v2\/product\/14651"}],"collection":[{"href":"https:\/\/crawl.es\/ca\/wp-json\/wp\/v2\/product"}],"about":[{"href":"https:\/\/crawl.es\/ca\/wp-json\/wp\/v2\/types\/product"}],"replies":[{"embeddable":true,"href":"https:\/\/crawl.es\/ca\/wp-json\/wp\/v2\/comments?post=14651"}],"wp:featuredmedia":[{"embeddable":true,"href":"https:\/\/crawl.es\/ca\/wp-json\/wp\/v2\/media\/14652"}],"wp:attachment":[{"href":"https:\/\/crawl.es\/ca\/wp-json\/wp\/v2\/media?parent=14651"}],"wp:term":[{"taxonomy":"product_cat","embeddable":true,"href":"https:\/\/crawl.es\/ca\/wp-json\/wp\/v2\/product_cat?post=14651"},{"taxonomy":"product_tag","embeddable":true,"href":"https:\/\/crawl.es\/ca\/wp-json\/wp\/v2\/product_tag?post=14651"}],"curies":[{"name":"wp","href":"https:\/\/api.w.org\/{rel}","templated":true}]}}