{"id":14746,"date":"2025-04-23T16:51:13","date_gmt":"2025-04-23T16:51:13","guid":{"rendered":"https:\/\/crawl.es\/?post_type=product&#038;p=14746"},"modified":"2025-04-23T16:51:15","modified_gmt":"2025-04-23T16:51:15","slug":"banador-turbo-patron-sirene-cyrcle-ref-83201447-crawl","status":"publish","type":"product","link":"https:\/\/crawl.es\/ca\/producto\/banador-turbo-patron-sirene-cyrcle-ref-83201447-crawl\/","title":{"rendered":"BA\u00d1ADOR TURBO PATRON &#8216;SIRENE&#8217; CYRCLE REF: 83201447\/ CRAWL"},"content":{"rendered":"<p style=\"box-sizing: border-box; --tw-translate-x: 0; --tw-translate-y: 0; --tw-rotate: 0; --tw-skew-x: 0; --tw-skew-y: 0; --tw-scale-x: 1; --tw-scale-y: 1; --tw-transform: translateX(var(--tw-translate-x)) translateY(var(--tw-translate-y)) rotate(var(--tw-rotate)) skewX(var(--tw-skew-x)) skewY(var(--tw-skew-y)) scaleX(var(--tw-scale-x)) scaleY(var(--tw-scale-y)); border-color: currentcolor; margin: 0px 0px 10px; padding: 0px; color: #2b2b2b; font-family: Roboto, sans-serif; font-size: 13px; letter-spacing: 0.65px;\">Este ba\u00f1ador Turbo est\u00e1 especialmente dise\u00f1ado para la pr\u00e1ctica de la Nataci\u00f3n, y su espalda se inspir\u00f3 en la Nataci\u00f3n sincronizada. Los tirantes estrechos aportan una total libertad de movimiento y flexibilidad, adapt\u00e1ndose perfectamente al cuerpo de la mujer. Est\u00e1 confeccionado con el mejor tejido del mercado con un doble forro delantero. Es resistente al cloro de la piscina y a los rayos UV. Y por ello, la intensidad de sus colores se mantiene con el uso repetido en el tiempo.<\/p>\n<p style=\"box-sizing: border-box; --tw-translate-x: 0; --tw-translate-y: 0; --tw-rotate: 0; --tw-skew-x: 0; --tw-skew-y: 0; --tw-scale-x: 1; --tw-scale-y: 1; --tw-transform: translateX(var(--tw-translate-x)) translateY(var(--tw-translate-y)) rotate(var(--tw-rotate)) skewX(var(--tw-skew-x)) skewY(var(--tw-skew-y)) scaleX(var(--tw-scale-x)) scaleY(var(--tw-scale-y)); border-color: currentcolor; margin: 0px 0px 10px; padding: 0px; color: #2b2b2b; font-family: Roboto, sans-serif; font-size: 13px; letter-spacing: 0.65px;\">\u00a0 \u00a0 \u00a0 \u00a0 \u00a0 \u00a0 \u00a0 \u00a0 \u00a0 \u00a0 \u00a0 \u00a0 \u00a0 \u00a0 \u00a0 \u00a0\u00a0<\/p>\n<p style=\"box-sizing: border-box; --tw-translate-x: 0; --tw-translate-y: 0; --tw-rotate: 0; --tw-skew-x: 0; --tw-skew-y: 0; --tw-scale-x: 1; --tw-scale-y: 1; --tw-transform: translateX(var(--tw-translate-x)) translateY(var(--tw-translate-y)) rotate(var(--tw-rotate)) skewX(var(--tw-skew-x)) skewY(var(--tw-skew-y)) scaleX(var(--tw-scale-x)) scaleY(var(--tw-scale-y)); border-color: currentcolor; margin: 0px 0px 10px; padding: 0px; color: #2b2b2b; font-family: Roboto, sans-serif; font-size: 13px; letter-spacing: 0.65px;\"><span style=\"box-sizing: border-box; --tw-translate-x: 0; --tw-translate-y: 0; --tw-rotate: 0; --tw-skew-x: 0; --tw-skew-y: 0; --tw-scale-x: 1; --tw-scale-y: 1; --tw-transform: translateX(var(--tw-translate-x)) translateY(var(--tw-translate-y)) rotate(var(--tw-rotate)) skewX(var(--tw-skew-x)) skewY(var(--tw-skew-y)) scaleX(var(--tw-scale-x)) scaleY(var(--tw-scale-y)); border-color: currentcolor; color: #2445a2;\"><span style=\"box-sizing: border-box; --tw-translate-x: 0; --tw-translate-y: 0; --tw-rotate: 0; --tw-skew-x: 0; --tw-skew-y: 0; --tw-scale-x: 1; --tw-scale-y: 1; --tw-transform: translateX(var(--tw-translate-x)) translateY(var(--tw-translate-y)) rotate(var(--tw-rotate)) skewX(var(--tw-skew-x)) skewY(var(--tw-skew-y)) scaleX(var(--tw-scale-x)) scaleY(var(--tw-scale-y)); border-color: currentcolor; font-weight: bold;\">Es considerado uno de los ba\u00f1adores m\u00e1s resistentes del mundo.\u00a0<\/span><\/span><\/p>\n<p style=\"box-sizing: border-box; --tw-translate-x: 0; --tw-translate-y: 0; --tw-rotate: 0; --tw-skew-x: 0; --tw-skew-y: 0; --tw-scale-x: 1; --tw-scale-y: 1; --tw-transform: translateX(var(--tw-translate-x)) translateY(var(--tw-translate-y)) rotate(var(--tw-rotate)) skewX(var(--tw-skew-x)) skewY(var(--tw-skew-y)) scaleX(var(--tw-scale-x)) scaleY(var(--tw-scale-y)); border-color: currentcolor; margin: 0px 0px 10px; padding: 0px; color: #2b2b2b; font-family: Roboto, sans-serif; font-size: 13px; letter-spacing: 0.65px;\">\u00a0 \u00a0 \u00a0 \u00a0 \u00a0 \u00a0 \u00a0 \u00a0 \u00a0 \u00a0 \u00a0 \u00a0 \u00a0 \u00a0 \u00a0 \u00a0 \u00a0 \u00a0<\/p>\n<p style=\"box-sizing: border-box; --tw-translate-x: 0; --tw-translate-y: 0; --tw-rotate: 0; --tw-skew-x: 0; --tw-skew-y: 0; --tw-scale-x: 1; --tw-scale-y: 1; --tw-transform: translateX(var(--tw-translate-x)) translateY(var(--tw-translate-y)) rotate(var(--tw-rotate)) skewX(var(--tw-skew-x)) skewY(var(--tw-skew-y)) scaleX(var(--tw-scale-x)) scaleY(var(--tw-scale-y)); border-color: currentcolor; margin: 0px 0px 10px; padding: 0px; color: #2b2b2b; font-family: Roboto, sans-serif; font-size: 13px; letter-spacing: 0.65px;\"><span style=\"box-sizing: border-box; --tw-translate-x: 0; --tw-translate-y: 0; --tw-rotate: 0; --tw-skew-x: 0; --tw-skew-y: 0; --tw-scale-x: 1; --tw-scale-y: 1; --tw-transform: translateX(var(--tw-translate-x)) translateY(var(--tw-translate-y)) rotate(var(--tw-rotate)) skewX(var(--tw-skew-x)) skewY(var(--tw-skew-y)) scaleX(var(--tw-scale-x)) scaleY(var(--tw-scale-y)); border-color: currentcolor; color: #2445a2;\"><span style=\"box-sizing: border-box; --tw-translate-x: 0; --tw-translate-y: 0; --tw-rotate: 0; --tw-skew-x: 0; --tw-skew-y: 0; --tw-scale-x: 1; --tw-scale-y: 1; --tw-transform: translateX(var(--tw-translate-x)) translateY(var(--tw-translate-y)) rotate(var(--tw-rotate)) skewX(var(--tw-skew-x)) skewY(var(--tw-skew-y)) scaleX(var(--tw-scale-x)) scaleY(var(--tw-scale-y)); border-color: currentcolor; font-weight: bold;\">Caracter\u00edsticas destacables:<\/span><\/span><\/p>\n<p style=\"box-sizing: border-box; --tw-translate-x: 0; --tw-translate-y: 0; --tw-rotate: 0; --tw-skew-x: 0; --tw-skew-y: 0; --tw-scale-x: 1; --tw-scale-y: 1; --tw-transform: translateX(var(--tw-translate-x)) translateY(var(--tw-translate-y)) rotate(var(--tw-rotate)) skewX(var(--tw-skew-x)) skewY(var(--tw-skew-y)) scaleX(var(--tw-scale-x)) scaleY(var(--tw-scale-y)); border-color: currentcolor; margin: 0px 0px 10px; padding: 0px; color: #2b2b2b; font-family: Roboto, sans-serif; font-size: 13px; letter-spacing: 0.65px;\">&#8211; Tirantes finos<\/p>\n<p style=\"box-sizing: border-box; --tw-translate-x: 0; --tw-translate-y: 0; --tw-rotate: 0; --tw-skew-x: 0; --tw-skew-y: 0; --tw-scale-x: 1; --tw-scale-y: 1; --tw-transform: translateX(var(--tw-translate-x)) translateY(var(--tw-translate-y)) rotate(var(--tw-rotate)) skewX(var(--tw-skew-x)) skewY(var(--tw-skew-y)) scaleX(var(--tw-scale-x)) scaleY(var(--tw-scale-y)); border-color: currentcolor; margin: 0px 0px 10px; padding: 0px; color: #2b2b2b; font-family: Roboto, sans-serif; font-size: 13px; letter-spacing: 0.65px;\">&#8211;\u00a0Espalda con doble cruzado<\/p>\n<p style=\"box-sizing: border-box; --tw-translate-x: 0; --tw-translate-y: 0; --tw-rotate: 0; --tw-skew-x: 0; --tw-skew-y: 0; --tw-scale-x: 1; --tw-scale-y: 1; --tw-transform: translateX(var(--tw-translate-x)) translateY(var(--tw-translate-y)) rotate(var(--tw-rotate)) skewX(var(--tw-skew-x)) skewY(var(--tw-skew-y)) scaleX(var(--tw-scale-x)) scaleY(var(--tw-scale-y)); border-color: currentcolor; margin: 0px 0px 10px; padding: 0px; color: #2b2b2b; font-family: Roboto, sans-serif; font-size: 13px; letter-spacing: 0.65px;\">&#8211; Corte de pierna alto<\/p>\n<p style=\"box-sizing: border-box; --tw-translate-x: 0; --tw-translate-y: 0; --tw-rotate: 0; --tw-skew-x: 0; --tw-skew-y: 0; --tw-scale-x: 1; --tw-scale-y: 1; --tw-transform: translateX(var(--tw-translate-x)) translateY(var(--tw-translate-y)) rotate(var(--tw-rotate)) skewX(var(--tw-skew-x)) skewY(var(--tw-skew-y)) scaleX(var(--tw-scale-x)) scaleY(var(--tw-scale-y)); border-color: currentcolor; margin: 0px 0px 10px; padding: 0px; color: #2b2b2b; font-family: Roboto, sans-serif; font-size: 13px; letter-spacing: 0.65px;\">&#8211; Forro delantero completo<\/p>\n<p style=\"box-sizing: border-box; --tw-translate-x: 0; --tw-translate-y: 0; --tw-rotate: 0; --tw-skew-x: 0; --tw-skew-y: 0; --tw-scale-x: 1; --tw-scale-y: 1; --tw-transform: translateX(var(--tw-translate-x)) translateY(var(--tw-translate-y)) rotate(var(--tw-rotate)) skewX(var(--tw-skew-x)) skewY(var(--tw-skew-y)) scaleX(var(--tw-scale-x)) scaleY(var(--tw-scale-y)); border-color: currentcolor; margin: 0px 0px 10px; padding: 0px; color: #2b2b2b; font-family: Roboto, sans-serif; font-size: 13px; letter-spacing: 0.65px;\">&#8211; Resistente al cloro<\/p>\n<p style=\"box-sizing: border-box; --tw-translate-x: 0; --tw-translate-y: 0; --tw-rotate: 0; --tw-skew-x: 0; --tw-skew-y: 0; --tw-scale-x: 1; --tw-scale-y: 1; --tw-transform: translateX(var(--tw-translate-x)) translateY(var(--tw-translate-y)) rotate(var(--tw-rotate)) skewX(var(--tw-skew-x)) skewY(var(--tw-skew-y)) scaleX(var(--tw-scale-x)) scaleY(var(--tw-scale-y)); border-color: currentcolor; margin: 0px 0px 10px; padding: 0px; color: #2b2b2b; font-family: Roboto, sans-serif; font-size: 13px; letter-spacing: 0.65px;\">&#8211; Colores duraderos<\/p>\n<p style=\"box-sizing: border-box; --tw-translate-x: 0; --tw-translate-y: 0; --tw-rotate: 0; --tw-skew-x: 0; --tw-skew-y: 0; --tw-scale-x: 1; --tw-scale-y: 1; --tw-transform: translateX(var(--tw-translate-x)) translateY(var(--tw-translate-y)) rotate(var(--tw-rotate)) skewX(var(--tw-skew-x)) skewY(var(--tw-skew-y)) scaleX(var(--tw-scale-x)) scaleY(var(--tw-scale-y)); border-color: currentcolor; margin: 0px 0px 10px; padding: 0px; color: #2b2b2b; font-family: Roboto, sans-serif; font-size: 13px; letter-spacing: 0.65px;\">&#8211; Composici\u00f3n: 55% poli\u00e9ster PBT, 45% poli\u00e9ster<\/p>\n<p style=\"box-sizing: border-box; --tw-translate-x: 0; --tw-translate-y: 0; --tw-rotate: 0; --tw-skew-x: 0; --tw-skew-y: 0; --tw-scale-x: 1; --tw-scale-y: 1; --tw-transform: translateX(var(--tw-translate-x)) translateY(var(--tw-translate-y)) rotate(var(--tw-rotate)) skewX(var(--tw-skew-x)) skewY(var(--tw-skew-y)) scaleX(var(--tw-scale-x)) scaleY(var(--tw-scale-y)); border-color: currentcolor; margin: 0px 0px 10px; padding: 0px; color: #2b2b2b; font-family: Roboto, sans-serif; font-size: 13px; letter-spacing: 0.65px;\">\u00a0 \u00a0 \u00a0 \u00a0 \u00a0 \u00a0 \u00a0 \u00a0 \u00a0 \u00a0 \u00a0 \u00a0 \u00a0 \u00a0 \u00a0 \u00a0\u00a0<\/p>\n<p style=\"box-sizing: border-box; --tw-translate-x: 0; --tw-translate-y: 0; --tw-rotate: 0; --tw-skew-x: 0; --tw-skew-y: 0; --tw-scale-x: 1; --tw-scale-y: 1; --tw-transform: translateX(var(--tw-translate-x)) translateY(var(--tw-translate-y)) rotate(var(--tw-rotate)) skewX(var(--tw-skew-x)) skewY(var(--tw-skew-y)) scaleX(var(--tw-scale-x)) scaleY(var(--tw-scale-y)); border-color: currentcolor; margin: 0px 0px 10px; padding: 0px; color: #2b2b2b; font-family: Roboto, sans-serif; font-size: 13px; letter-spacing: 0.65px;\"><span style=\"box-sizing: border-box; --tw-translate-x: 0; --tw-translate-y: 0; --tw-rotate: 0; --tw-skew-x: 0; --tw-skew-y: 0; --tw-scale-x: 1; --tw-scale-y: 1; --tw-transform: translateX(var(--tw-translate-x)) translateY(var(--tw-translate-y)) rotate(var(--tw-rotate)) skewX(var(--tw-skew-x)) skewY(var(--tw-skew-y)) scaleX(var(--tw-scale-x)) scaleY(var(--tw-scale-y)); border-color: currentcolor; color: #2445a2;\"><span style=\"box-sizing: border-box; --tw-translate-x: 0; --tw-translate-y: 0; --tw-rotate: 0; --tw-skew-x: 0; --tw-skew-y: 0; --tw-scale-x: 1; --tw-scale-y: 1; --tw-transform: translateX(var(--tw-translate-x)) translateY(var(--tw-translate-y)) rotate(var(--tw-rotate)) skewX(var(--tw-skew-x)) skewY(var(--tw-skew-y)) scaleX(var(--tw-scale-x)) scaleY(var(--tw-scale-y)); border-color: currentcolor; font-weight: bold;\">Uso recomendado:<\/span><\/span><\/p>\n<p style=\"box-sizing: border-box; --tw-translate-x: 0; --tw-translate-y: 0; --tw-rotate: 0; --tw-skew-x: 0; --tw-skew-y: 0; --tw-scale-x: 1; --tw-scale-y: 1; --tw-transform: translateX(var(--tw-translate-x)) translateY(var(--tw-translate-y)) rotate(var(--tw-rotate)) skewX(var(--tw-skew-x)) skewY(var(--tw-skew-y)) scaleX(var(--tw-scale-x)) scaleY(var(--tw-scale-y)); border-color: currentcolor; margin: 0px 0px 10px; padding: 0px; color: #2b2b2b; font-family: Roboto, sans-serif; font-size: 13px; letter-spacing: 0.65px;\">&#8211; Ba\u00f1ador perfecto para la pr\u00e1ctica de la Nataci\u00f3n como ba\u00f1ador de entrenamiento. Gracias a su gran adaptabilidad al cuerpo, no arrastra agua al nadar y lo hace una opci\u00f3n comod\u00edsima para el uso diario.\u00a0<\/p>\n<p style=\"box-sizing: border-box; --tw-translate-x: 0; --tw-translate-y: 0; --tw-rotate: 0; --tw-skew-x: 0; --tw-skew-y: 0; --tw-scale-x: 1; --tw-scale-y: 1; --tw-transform: translateX(var(--tw-translate-x)) translateY(var(--tw-translate-y)) rotate(var(--tw-rotate)) skewX(var(--tw-skew-x)) skewY(var(--tw-skew-y)) scaleX(var(--tw-scale-x)) scaleY(var(--tw-scale-y)); border-color: currentcolor; margin: 0px 0px 10px; padding: 0px; color: #2b2b2b; font-family: Roboto, sans-serif; font-size: 13px; letter-spacing: 0.65px;\">Muchas nadadoras prefieren el tirante estrecho durante los entrenos al aire libre cuando est\u00e1n expuestas a los rayos solares. De este modo, evitan tener una evidente marca por el moreno en la piel.<\/p>\n<p style=\"box-sizing: border-box; --tw-translate-x: 0; --tw-translate-y: 0; --tw-rotate: 0; --tw-skew-x: 0; --tw-skew-y: 0; --tw-scale-x: 1; --tw-scale-y: 1; --tw-transform: translateX(var(--tw-translate-x)) translateY(var(--tw-translate-y)) rotate(var(--tw-rotate)) skewX(var(--tw-skew-x)) skewY(var(--tw-skew-y)) scaleX(var(--tw-scale-x)) scaleY(var(--tw-scale-y)); border-color: currentcolor; margin: 0px 0px 10px; padding: 0px; color: #2b2b2b; font-family: Roboto, sans-serif; font-size: 13px; letter-spacing: 0.65px;\">\u00a0 \u00a0 \u00a0 \u00a0 \u00a0 \u00a0 \u00a0 \u00a0 \u00a0 \u00a0 \u00a0 \u00a0 \u00a0 \u00a0 \u00a0 \u00a0 \u00a0\u00a0<\/p>\n<p style=\"box-sizing: border-box; --tw-translate-x: 0; --tw-translate-y: 0; --tw-rotate: 0; --tw-skew-x: 0; --tw-skew-y: 0; --tw-scale-x: 1; --tw-scale-y: 1; --tw-transform: translateX(var(--tw-translate-x)) translateY(var(--tw-translate-y)) rotate(var(--tw-rotate)) skewX(var(--tw-skew-x)) skewY(var(--tw-skew-y)) scaleX(var(--tw-scale-x)) scaleY(var(--tw-scale-y)); border-color: currentcolor; margin: 0px 0px 10px; padding: 0px; color: #2b2b2b; font-family: Roboto, sans-serif; font-size: 13px; letter-spacing: 0.65px;\">\u00a0<\/p>\n<p style=\"box-sizing: border-box; --tw-translate-x: 0; --tw-translate-y: 0; --tw-rotate: 0; --tw-skew-x: 0; --tw-skew-y: 0; --tw-scale-x: 1; --tw-scale-y: 1; --tw-transform: translateX(var(--tw-translate-x)) translateY(var(--tw-translate-y)) rotate(var(--tw-rotate)) skewX(var(--tw-skew-x)) skewY(var(--tw-skew-y)) scaleX(var(--tw-scale-x)) scaleY(var(--tw-scale-y)); border-color: currentcolor; margin: 0px 0px 10px; padding: 0px; color: #2b2b2b; font-family: Roboto, sans-serif; font-size: 13px; font-style: normal; font-variant-ligatures: normal; font-variant-caps: normal; font-weight: 300; letter-spacing: 0.65px; orphans: 2; text-align: start; text-indent: 0px; text-transform: none; widows: 2; word-spacing: 0px; -webkit-text-stroke-width: 0px; white-space: normal; background-color: #ffffff; text-decoration-thickness: initial; text-decoration-style: initial; text-decoration-color: initial;\">*Este art\u00edculo tiene un tallaje m\u00e1s peque\u00f1o de lo habitual, y por ello, recomendamos optar por una talla superior a lo habitual. En caso de compararlo con el ba\u00f1ador Turbo de tira ancha, sugerimos optar por una talla inferior dado que tallan un poco m\u00e1s grandes.\u00a0\u00a0<\/p>\n","protected":false},"excerpt":{"rendered":"<p>Este ba\u00f1ador Turbo est\u00e1 especialmente dise\u00f1ado para la pr\u00e1ctica de la Nataci\u00f3n, y su espalda se inspir\u00f3 en la Nataci\u00f3n sincronizada. Los tirantes estrechos aportan una total libertad de movimiento y flexibilidad, adapt\u00e1ndose perfectamente al cuerpo de la mujer. Est\u00e1 confeccionado con el mejor tejido&#8230;<\/p>\n","protected":false},"featured_media":14753,"comment_status":"open","ping_status":"closed","template":"","meta":[],"product_cat":[45,43],"product_tag":[],"brands":[{"id":22,"name":"Turbo","slug":"turbo"}],"_links":{"self":[{"href":"https:\/\/crawl.es\/ca\/wp-json\/wp\/v2\/product\/14746"}],"collection":[{"href":"https:\/\/crawl.es\/ca\/wp-json\/wp\/v2\/product"}],"about":[{"href":"https:\/\/crawl.es\/ca\/wp-json\/wp\/v2\/types\/product"}],"replies":[{"embeddable":true,"href":"https:\/\/crawl.es\/ca\/wp-json\/wp\/v2\/comments?post=14746"}],"wp:featuredmedia":[{"embeddable":true,"href":"https:\/\/crawl.es\/ca\/wp-json\/wp\/v2\/media\/14753"}],"wp:attachment":[{"href":"https:\/\/crawl.es\/ca\/wp-json\/wp\/v2\/media?parent=14746"}],"wp:term":[{"taxonomy":"product_cat","embeddable":true,"href":"https:\/\/crawl.es\/ca\/wp-json\/wp\/v2\/product_cat?post=14746"},{"taxonomy":"product_tag","embeddable":true,"href":"https:\/\/crawl.es\/ca\/wp-json\/wp\/v2\/product_tag?post=14746"}],"curies":[{"name":"wp","href":"https:\/\/api.w.org\/{rel}","templated":true}]}}