{"id":14758,"date":"2025-04-24T10:10:13","date_gmt":"2025-04-24T10:10:13","guid":{"rendered":"https:\/\/crawl.es\/?post_type=product&#038;p=14758"},"modified":"2026-01-23T17:54:41","modified_gmt":"2026-01-23T17:54:41","slug":"arena-swim-snorkel-pro-iii-crawl","status":"publish","type":"product","link":"https:\/\/crawl.es\/ca\/producto\/arena-swim-snorkel-pro-iii-crawl\/","title":{"rendered":"ARENA Swim Snorkel Pro III\/ CRAWL"},"content":{"rendered":"<p><span style=\"font-family: Roboto, 'Helvetica Neue', Helvetica, Arial, sans-serif; font-size: 14px;\">El tubo de nataci\u00f3n Swim Snorkel Pro III es el empuj\u00f3n que necesitas en tus sesiones de entrenamiento para mejorar tu t\u00e9cnica de nataci\u00f3n y postura corporal en el agua. Gracias a \u00e9l, podr\u00e1s respirar cuando practiques deportes subacu\u00e1ticos sin tener que levantar la cabeza para coger aire. Concebido para resultar estable a alta velocidad, nuestro utensilio se acopla por la parte frontal y posee una tira para que te lo ajustes a la cabeza de forma segura. Le hemos agregado dos boquillas para que las uses a tu gusto, as\u00ed como dos reguladores de aire con los que podr\u00e1s subir y bajar de nivel para ejercitar tus pulmones. Como suele ser el caso con nuestros art\u00edculos, est\u00e1 disponible en una paleta de colores y acabado con nuestro nombre.<\/span><\/p>\n","protected":false},"excerpt":{"rendered":"<p>El tubo de nataci\u00f3n Swim Snorkel Pro III es el empuj\u00f3n que necesitas en tus sesiones de entrenamiento para mejorar tu t\u00e9cnica de nataci\u00f3n y postura corporal en el agua. Gracias a \u00e9l, podr\u00e1s respirar cuando practiques deportes subacu\u00e1ticos sin tener que levantar la cabeza&#8230;<\/p>\n","protected":false},"featured_media":14759,"comment_status":"open","ping_status":"closed","template":"","meta":[],"product_cat":[21,69],"product_tag":[],"brands":[{"id":312,"name":"ARENA","slug":"arena"}],"_links":{"self":[{"href":"https:\/\/crawl.es\/ca\/wp-json\/wp\/v2\/product\/14758"}],"collection":[{"href":"https:\/\/crawl.es\/ca\/wp-json\/wp\/v2\/product"}],"about":[{"href":"https:\/\/crawl.es\/ca\/wp-json\/wp\/v2\/types\/product"}],"replies":[{"embeddable":true,"href":"https:\/\/crawl.es\/ca\/wp-json\/wp\/v2\/comments?post=14758"}],"wp:featuredmedia":[{"embeddable":true,"href":"https:\/\/crawl.es\/ca\/wp-json\/wp\/v2\/media\/14759"}],"wp:attachment":[{"href":"https:\/\/crawl.es\/ca\/wp-json\/wp\/v2\/media?parent=14758"}],"wp:term":[{"taxonomy":"product_cat","embeddable":true,"href":"https:\/\/crawl.es\/ca\/wp-json\/wp\/v2\/product_cat?post=14758"},{"taxonomy":"product_tag","embeddable":true,"href":"https:\/\/crawl.es\/ca\/wp-json\/wp\/v2\/product_tag?post=14758"}],"curies":[{"name":"wp","href":"https:\/\/api.w.org\/{rel}","templated":true}]}}