{"id":14933,"date":"2025-07-14T14:58:07","date_gmt":"2025-07-14T14:58:07","guid":{"rendered":"https:\/\/crawl.es\/?post_type=product&#038;p=14933"},"modified":"2025-07-14T15:00:11","modified_gmt":"2025-07-14T15:00:11","slug":"pelota-wp-turbo-world-aquatics-signature-ball-size-4","status":"publish","type":"product","link":"https:\/\/crawl.es\/ca\/producto\/pelota-wp-turbo-world-aquatics-signature-ball-size-4\/","title":{"rendered":"PELOTA WP TURBO WORLD AQUATICS SIGNATURE BALL (SIZE 4)"},"content":{"rendered":"<h2 style=\"box-sizing: border-box; --tw-translate-x: 0; --tw-translate-y: 0; --tw-rotate: 0; --tw-skew-x: 0; --tw-skew-y: 0; --tw-scale-x: 1; --tw-scale-y: 1; --tw-transform: translateX(0) translateY(0) rotate(0) skewX(0) skewY(0) scaleX(1) scaleY(1); border-color: currentcolor; font-family: 'Futura Md BT'; font-weight: 500; line-height: 1.1; color: #000000; margin: 0px; font-size: 18px; padding: 0px 0px 0.75em; letter-spacing: 0.65px;\">Pelotas de waterpolo<\/h2>\n<p style=\"box-sizing: border-box; --tw-translate-x: 0; --tw-translate-y: 0; --tw-rotate: 0; --tw-skew-x: 0; --tw-skew-y: 0; --tw-scale-x: 1; --tw-scale-y: 1; --tw-transform: translateX(0) translateY(0) rotate(0) skewX(0) skewY(0) scaleX(1) scaleY(1); border-color: currentcolor; margin: 0px 0px 10px; padding: 0px; color: #2b2b2b; font-family: Roboto, sans-serif; font-size: 13px; letter-spacing: 0.65px;\">Las pelotas de waterpolo de Turbo y Kap 7 han sido dise\u00f1adas para el waterpolo profesional y recreativo. Algunos de nuestros modelos son las pelotas oficiales de las ligas m\u00e1s exigentes y prestigiosas del mundo por lo que ofrecen la mayor calidad del mercado.\u00a0<\/p>\n<h2 style=\"box-sizing: border-box; --tw-translate-x: 0; --tw-translate-y: 0; --tw-rotate: 0; --tw-skew-x: 0; --tw-skew-y: 0; --tw-scale-x: 1; --tw-scale-y: 1; --tw-transform: translateX(0) translateY(0) rotate(0) skewX(0) skewY(0) scaleX(1) scaleY(1); border-color: currentcolor; font-family: 'Futura Md BT'; font-weight: 500; line-height: 1.1; color: #000000; margin: 0px; font-size: 18px; padding: 0px 0px 0.75em; letter-spacing: 0.65px;\">Caracter\u00edsticas de nuestras pelotas de waterpolo<\/h2>\n<p style=\"box-sizing: border-box; --tw-translate-x: 0; --tw-translate-y: 0; --tw-rotate: 0; --tw-skew-x: 0; --tw-skew-y: 0; --tw-scale-x: 1; --tw-scale-y: 1; --tw-transform: translateX(0) translateY(0) rotate(0) skewX(0) skewY(0) scaleX(1) scaleY(1); border-color: currentcolor; margin: 0px 0px 10px; padding: 0px; color: #2b2b2b; font-family: Roboto, sans-serif; font-size: 13px; letter-spacing: 0.65px;\">Aunque disponemos de diferentes gamas de balones de waterpolo, todos ellos garantizan calidad y fiabilidad. Las pelotas de Turbo y Kap 7 est\u00e1n dise\u00f1adas con la nueva tecnolog\u00eda Ultra Grip Technology, que ofrece un nuevo patr\u00f3n con mayor fricci\u00f3n y con una goma especial ultra resistente para un mejor grip. Adem\u00e1s, los colores han sido mejorados para una mayor resistencia. Todas las pelotas de waterpolo, al igual que el resto de nuestros productos, est\u00e1n sujetos a un estricto control de calidad para garantizar la mayor calidad durante su uso.\u00a0<\/p>\n<h2 style=\"box-sizing: border-box; --tw-translate-x: 0; --tw-translate-y: 0; --tw-rotate: 0; --tw-skew-x: 0; --tw-skew-y: 0; --tw-scale-x: 1; --tw-scale-y: 1; --tw-transform: translateX(0) translateY(0) rotate(0) skewX(0) skewY(0) scaleX(1) scaleY(1); border-color: currentcolor; font-family: 'Futura Md BT'; font-weight: 500; line-height: 1.1; color: #000000; margin: 0px; font-size: 18px; padding: 0px 0px 0.75em; letter-spacing: 0.65px;\">Pelotas de waterpolo profesional y amateur<\/h2>\n<p style=\"box-sizing: border-box; --tw-translate-x: 0; --tw-translate-y: 0; --tw-rotate: 0; --tw-skew-x: 0; --tw-skew-y: 0; --tw-scale-x: 1; --tw-scale-y: 1; --tw-transform: translateX(0) translateY(0) rotate(0) skewX(0) skewY(0) scaleX(1) scaleY(1); border-color: currentcolor; margin: 0px 0px 10px; padding: 0px; color: #2b2b2b; font-family: Roboto, sans-serif; font-size: 13px; letter-spacing: 0.65px;\">Disponemos de una oferta de pelotas de waterpolo muy amplia en nuestra web. Puedes encontrar tanto pelotas oficiales de las grandes ligas como opciones para amateur y escuelas. Todas las opciones son perfectas para cualquier tipo de competici\u00f3n o evento ya que ofrecen una gran adherencia y de esta manera, garantizan una \u00f3ptima sujeci\u00f3n en todos sus tama\u00f1os disponibles. Adem\u00e1s de su adherencia, tambi\u00e9n est\u00e1n creadas con el mejor caucho del mercado. Esto permite que se puedan usar durante a\u00f1os sin que sufran da\u00f1os relevantes.\u00a0<\/p>\n<p style=\"box-sizing: border-box; --tw-translate-x: 0; --tw-translate-y: 0; --tw-rotate: 0; --tw-skew-x: 0; --tw-skew-y: 0; --tw-scale-x: 1; --tw-scale-y: 1; --tw-transform: translateX(0) translateY(0) rotate(0) skewX(0) skewY(0) scaleX(1) scaleY(1); border-color: currentcolor; margin: 0px 0px 10px; padding: 0px; color: #2b2b2b; font-family: Roboto, sans-serif; font-size: 13px; letter-spacing: 0.65px;\">\u00a0<\/p>\n<p style=\"box-sizing: border-box; --tw-translate-x: 0; --tw-translate-y: 0; --tw-rotate: 0; --tw-skew-x: 0; --tw-skew-y: 0; --tw-scale-x: 1; --tw-scale-y: 1; --tw-transform: translateX(0) translateY(0) rotate(0) skewX(0) skewY(0) scaleX(1) scaleY(1); border-color: currentcolor; margin: 0px 0px 10px; padding: 0px; color: #2b2b2b; font-family: Roboto, sans-serif; font-size: 13px; letter-spacing: 0.65px;\">Tambi\u00e9n hay que destacar, que nuestra gama de balones est\u00e1 dise\u00f1ada con una v\u00e1lvula para el aire que se adapta a la mayor\u00eda de tipos de manchas y que, adem\u00e1s, no permite la salida del aire desde el interior.<\/p>\n","protected":false},"excerpt":{"rendered":"<p>Pelotas de waterpolo Las pelotas de waterpolo de Turbo y Kap 7 han sido dise\u00f1adas para el waterpolo profesional y recreativo. Algunos de nuestros modelos son las pelotas oficiales de las ligas m\u00e1s exigentes y prestigiosas del mundo por lo que ofrecen la mayor calidad&#8230;<\/p>\n","protected":false},"featured_media":14934,"comment_status":"open","ping_status":"closed","template":"","meta":[],"product_cat":[21,64],"product_tag":[],"brands":[{"id":22,"name":"Turbo","slug":"turbo"}],"_links":{"self":[{"href":"https:\/\/crawl.es\/ca\/wp-json\/wp\/v2\/product\/14933"}],"collection":[{"href":"https:\/\/crawl.es\/ca\/wp-json\/wp\/v2\/product"}],"about":[{"href":"https:\/\/crawl.es\/ca\/wp-json\/wp\/v2\/types\/product"}],"replies":[{"embeddable":true,"href":"https:\/\/crawl.es\/ca\/wp-json\/wp\/v2\/comments?post=14933"}],"wp:featuredmedia":[{"embeddable":true,"href":"https:\/\/crawl.es\/ca\/wp-json\/wp\/v2\/media\/14934"}],"wp:attachment":[{"href":"https:\/\/crawl.es\/ca\/wp-json\/wp\/v2\/media?parent=14933"}],"wp:term":[{"taxonomy":"product_cat","embeddable":true,"href":"https:\/\/crawl.es\/ca\/wp-json\/wp\/v2\/product_cat?post=14933"},{"taxonomy":"product_tag","embeddable":true,"href":"https:\/\/crawl.es\/ca\/wp-json\/wp\/v2\/product_tag?post=14933"}],"curies":[{"name":"wp","href":"https:\/\/api.w.org\/{rel}","templated":true}]}}