{"id":14986,"date":"2025-09-03T16:13:53","date_gmt":"2025-09-03T16:13:53","guid":{"rendered":"https:\/\/crawl.es\/?post_type=product&#038;p=14986"},"modified":"2025-09-03T16:17:38","modified_gmt":"2025-09-03T16:17:38","slug":"advanced-snorkel-turbo-yellow","status":"publish","type":"product","link":"https:\/\/crawl.es\/ca\/producto\/advanced-snorkel-turbo-yellow\/","title":{"rendered":"ADVANCED SNORKEL TURBO YELLOW"},"content":{"rendered":"<p style=\"box-sizing: border-box; --tw-translate-x: 0; --tw-translate-y: 0; --tw-rotate: 0; --tw-skew-x: 0; --tw-skew-y: 0; --tw-scale-x: 1; --tw-scale-y: 1; --tw-transform: translateX(0) translateY(0) rotate(0) skewX(0) skewY(0) scaleX(1) scaleY(1); border-color: currentcolor; margin: 0px 0px 10px; padding: 0px; color: #2b2b2b; font-family: Roboto, sans-serif; font-size: 13px; letter-spacing: 0.65px;\">Tanto si eres un nadador ocasional o un nadador competitivo a nivel profesional, Turbo pone a tu alcance el mejor material de entrenamiento para el uso en piscina y en aguas abiertas. Con este material de entrenamiento lograr\u00e1s mejorar tus resultados, t\u00e9cnica, resistencia y potencia en el agua. Este material de nataci\u00f3n, es perfecto para a\u00f1adir dinamismo y calidad a los ejercicios de tus entrenamientos en piscina. El material de entrenamiento har\u00e1 que aumente tu intensidad en los entrenamientos y se trabajen zonas musculares que no se suelen trabajar de forma habitual.\u00a0<\/p>\n<p style=\"box-sizing: border-box; --tw-translate-x: 0; --tw-translate-y: 0; --tw-rotate: 0; --tw-skew-x: 0; --tw-skew-y: 0; --tw-scale-x: 1; --tw-scale-y: 1; --tw-transform: translateX(0) translateY(0) rotate(0) skewX(0) skewY(0) scaleX(1) scaleY(1); border-color: currentcolor; margin: 0px 0px 10px; padding: 0px; color: #2b2b2b; font-family: Roboto, sans-serif; font-size: 13px; letter-spacing: 0.65px;\">El objetivo es mejorar el tono muscular con la realizaci\u00f3n de ejercicios espec\u00edficos y mejorar la t\u00e9cnica de nado logrando la posici\u00f3n corporal id\u00f3nea.\u00a0<\/p>\n<h2 style=\"box-sizing: border-box; --tw-translate-x: 0; --tw-translate-y: 0; --tw-rotate: 0; --tw-skew-x: 0; --tw-skew-y: 0; --tw-scale-x: 1; --tw-scale-y: 1; --tw-transform: translateX(0) translateY(0) rotate(0) skewX(0) skewY(0) scaleX(1) scaleY(1); border-color: currentcolor; font-family: 'Futura Md BT'; font-weight: 500; line-height: 1.1; color: #000000; margin: 0px; font-size: 18px; padding: 0px 0px 0.75em; letter-spacing: 0.65px;\">Caracter\u00edsticas del material de entrenamiento de nataci\u00f3n Turbo:<\/h2>\n<p style=\"box-sizing: border-box; --tw-translate-x: 0; --tw-translate-y: 0; --tw-rotate: 0; --tw-skew-x: 0; --tw-skew-y: 0; --tw-scale-x: 1; --tw-scale-y: 1; --tw-transform: translateX(0) translateY(0) rotate(0) skewX(0) skewY(0) scaleX(1) scaleY(1); border-color: currentcolor; margin: 0px 0px 10px; padding: 0px; color: #2b2b2b; font-family: Roboto, sans-serif; font-size: 13px; letter-spacing: 0.65px;\">Todos los materiales de entrenamiento para nataci\u00f3n que ofrece Turbo comparten una serie de caracter\u00edsticas:<\/p>\n<ul style=\"box-sizing: border-box; --tw-translate-x: 0; --tw-translate-y: 0; --tw-rotate: 0; --tw-skew-x: 0; --tw-skew-y: 0; --tw-scale-x: 1; --tw-scale-y: 1; --tw-transform: translateX(0) translateY(0) rotate(0) skewX(0) skewY(0) scaleX(1) scaleY(1); border-color: currentcolor; margin: 0px 0px 10px; padding: 0px; list-style-position: initial; list-style-image: initial; color: #2b2b2b; font-family: Roboto, sans-serif; font-size: 13px; letter-spacing: 0.65px;\">\n<li style=\"box-sizing: border-box; --tw-translate-x: 0; --tw-translate-y: 0; --tw-rotate: 0; --tw-skew-x: 0; --tw-skew-y: 0; --tw-scale-x: 1; --tw-scale-y: 1; --tw-transform: translateX(0) translateY(0) rotate(0) skewX(0) skewY(0) scaleX(1) scaleY(1); border-color: currentcolor; padding: 0px; margin: 0px;\">Resistencia total al cloro<\/li>\n<li style=\"box-sizing: border-box; --tw-translate-x: 0; --tw-translate-y: 0; --tw-rotate: 0; --tw-skew-x: 0; --tw-skew-y: 0; --tw-scale-x: 1; --tw-scale-y: 1; --tw-transform: translateX(0) translateY(0) rotate(0) skewX(0) skewY(0) scaleX(1) scaleY(1); border-color: currentcolor; padding: 0px; margin: 0px;\">Material resistente y el\u00e1stico<\/li>\n<li style=\"box-sizing: border-box; --tw-translate-x: 0; --tw-translate-y: 0; --tw-rotate: 0; --tw-skew-x: 0; --tw-skew-y: 0; --tw-scale-x: 1; --tw-scale-y: 1; --tw-transform: translateX(0) translateY(0) rotate(0) skewX(0) skewY(0) scaleX(1) scaleY(1); border-color: currentcolor; padding: 0px; margin: 0px;\">Resistencia al agua salada<\/li>\n<li style=\"box-sizing: border-box; --tw-translate-x: 0; --tw-translate-y: 0; --tw-rotate: 0; --tw-skew-x: 0; --tw-skew-y: 0; --tw-scale-x: 1; --tw-scale-y: 1; --tw-transform: translateX(0) translateY(0) rotate(0) skewX(0) skewY(0) scaleX(1) scaleY(1); border-color: currentcolor; padding: 0px; margin: 0px;\">Colores duraderos<\/li>\n<li style=\"box-sizing: border-box; --tw-translate-x: 0; --tw-translate-y: 0; --tw-rotate: 0; --tw-skew-x: 0; --tw-skew-y: 0; --tw-scale-x: 1; --tw-scale-y: 1; --tw-transform: translateX(0) translateY(0) rotate(0) skewX(0) skewY(0) scaleX(1) scaleY(1); border-color: currentcolor; padding: 0px; margin: 0px;\">Testado por profesionales<\/li>\n<\/ul>\n","protected":false},"excerpt":{"rendered":"<p>Tanto si eres un nadador ocasional o un nadador competitivo a nivel profesional, Turbo pone a tu alcance el mejor material de entrenamiento para el uso en piscina y en aguas abiertas. Con este material de entrenamiento lograr\u00e1s mejorar tus resultados, t\u00e9cnica, resistencia y potencia&#8230;<\/p>\n","protected":false},"featured_media":14995,"comment_status":"open","ping_status":"closed","template":"","meta":[],"product_cat":[21,69],"product_tag":[],"brands":[{"id":22,"name":"Turbo","slug":"turbo"}],"_links":{"self":[{"href":"https:\/\/crawl.es\/ca\/wp-json\/wp\/v2\/product\/14986"}],"collection":[{"href":"https:\/\/crawl.es\/ca\/wp-json\/wp\/v2\/product"}],"about":[{"href":"https:\/\/crawl.es\/ca\/wp-json\/wp\/v2\/types\/product"}],"replies":[{"embeddable":true,"href":"https:\/\/crawl.es\/ca\/wp-json\/wp\/v2\/comments?post=14986"}],"wp:featuredmedia":[{"embeddable":true,"href":"https:\/\/crawl.es\/ca\/wp-json\/wp\/v2\/media\/14995"}],"wp:attachment":[{"href":"https:\/\/crawl.es\/ca\/wp-json\/wp\/v2\/media?parent=14986"}],"wp:term":[{"taxonomy":"product_cat","embeddable":true,"href":"https:\/\/crawl.es\/ca\/wp-json\/wp\/v2\/product_cat?post=14986"},{"taxonomy":"product_tag","embeddable":true,"href":"https:\/\/crawl.es\/ca\/wp-json\/wp\/v2\/product_tag?post=14986"}],"curies":[{"name":"wp","href":"https:\/\/api.w.org\/{rel}","templated":true}]}}