{"id":15013,"date":"2025-09-15T09:49:07","date_gmt":"2025-09-15T09:49:07","guid":{"rendered":"https:\/\/crawl.es\/?post_type=product&#038;p=15013"},"modified":"2025-09-15T09:49:08","modified_gmt":"2025-09-15T09:49:08","slug":"arena-powerskin-carbon-air%c2%b2-sunset-coral-mujer-espalda-cerrada-ed-ltda","status":"publish","type":"product","link":"https:\/\/crawl.es\/ca\/producto\/arena-powerskin-carbon-air%c2%b2-sunset-coral-mujer-espalda-cerrada-ed-ltda\/","title":{"rendered":"ARENA Powerskin Carbon-Air\u00b2 Sunset Coral Mujer Espalda cerrada Ed. ltda"},"content":{"rendered":"<p><span style=\"font-family: Roboto, 'Helvetica Neue', Helvetica, Arial, sans-serif; font-size: 14px;\">\u00a0Powerskin Carbon-Air\u00b2 Sunset Coral para mujer con espalda cerrada combina un dise\u00f1o expresivo con un rendimiento de \u00e9lite. Ligero, flexible y con atrevidos tonos coral y verde azulado, este traje de competici\u00f3n para mujer de edici\u00f3n limitada ofrece compresi\u00f3n con una sensaci\u00f3n de ligereza, para que te mantengas ligera, r\u00e1pida y con un control total.<\/span><br style=\"font-family: Roboto, 'Helvetica Neue', Helvetica, Arial, sans-serif; font-size: 14px;\" \/><br style=\"font-family: Roboto, 'Helvetica Neue', Helvetica, Arial, sans-serif; font-size: 14px;\" \/><span style=\"font-weight: bold; font-family: Roboto, 'Helvetica Neue', Helvetica, Arial, sans-serif; font-size: 14px;\">Por qu\u00e9 te encantar\u00e1:<\/span><\/p>\n<ul style=\"margin-top: 0rem; margin-bottom: 2.5rem; font-family: Roboto, 'Helvetica Neue', Helvetica, Arial, sans-serif; font-size: 14px;\">\n<li style=\"margin-top: 0rem; margin-bottom: 1rem;\">Compresi\u00f3n c\u00f3moda<\/li>\n<li style=\"margin-top: 0rem; margin-bottom: 1rem;\">Efecto segunda piel<\/li>\n<li style=\"margin-top: 0rem; margin-bottom: 1rem;\">M\u00e1xima libertad de movimiento<\/li>\n<li style=\"margin-top: 0rem; margin-bottom: 1rem;\">Rendimiento duradero<\/li>\n<\/ul>\n","protected":false},"excerpt":{"rendered":"<p>\u00a0Powerskin Carbon-Air\u00b2 Sunset Coral para mujer con espalda cerrada combina un dise\u00f1o expresivo con un rendimiento de \u00e9lite. Ligero, flexible y con atrevidos tonos coral y verde azulado, este traje de competici\u00f3n para mujer de edici\u00f3n limitada ofrece compresi\u00f3n con una sensaci\u00f3n de ligereza, para&#8230;<\/p>\n","protected":false},"featured_media":15022,"comment_status":"open","ping_status":"closed","template":"","meta":[],"product_cat":[43,416],"product_tag":[],"brands":[{"id":312,"name":"ARENA","slug":"arena"}],"_links":{"self":[{"href":"https:\/\/crawl.es\/ca\/wp-json\/wp\/v2\/product\/15013"}],"collection":[{"href":"https:\/\/crawl.es\/ca\/wp-json\/wp\/v2\/product"}],"about":[{"href":"https:\/\/crawl.es\/ca\/wp-json\/wp\/v2\/types\/product"}],"replies":[{"embeddable":true,"href":"https:\/\/crawl.es\/ca\/wp-json\/wp\/v2\/comments?post=15013"}],"wp:featuredmedia":[{"embeddable":true,"href":"https:\/\/crawl.es\/ca\/wp-json\/wp\/v2\/media\/15022"}],"wp:attachment":[{"href":"https:\/\/crawl.es\/ca\/wp-json\/wp\/v2\/media?parent=15013"}],"wp:term":[{"taxonomy":"product_cat","embeddable":true,"href":"https:\/\/crawl.es\/ca\/wp-json\/wp\/v2\/product_cat?post=15013"},{"taxonomy":"product_tag","embeddable":true,"href":"https:\/\/crawl.es\/ca\/wp-json\/wp\/v2\/product_tag?post=15013"}],"curies":[{"name":"wp","href":"https:\/\/api.w.org\/{rel}","templated":true}]}}