{"id":15230,"date":"2025-10-02T09:55:50","date_gmt":"2025-10-02T09:55:50","guid":{"rendered":"https:\/\/crawl.es\/?post_type=product&#038;p=15230"},"modified":"2025-10-02T09:55:51","modified_gmt":"2025-10-02T09:55:51","slug":"mochila-arena-one-go-45l-fun-skulls-ref-10323-910","status":"publish","type":"product","link":"https:\/\/crawl.es\/ca\/producto\/mochila-arena-one-go-45l-fun-skulls-ref-10323-910\/","title":{"rendered":"MOCHILA ARENA ONE GO 45L FUN-SKULLS REF. 10323 910"},"content":{"rendered":"<p><span style=\"font-family: Roboto, 'Helvetica Neue', Helvetica, Arial, sans-serif; font-size: 14px;\">Llama la atenci\u00f3n con la mochila One Go 45 Estampada. Los motivos din\u00e1micos se combinan con los materiales repelentes al agua y con control de humedad Aquabreathe de \u00faltima generaci\u00f3n, que mantienen tu equipo seco y fresco. La funda acolchada para laptop y la banda trasera para trolley a\u00f1aden caracter\u00edsticas inteligentes y listas para viajar, dise\u00f1adas para nadadores que se desenvuelven tanto dentro como fuera de la piscina.<\/span><br style=\"font-family: Roboto, 'Helvetica Neue', Helvetica, Arial, sans-serif; font-size: 14px;\" \/><br style=\"font-family: Roboto, 'Helvetica Neue', Helvetica, Arial, sans-serif; font-size: 14px;\" \/><span style=\"font-weight: bold; font-family: Roboto, 'Helvetica Neue', Helvetica, Arial, sans-serif; font-size: 14px;\">Por qu\u00e9 te encantar\u00e1:<\/span><\/p>\n<ul style=\"margin-top: 0rem; margin-bottom: 2.5rem; font-family: Roboto, 'Helvetica Neue', Helvetica, Arial, sans-serif; font-size: 14px;\">\n<li style=\"margin-top: 0rem; margin-bottom: 1rem;\">Tama\u00f1o: 50 x 40 x 25 cm, capacidad de 45 litros<\/li>\n<li style=\"margin-top: 0rem; margin-bottom: 1rem;\">Tecnolog\u00eda Aquabreathe para un mejor control de la humedad<\/li>\n<li style=\"margin-top: 0rem; margin-bottom: 1rem;\">Materiales repelentes al agua<\/li>\n<li style=\"margin-top: 0rem; margin-bottom: 1rem;\">Compartimento principal espacioso para facilitar el acceso y la carga<\/li>\n<li style=\"margin-top: 0rem; margin-bottom: 1rem;\">Funda para port\u00e1til (hasta 15 pulgadas)<\/li>\n<li style=\"margin-top: 0rem; margin-bottom: 1rem;\">Banda trasera para trolley, ideal para viajar<\/li>\n<li style=\"margin-top: 0rem; margin-bottom: 1rem;\">Ideal para nadadores<\/li>\n<\/ul>\n<div class=\"extra\" style=\"margin-top: 30px; display: flex; gap: 50px; font-family: Roboto, 'Helvetica Neue', Helvetica, Arial, sans-serif; font-size: 14px;\">\n<div class=\"item\" style=\"display: flex; flex-direction: column; gap: 10px;\"><span class=\"title\" style=\"font-weight: bold;\">G\u00e9nero<\/span><span class=\"value\">Mujer, Hombre<\/span><\/div>\n<div class=\"item\" style=\"display: flex; flex-direction: column; gap: 10px;\"><span class=\"title\" style=\"font-weight: bold;\">ID del producto<\/span><\/div>\n<\/div>\n","protected":false},"excerpt":{"rendered":"<p>Llama la atenci\u00f3n con la mochila One Go 45 Estampada. Los motivos din\u00e1micos se combinan con los materiales repelentes al agua y con control de humedad Aquabreathe de \u00faltima generaci\u00f3n, que mantienen tu equipo seco y fresco. La funda acolchada para laptop y la banda&#8230;<\/p>\n","protected":false},"featured_media":15235,"comment_status":"open","ping_status":"closed","template":"","meta":[],"product_cat":[21,66],"product_tag":[],"brands":[{"id":312,"name":"ARENA","slug":"arena"}],"_links":{"self":[{"href":"https:\/\/crawl.es\/ca\/wp-json\/wp\/v2\/product\/15230"}],"collection":[{"href":"https:\/\/crawl.es\/ca\/wp-json\/wp\/v2\/product"}],"about":[{"href":"https:\/\/crawl.es\/ca\/wp-json\/wp\/v2\/types\/product"}],"replies":[{"embeddable":true,"href":"https:\/\/crawl.es\/ca\/wp-json\/wp\/v2\/comments?post=15230"}],"wp:featuredmedia":[{"embeddable":true,"href":"https:\/\/crawl.es\/ca\/wp-json\/wp\/v2\/media\/15235"}],"wp:attachment":[{"href":"https:\/\/crawl.es\/ca\/wp-json\/wp\/v2\/media?parent=15230"}],"wp:term":[{"taxonomy":"product_cat","embeddable":true,"href":"https:\/\/crawl.es\/ca\/wp-json\/wp\/v2\/product_cat?post=15230"},{"taxonomy":"product_tag","embeddable":true,"href":"https:\/\/crawl.es\/ca\/wp-json\/wp\/v2\/product_tag?post=15230"}],"curies":[{"name":"wp","href":"https:\/\/api.w.org\/{rel}","templated":true}]}}