{"id":15333,"date":"2025-10-07T11:28:29","date_gmt":"2025-10-07T11:28:29","guid":{"rendered":"https:\/\/crawl.es\/?post_type=product&#038;p=15333"},"modified":"2025-10-07T11:28:29","modified_gmt":"2025-10-07T11:28:29","slug":"mochila-arena-one-go-45l-negro","status":"publish","type":"product","link":"https:\/\/crawl.es\/ca\/producto\/mochila-arena-one-go-45l-negro\/","title":{"rendered":"Mochila ARENA  One Go 45L &#8211; Negro"},"content":{"rendered":"<p><span style=\"color: rgba(0, 0, 0, 0.75); font-family: Roboto, sans-serif; font-size: 15px;\">Organiza todas las cosas que necesitas para tu entrenamiento. La gran mochila arena One Go 45L con dise\u00f1o de carga superior ayuda a guardar y acceder f\u00e1cilmente a todas tus pertenencias. El espacioso compartimento principal y cuatro bolsillos delanteros exteriores con cremallera ofrecen diferentes opciones de almacenaje. Los insertos herm\u00e9ticos y transpirables est\u00e1n dise\u00f1ados para mantener separadas las cosas h\u00famedas y secas. Con bolsillo inteligente para el port\u00e1til y dos bolsillos exteriores para botellas. Aquabreathe, el nuevo sistema de gesti\u00f3n de la humedad de arena, combina tejidos transpirables y repelentes al agua para formar un sistema de ventilaci\u00f3n avanzado que mantiene el agua fuera y tu equipo seco. El panel trasero transpirable garantiza un transporte sin sudar. Con pr\u00e1ctica correa para fijarla f\u00e1cilmente a una maleta. La mochila se cuelga f\u00e1cilmente con el mosquet\u00f3n incluido. El f<\/span><span style=\"color: rgba(0, 0, 0, 0.75); font-family: Roboto, sans-serif; font-size: 15px;\">ondo repelente al agua y tejido principal repelente al agua ofrecen protecci\u00f3n de la humedad y la suciedad. Dimensiones: 50 x 40 x 25 cm, 45L<\/span><\/p>\n","protected":false},"excerpt":{"rendered":"<p>Organiza todas las cosas que necesitas para tu entrenamiento. La gran mochila arena One Go 45L con dise\u00f1o de carga superior ayuda a guardar y acceder f\u00e1cilmente a todas tus pertenencias. El espacioso compartimento principal y cuatro bolsillos delanteros exteriores con cremallera ofrecen diferentes opciones&#8230;<\/p>\n","protected":false},"featured_media":15344,"comment_status":"open","ping_status":"closed","template":"","meta":[],"product_cat":[21,66],"product_tag":[],"brands":[{"id":312,"name":"ARENA","slug":"arena"}],"_links":{"self":[{"href":"https:\/\/crawl.es\/ca\/wp-json\/wp\/v2\/product\/15333"}],"collection":[{"href":"https:\/\/crawl.es\/ca\/wp-json\/wp\/v2\/product"}],"about":[{"href":"https:\/\/crawl.es\/ca\/wp-json\/wp\/v2\/types\/product"}],"replies":[{"embeddable":true,"href":"https:\/\/crawl.es\/ca\/wp-json\/wp\/v2\/comments?post=15333"}],"wp:featuredmedia":[{"embeddable":true,"href":"https:\/\/crawl.es\/ca\/wp-json\/wp\/v2\/media\/15344"}],"wp:attachment":[{"href":"https:\/\/crawl.es\/ca\/wp-json\/wp\/v2\/media?parent=15333"}],"wp:term":[{"taxonomy":"product_cat","embeddable":true,"href":"https:\/\/crawl.es\/ca\/wp-json\/wp\/v2\/product_cat?post=15333"},{"taxonomy":"product_tag","embeddable":true,"href":"https:\/\/crawl.es\/ca\/wp-json\/wp\/v2\/product_tag?post=15333"}],"curies":[{"name":"wp","href":"https:\/\/api.w.org\/{rel}","templated":true}]}}