{"id":15499,"date":"2025-11-06T16:49:27","date_gmt":"2025-11-06T16:49:27","guid":{"rendered":"https:\/\/crawl.es\/?post_type=product&#038;p=15499"},"modified":"2025-12-19T18:06:00","modified_gmt":"2025-12-19T18:06:00","slug":"banador-mujer-speedo-fl-solid-tie-back-green-yelow","status":"publish","type":"product","link":"https:\/\/crawl.es\/ca\/producto\/banador-mujer-speedo-fl-solid-tie-back-green-yelow\/","title":{"rendered":"BA\u00d1ADOR MUJER SPEEDO Fl Solid Tie Back \/Green-Yelow"},"content":{"rendered":"<p><span style=\"font-family: Athletics, sans-serif;\">\u00bfSesi\u00f3n intensa por delante? Si\u00e9ntete como pez en el agua mientras entrenas con nuestro discreto ba\u00f1ador con espalda ajustable. Su dise\u00f1o totalmente ajustable te permite personalizar el ajuste, mientras que la pierna extralarga ofrece m\u00e1xima flexibilidad en cada brazada. Incre\u00edblemente resistente, est\u00e1 confeccionado con tejido Endurance+ resistente al cloro.<\/span><\/p>\n<ul style=\"box-sizing: inherit; margin: 8px 0px 0px calc(18px); padding: 0px; border: 0px; font-variant-numeric: inherit; font-variant-east-asian: inherit; font-variant-alternates: inherit; font-variant-position: inherit; font-variant-emoji: inherit; font-stretch: inherit; line-height: 24px; font-family: Athletics, sans-serif; font-optical-sizing: inherit; font-size-adjust: inherit; font-kerning: inherit; font-feature-settings: inherit; font-variation-settings: inherit; vertical-align: baseline; list-style: initial;\">\n<li style=\"box-sizing: inherit; margin: 8px 0px 0px; padding: 0px; border: 0px; font-variant: inherit; font-stretch: inherit; line-height: 24px; font-optical-sizing: inherit; font-size-adjust: inherit; font-kerning: inherit; font-feature-settings: inherit; font-variation-settings: inherit; vertical-align: baseline; letter-spacing: 0px;\"><span dir=\"auto\" style=\"box-sizing: inherit; line-height: 24px; letter-spacing: 0px; color: inherit; vertical-align: inherit;\">Endurance+: Tejido duradero y resistente al cloro. Dise\u00f1ado para durar, no se decolora ni se deforma.<\/span><\/li>\n<li style=\"box-sizing: inherit; margin: 8px 0px 0px; padding: 0px; border: 0px; font-variant: inherit; font-stretch: inherit; line-height: 24px; font-optical-sizing: inherit; font-size-adjust: inherit; font-kerning: inherit; font-feature-settings: inherit; font-variation-settings: inherit; vertical-align: baseline; letter-spacing: 0px;\"><span dir=\"auto\" style=\"box-sizing: inherit; line-height: 24px; letter-spacing: 0px; color: inherit; vertical-align: inherit;\">Ajuste competitivo: Nuestro ajuste m\u00e1s compresivo para un rendimiento \u00f3ptimo<\/span><\/li>\n<li style=\"box-sizing: inherit; margin: 8px 0px 0px; padding: 0px; border: 0px; font-variant: inherit; font-stretch: inherit; line-height: 24px; font-optical-sizing: inherit; font-size-adjust: inherit; font-kerning: inherit; font-feature-settings: inherit; font-variation-settings: inherit; vertical-align: baseline; letter-spacing: 0px;\"><span dir=\"auto\" style=\"box-sizing: inherit; line-height: 24px; letter-spacing: 0px; color: inherit; vertical-align: inherit;\">Totalmente forrado<\/span><\/li>\n<li style=\"box-sizing: inherit; margin: 8px 0px 0px; padding: 0px; border: 0px; font-variant: inherit; font-stretch: inherit; line-height: 24px; font-optical-sizing: inherit; font-size-adjust: inherit; font-kerning: inherit; font-feature-settings: inherit; font-variation-settings: inherit; vertical-align: baseline; letter-spacing: 0px;\"><span dir=\"auto\" style=\"box-sizing: inherit; line-height: 24px; letter-spacing: 0px; color: inherit; vertical-align: inherit;\">Cobertura de trasero atrevida<\/span><\/li>\n<\/ul>\n","protected":false},"excerpt":{"rendered":"<p>\u00bfSesi\u00f3n intensa por delante? Si\u00e9ntete como pez en el agua mientras entrenas con nuestro discreto ba\u00f1ador con espalda ajustable. Su dise\u00f1o totalmente ajustable te permite personalizar el ajuste, mientras que la pierna extralarga ofrece m\u00e1xima flexibilidad en cada brazada. Incre\u00edblemente resistente, est\u00e1 confeccionado con tejido&#8230;<\/p>\n","protected":false},"featured_media":15504,"comment_status":"open","ping_status":"closed","template":"","meta":[],"product_cat":[43,45],"product_tag":[],"brands":[{"id":22,"name":"Turbo","slug":"turbo"}],"_links":{"self":[{"href":"https:\/\/crawl.es\/ca\/wp-json\/wp\/v2\/product\/15499"}],"collection":[{"href":"https:\/\/crawl.es\/ca\/wp-json\/wp\/v2\/product"}],"about":[{"href":"https:\/\/crawl.es\/ca\/wp-json\/wp\/v2\/types\/product"}],"replies":[{"embeddable":true,"href":"https:\/\/crawl.es\/ca\/wp-json\/wp\/v2\/comments?post=15499"}],"wp:featuredmedia":[{"embeddable":true,"href":"https:\/\/crawl.es\/ca\/wp-json\/wp\/v2\/media\/15504"}],"wp:attachment":[{"href":"https:\/\/crawl.es\/ca\/wp-json\/wp\/v2\/media?parent=15499"}],"wp:term":[{"taxonomy":"product_cat","embeddable":true,"href":"https:\/\/crawl.es\/ca\/wp-json\/wp\/v2\/product_cat?post=15499"},{"taxonomy":"product_tag","embeddable":true,"href":"https:\/\/crawl.es\/ca\/wp-json\/wp\/v2\/product_tag?post=15499"}],"curies":[{"name":"wp","href":"https:\/\/api.w.org\/{rel}","templated":true}]}}