{"id":15525,"date":"2025-11-06T17:13:15","date_gmt":"2025-11-06T17:13:15","guid":{"rendered":"https:\/\/crawl.es\/?post_type=product&#038;p=15525"},"modified":"2025-12-18T06:34:43","modified_gmt":"2025-12-18T06:34:43","slug":"banador-mujer-speedo-fl-solid-tri-back-af-blue-violet","status":"publish","type":"product","link":"https:\/\/crawl.es\/ca\/producto\/banador-mujer-speedo-fl-solid-tri-back-af-blue-violet\/","title":{"rendered":"BA\u00d1ADOR MUJER SPEEDO FL SOLID TRI BACK AF blue\/violet"},"content":{"rendered":"<div id=\"synopsis-14ae7980-a25c-4adc-9ce2-8377adb48ad3\" style=\"box-sizing: inherit; margin: 0px; padding: 0px; border: 0px; font-variant-numeric: inherit; font-variant-east-asian: inherit; font-variant-alternates: inherit; font-variant-position: inherit; font-variant-emoji: inherit; font-stretch: inherit; line-height: inherit; font-family: Athletics, sans-serif; font-optical-sizing: inherit; font-size-adjust: inherit; font-kerning: inherit; font-feature-settings: inherit; font-variation-settings: inherit; vertical-align: baseline;\" data-testid=\"accordion\">\n<div class=\"sc-gMiWhe bPbfVd\" style=\"box-sizing: inherit; margin: 0px; padding: 0px 8px; border: 0px; font: inherit; vertical-align: baseline; max-height: 100%; visibility: initial;\" tabindex=\"0\">\n<section style=\"box-sizing: inherit; margin: 0px; padding: 0px; border: 0px; font: inherit; vertical-align: baseline;\" data-hydration-on-demand=\"true\">\n<div class=\"sc-hhWxWE iJsOFx sc-gMbcIq eZrxWN\" style=\"box-sizing: inherit; margin: 0px; padding: 16px 8px 24px; border: 0px; font-variant: inherit; font-stretch: inherit; line-height: 24px; font-optical-sizing: inherit; font-size-adjust: inherit; font-kerning: inherit; font-feature-settings: inherit; font-variation-settings: inherit; vertical-align: baseline; letter-spacing: 0px;\" data-testid=\"styled-text\">\n<p style=\"box-sizing: inherit; margin: 8px 0px 12px; padding: 0px; border: 0px; font-variant: inherit; font-stretch: inherit; line-height: 24px; font-optical-sizing: inherit; font-size-adjust: inherit; font-kerning: inherit; font-feature-settings: inherit; font-variation-settings: inherit; vertical-align: baseline; letter-spacing: 0px;\"><span dir=\"auto\" style=\"box-sizing: inherit; line-height: 24px; letter-spacing: 0px; color: inherit; vertical-align: inherit;\">Logra un rendimiento ganador con nuestro nuevo traje de ba\u00f1o Tri Back. Con nuestro ajuste de m\u00e1xima compresi\u00f3n y una cobertura atrevida en la parte trasera, su dise\u00f1o moderno libera las caderas y los hombros para una sujeci\u00f3n \u00f3ptima. Incre\u00edblemente resistente, est\u00e1 confeccionado con tejido Endurance+ resistente al cloro.<\/span><\/p>\n<\/div>\n<\/section>\n<\/div>\n<\/div>\n<div id=\"keyBenefits-7a3c3651-0c8e-4e10-91f4-0a5eeab8a13e\" style=\"box-sizing: inherit; margin: 0px; padding: 0px; border: 0px; font-variant-numeric: inherit; font-variant-east-asian: inherit; font-variant-alternates: inherit; font-variant-position: inherit; font-variant-emoji: inherit; font-stretch: inherit; line-height: inherit; font-family: Athletics, sans-serif; font-optical-sizing: inherit; font-size-adjust: inherit; font-kerning: inherit; font-feature-settings: inherit; font-variation-settings: inherit; vertical-align: baseline;\" data-testid=\"accordion\"><button class=\"sc-jnXGeI gPfFZF\" style=\"box-sizing: inherit; margin: 0px; padding: 0px; background-image: initial; background-position: initial; background-size: initial; background-repeat: initial; background-attachment: initial; background-origin: initial; background-clip: initial; width: 737.406px; cursor: pointer; border: 0px initial initial;\" data-testid=\"accordion-button\" aria-expanded=\"true\"><button class=\"sc-jnXGeI gPfFZF\" style=\"box-sizing: inherit; margin: 0px; padding: 0px; background-image: initial; background-position: initial; background-size: initial; background-repeat: initial; background-attachment: initial; background-origin: initial; background-clip: initial; width: 737.406px; cursor: pointer; border: 0px initial initial;\" data-testid=\"accordion-button\" aria-expanded=\"true\"><span class=\"sc-iLsHUY gppPbh\" style=\"box-sizing: inherit; margin: 0px; padding: 8px; border-width: 1px 0px 0px; border-image: initial; font-variant: inherit; font-weight: 800; font-stretch: inherit; font-size: 16px; line-height: 24px; font-family: Athletics, sans-serif; font-optical-sizing: inherit; font-size-adjust: inherit; font-kerning: inherit; font-feature-settings: inherit; font-variation-settings: inherit; vertical-align: baseline; letter-spacing: 0px; cursor: pointer; display: flex; -webkit-box-pack: justify; justify-content: space-between; position: relative; -webkit-box-align: center; align-items: center; text-align: left; color: #333333; border-color: #cccccc initial initial initial; border-style: solid initial initial initial;\" data-testid=\"accordion-title\"><span dir=\"auto\" style=\"box-sizing: inherit; vertical-align: inherit;\"><span dir=\"auto\" style=\"box-sizing: inherit; vertical-align: inherit;\">Caracter\u00edsticas y beneficios<\/span><\/span><\/span><\/button><\/button><\/p>\n<div class=\"sc-fHKBYZ bVLCLY\" style=\"box-sizing: inherit; margin: 0px; padding: 0px; border: 0px; font: inherit; vertical-align: baseline; width: 24px; height: 24px; transform: rotate(180deg);\">\u00a0<\/div>\n<div class=\"sc-evHTmi drJeXz\" style=\"box-sizing: inherit; margin: 0px; padding: 0px 8px; border: 0px; font: inherit; vertical-align: baseline; max-height: 100%; visibility: initial;\" tabindex=\"0\">\n<section style=\"box-sizing: inherit; margin: 0px; padding: 0px; border: 0px; font: inherit; vertical-align: baseline;\" data-hydration-on-demand=\"true\">\n<div class=\"sc-hhWxWE iJsOFx sc-gMbcIq eZrxWN\" style=\"box-sizing: inherit; margin: 0px; padding: 16px 8px 24px; border: 0px; font-variant: inherit; font-stretch: inherit; line-height: 24px; font-optical-sizing: inherit; font-size-adjust: inherit; font-kerning: inherit; font-feature-settings: inherit; font-variation-settings: inherit; vertical-align: baseline; letter-spacing: 0px;\" data-testid=\"styled-text\">\n<ul style=\"box-sizing: inherit; margin: 8px 0px 0px calc(18px); padding: 0px; border: 0px; font-variant: inherit; font-stretch: inherit; line-height: 24px; font-optical-sizing: inherit; font-size-adjust: inherit; font-kerning: inherit; font-feature-settings: inherit; font-variation-settings: inherit; vertical-align: baseline; list-style: initial; letter-spacing: 0px; color: inherit;\">\n<li style=\"box-sizing: inherit; margin: 8px 0px 0px; padding: 0px; border: 0px; font-variant: inherit; font-stretch: inherit; line-height: 24px; font-optical-sizing: inherit; font-size-adjust: inherit; font-kerning: inherit; font-feature-settings: inherit; font-variation-settings: inherit; vertical-align: baseline; letter-spacing: 0px;\"><span dir=\"auto\" style=\"box-sizing: inherit; line-height: 24px; letter-spacing: 0px; color: inherit; vertical-align: inherit;\">Endurance+: Tejido duradero y resistente al cloro. Dise\u00f1ado para durar, no se decolora ni se deforma.<\/span><\/li>\n<li style=\"box-sizing: inherit; margin: 8px 0px 0px; padding: 0px; border: 0px; font-variant: inherit; font-stretch: inherit; line-height: 24px; font-optical-sizing: inherit; font-size-adjust: inherit; font-kerning: inherit; font-feature-settings: inherit; font-variation-settings: inherit; vertical-align: baseline; letter-spacing: 0px;\"><span dir=\"auto\" style=\"box-sizing: inherit; line-height: 24px; letter-spacing: 0px; color: inherit; vertical-align: inherit;\">Ajuste competitivo: Nuestro ajuste m\u00e1s compresivo para un rendimiento \u00f3ptimo<\/span><\/li>\n<li style=\"box-sizing: inherit; margin: 8px 0px 0px; padding: 0px; border: 0px; font-variant: inherit; font-stretch: inherit; line-height: 24px; font-optical-sizing: inherit; font-size-adjust: inherit; font-kerning: inherit; font-feature-settings: inherit; font-variation-settings: inherit; vertical-align: baseline; letter-spacing: 0px;\"><span dir=\"auto\" style=\"box-sizing: inherit; line-height: 24px; letter-spacing: 0px; color: inherit; vertical-align: inherit;\">Totalmente forrado<\/span><\/li>\n<li style=\"box-sizing: inherit; margin: 8px 0px 0px; padding: 0px; border: 0px; font-variant: inherit; font-stretch: inherit; line-height: 24px; font-optical-sizing: inherit; font-size-adjust: inherit; font-kerning: inherit; font-feature-settings: inherit; font-variation-settings: inherit; vertical-align: baseline; letter-spacing: 0px;\"><span dir=\"auto\" style=\"box-sizing: inherit; line-height: 24px; letter-spacing: 0px; color: inherit; vertical-align: inherit;\">Cobertura de trasero atrevida<\/span><\/li>\n<\/ul>\n<\/div>\n<\/section>\n<\/div>\n<\/div>\n","protected":false},"excerpt":{"rendered":"<p>Logra un rendimiento ganador con nuestro nuevo traje de ba\u00f1o Tri Back. Con nuestro ajuste de m\u00e1xima compresi\u00f3n y una cobertura atrevida en la parte trasera, su dise\u00f1o moderno libera las caderas y los hombros para una sujeci\u00f3n \u00f3ptima. Incre\u00edblemente resistente, est\u00e1 confeccionado con tejido&#8230;<\/p>\n","protected":false},"featured_media":15530,"comment_status":"open","ping_status":"closed","template":"","meta":[],"product_cat":[43,45],"product_tag":[],"brands":[{"id":307,"name":"Speedo","slug":"speedo"}],"_links":{"self":[{"href":"https:\/\/crawl.es\/ca\/wp-json\/wp\/v2\/product\/15525"}],"collection":[{"href":"https:\/\/crawl.es\/ca\/wp-json\/wp\/v2\/product"}],"about":[{"href":"https:\/\/crawl.es\/ca\/wp-json\/wp\/v2\/types\/product"}],"replies":[{"embeddable":true,"href":"https:\/\/crawl.es\/ca\/wp-json\/wp\/v2\/comments?post=15525"}],"wp:featuredmedia":[{"embeddable":true,"href":"https:\/\/crawl.es\/ca\/wp-json\/wp\/v2\/media\/15530"}],"wp:attachment":[{"href":"https:\/\/crawl.es\/ca\/wp-json\/wp\/v2\/media?parent=15525"}],"wp:term":[{"taxonomy":"product_cat","embeddable":true,"href":"https:\/\/crawl.es\/ca\/wp-json\/wp\/v2\/product_cat?post=15525"},{"taxonomy":"product_tag","embeddable":true,"href":"https:\/\/crawl.es\/ca\/wp-json\/wp\/v2\/product_tag?post=15525"}],"curies":[{"name":"wp","href":"https:\/\/api.w.org\/{rel}","templated":true}]}}