{"id":15573,"date":"2025-11-10T17:40:42","date_gmt":"2025-11-10T17:40:42","guid":{"rendered":"https:\/\/crawl.es\/?post_type=product&#038;p=15573"},"modified":"2026-01-03T17:17:07","modified_gmt":"2026-01-03T17:17:07","slug":"banador-mujer-speedo-fl-solid-tri-back-violeta-azul","status":"publish","type":"product","link":"https:\/\/crawl.es\/ca\/producto\/banador-mujer-speedo-fl-solid-tri-back-violeta-azul\/","title":{"rendered":"BA\u00d1ADOR MUJER SPEEDO FL SOLID TRI BACK\/ VIOLETA-AZUL"},"content":{"rendered":"<p><span style=\"font-family: Athletics, sans-serif;\">Logra un rendimiento ganador con nuestro nuevo traje de ba\u00f1o Tri Back. Con nuestro ajuste de m\u00e1xima compresi\u00f3n y una cobertura atrevida en la parte trasera, su dise\u00f1o moderno libera las caderas y los hombros para una sujeci\u00f3n \u00f3ptima. Incre\u00edblemente resistente, est\u00e1 confeccionado con tejido Endurance+ resistente al cloro.<\/span><\/p>\n<ul style=\"box-sizing: inherit; margin: 8px 0px 0px calc(18px); padding: 0px; border: 0px; font-variant-numeric: inherit; font-variant-east-asian: inherit; font-variant-alternates: inherit; font-variant-position: inherit; font-variant-emoji: inherit; font-stretch: inherit; line-height: 24px; font-family: Athletics, sans-serif; font-optical-sizing: inherit; font-size-adjust: inherit; font-kerning: inherit; font-feature-settings: inherit; font-variation-settings: inherit; vertical-align: baseline; list-style: initial;\">\n<li style=\"box-sizing: inherit; margin: 8px 0px 0px; padding: 0px; border: 0px; font-variant: inherit; font-stretch: inherit; line-height: 24px; font-optical-sizing: inherit; font-size-adjust: inherit; font-kerning: inherit; font-feature-settings: inherit; font-variation-settings: inherit; vertical-align: baseline; letter-spacing: 0px;\"><span dir=\"auto\" style=\"box-sizing: inherit; line-height: 24px; letter-spacing: 0px; color: inherit; vertical-align: inherit;\">Endurance+: Tejido duradero y resistente al cloro. Dise\u00f1ado para durar, no se decolora ni se deforma.<\/span><\/li>\n<li style=\"box-sizing: inherit; margin: 8px 0px 0px; padding: 0px; border: 0px; font-variant: inherit; font-stretch: inherit; line-height: 24px; font-optical-sizing: inherit; font-size-adjust: inherit; font-kerning: inherit; font-feature-settings: inherit; font-variation-settings: inherit; vertical-align: baseline; letter-spacing: 0px;\"><span dir=\"auto\" style=\"box-sizing: inherit; line-height: 24px; letter-spacing: 0px; color: inherit; vertical-align: inherit;\">Ajuste competitivo: Nuestro ajuste m\u00e1s compresivo para un rendimiento \u00f3ptimo<\/span><\/li>\n<li style=\"box-sizing: inherit; margin: 8px 0px 0px; padding: 0px; border: 0px; font-variant: inherit; font-stretch: inherit; line-height: 24px; font-optical-sizing: inherit; font-size-adjust: inherit; font-kerning: inherit; font-feature-settings: inherit; font-variation-settings: inherit; vertical-align: baseline; letter-spacing: 0px;\"><span dir=\"auto\" style=\"box-sizing: inherit; line-height: 24px; letter-spacing: 0px; color: inherit; vertical-align: inherit;\">Totalmente forrado<\/span><\/li>\n<li style=\"box-sizing: inherit; margin: 8px 0px 0px; padding: 0px; border: 0px; font-variant: inherit; font-stretch: inherit; line-height: 24px; font-optical-sizing: inherit; font-size-adjust: inherit; font-kerning: inherit; font-feature-settings: inherit; font-variation-settings: inherit; vertical-align: baseline; letter-spacing: 0px;\"><span dir=\"auto\" style=\"box-sizing: inherit; line-height: 24px; letter-spacing: 0px; color: inherit; vertical-align: inherit;\">Cobertura de trasero atrevida<\/span><\/li>\n<\/ul>\n","protected":false},"excerpt":{"rendered":"<p>Logra un rendimiento ganador con nuestro nuevo traje de ba\u00f1o Tri Back. Con nuestro ajuste de m\u00e1xima compresi\u00f3n y una cobertura atrevida en la parte trasera, su dise\u00f1o moderno libera las caderas y los hombros para una sujeci\u00f3n \u00f3ptima. Incre\u00edblemente resistente, est\u00e1 confeccionado con tejido&#8230;<\/p>\n","protected":false},"featured_media":15578,"comment_status":"open","ping_status":"closed","template":"","meta":[],"product_cat":[43,45],"product_tag":[],"brands":[{"id":307,"name":"Speedo","slug":"speedo"}],"_links":{"self":[{"href":"https:\/\/crawl.es\/ca\/wp-json\/wp\/v2\/product\/15573"}],"collection":[{"href":"https:\/\/crawl.es\/ca\/wp-json\/wp\/v2\/product"}],"about":[{"href":"https:\/\/crawl.es\/ca\/wp-json\/wp\/v2\/types\/product"}],"replies":[{"embeddable":true,"href":"https:\/\/crawl.es\/ca\/wp-json\/wp\/v2\/comments?post=15573"}],"wp:featuredmedia":[{"embeddable":true,"href":"https:\/\/crawl.es\/ca\/wp-json\/wp\/v2\/media\/15578"}],"wp:attachment":[{"href":"https:\/\/crawl.es\/ca\/wp-json\/wp\/v2\/media?parent=15573"}],"wp:term":[{"taxonomy":"product_cat","embeddable":true,"href":"https:\/\/crawl.es\/ca\/wp-json\/wp\/v2\/product_cat?post=15573"},{"taxonomy":"product_tag","embeddable":true,"href":"https:\/\/crawl.es\/ca\/wp-json\/wp\/v2\/product_tag?post=15573"}],"curies":[{"name":"wp","href":"https:\/\/api.w.org\/{rel}","templated":true}]}}