{"id":15767,"date":"2025-12-13T09:51:12","date_gmt":"2025-12-13T09:51:12","guid":{"rendered":"https:\/\/crawl.es\/?post_type=product&#038;p=15767"},"modified":"2025-12-13T09:55:49","modified_gmt":"2025-12-13T09:55:49","slug":"powerskin-st-next-snakeskin-jammer-hombre-ed-ltda","status":"publish","type":"product","link":"https:\/\/crawl.es\/ca\/producto\/powerskin-st-next-snakeskin-jammer-hombre-ed-ltda\/","title":{"rendered":"Powerskin ST Next Snakeskin Jammer Hombre Ed. ltda"},"content":{"rendered":"<p><span style=\"font-family: Roboto, 'Helvetica Neue', Helvetica, Arial, sans-serif; font-size: 14px;\">PRODUCTO PERSONALIZADO.\u00a0<\/span><\/p>\n<p><span style=\"font-family: Roboto, 'Helvetica Neue', Helvetica, Arial, sans-serif; font-size: 14px;\">Entr\u00e9gate con fuerza. Nada con precisi\u00f3n. Con un estampado de serpientes en verde ne\u00f3n y azul, nuestro Jammer Powerskin ST Next Snakeskin para hombre combina un estilo atrevido con un rendimiento de \u00e9lite. Como primer traje de competici\u00f3n homologado por World Aquatics fabricado con materiales reciclados, ST Next ofrece una compresi\u00f3n ligera, una flexibilidad mejorada y una sensaci\u00f3n de ligereza. Un dise\u00f1o de edici\u00f3n limitada para aquellos que canalizan el poder de la naturaleza.<\/span><\/p>\n<p><br style=\"font-family: Roboto, 'Helvetica Neue', Helvetica, Arial, sans-serif; font-size: 14px;\" \/><span style=\"font-weight: bold; font-family: Roboto, 'Helvetica Neue', Helvetica, Arial, sans-serif; font-size: 14px;\">Por qu\u00e9 te encantar\u00e1:<\/span><\/p>\n<ul style=\"margin-top: 0rem; margin-bottom: 2.5rem; font-family: Roboto, 'Helvetica Neue', Helvetica, Arial, sans-serif; font-size: 14px;\">\n<li style=\"margin-top: 0rem; margin-bottom: 1rem;\">Fabricado con fibras recicladas<\/li>\n<li style=\"margin-top: 0rem; margin-bottom: 1rem;\">Ajuste perfecto con costuras ergon\u00f3micas<\/li>\n<li style=\"margin-top: 0rem; margin-bottom: 1rem;\">Sensaci\u00f3n de ligereza con baja absorci\u00f3n de agua<\/li>\n<li style=\"margin-top: 0rem; margin-bottom: 1rem;\">Compresi\u00f3n mejorada y duradera<\/li>\n<\/ul>\n","protected":false},"excerpt":{"rendered":"<p>PRODUCTO PERSONALIZADO.\u00a0 Entr\u00e9gate con fuerza. Nada con precisi\u00f3n. Con un estampado de serpientes en verde ne\u00f3n y azul, nuestro Jammer Powerskin ST Next Snakeskin para hombre combina un estilo atrevido con un rendimiento de \u00e9lite. Como primer traje de competici\u00f3n homologado por World Aquatics fabricado&#8230;<\/p>\n","protected":false},"featured_media":15776,"comment_status":"open","ping_status":"closed","template":"","meta":[],"product_cat":[28,382,370],"product_tag":[],"brands":[{"id":312,"name":"ARENA","slug":"arena"}],"_links":{"self":[{"href":"https:\/\/crawl.es\/ca\/wp-json\/wp\/v2\/product\/15767"}],"collection":[{"href":"https:\/\/crawl.es\/ca\/wp-json\/wp\/v2\/product"}],"about":[{"href":"https:\/\/crawl.es\/ca\/wp-json\/wp\/v2\/types\/product"}],"replies":[{"embeddable":true,"href":"https:\/\/crawl.es\/ca\/wp-json\/wp\/v2\/comments?post=15767"}],"wp:featuredmedia":[{"embeddable":true,"href":"https:\/\/crawl.es\/ca\/wp-json\/wp\/v2\/media\/15776"}],"wp:attachment":[{"href":"https:\/\/crawl.es\/ca\/wp-json\/wp\/v2\/media?parent=15767"}],"wp:term":[{"taxonomy":"product_cat","embeddable":true,"href":"https:\/\/crawl.es\/ca\/wp-json\/wp\/v2\/product_cat?post=15767"},{"taxonomy":"product_tag","embeddable":true,"href":"https:\/\/crawl.es\/ca\/wp-json\/wp\/v2\/product_tag?post=15767"}],"curies":[{"name":"wp","href":"https:\/\/api.w.org\/{rel}","templated":true}]}}