{"id":15780,"date":"2025-12-13T09:59:12","date_gmt":"2025-12-13T09:59:12","guid":{"rendered":"https:\/\/crawl.es\/?post_type=product&#038;p=15780"},"modified":"2025-12-13T10:01:21","modified_gmt":"2025-12-13T10:01:21","slug":"powerskin-st-next-snakeskin-jammer-junior-ed-ltda","status":"publish","type":"product","link":"https:\/\/crawl.es\/ca\/producto\/powerskin-st-next-snakeskin-jammer-junior-ed-ltda\/","title":{"rendered":"Powerskin ST Next Snakeskin Jammer JUNIOR Ed. ltda"},"content":{"rendered":"<div class=\"page-title-wrapper product\" style=\"color: #111111; font-family: Roboto, 'Helvetica Neue', Helvetica, Arial, sans-serif; font-size: 14px;\">\n<p><span style=\"color: #333333;\">Dise\u00f1ado para nadadores listos para competir, nuestro Jammer Powerskin ST Next Snake green Multi para ni\u00f1o presenta un dise\u00f1o innovador y al alcance de todos, que fomenta la concentraci\u00f3n y el equilibrio. Con un ajuste perfecto y m\u00e1s del 60 % de fibras recicladas, este es el primer ba\u00f1ador de competici\u00f3n para ni\u00f1o homologado por World Aquatics que utiliza tejido regenerado. M\u00e1s ligero, duradero e hidrodin\u00e1mico, est\u00e1 dise\u00f1ado para ayudar a los j\u00f3venes atletas a explorar su potencial en el agua.<\/span><br style=\"color: #333333;\" \/><br style=\"color: #333333;\" \/><span style=\"font-weight: bold; color: #333333;\">Por qu\u00e9 te encantar\u00e1:<\/span><\/p>\n<ul style=\"margin-top: 0rem; margin-bottom: 2.5rem; color: #333333;\">\n<li style=\"margin-top: 0rem; margin-bottom: 1rem;\">Fabricado con materiales reciclados<\/li>\n<li style=\"margin-top: 0rem; margin-bottom: 1rem;\">Ajuste perfecto con costuras ergon\u00f3micas<\/li>\n<li style=\"margin-top: 0rem; margin-bottom: 1rem;\">Sensaci\u00f3n de ligereza con baja absorci\u00f3n de agua<\/li>\n<li style=\"margin-top: 0rem; margin-bottom: 1rem;\">Compresi\u00f3n mejorada y duradera<\/li>\n<\/ul>\n<\/div>\n","protected":false},"excerpt":{"rendered":"<p>Dise\u00f1ado para nadadores listos para competir, nuestro Jammer Powerskin ST Next Snake green Multi para ni\u00f1o presenta un dise\u00f1o innovador y al alcance de todos, que fomenta la concentraci\u00f3n y el equilibrio. Con un ajuste perfecto y m\u00e1s del 60 % de fibras recicladas, este&#8230;<\/p>\n","protected":false},"featured_media":15781,"comment_status":"open","ping_status":"closed","template":"","meta":[],"product_cat":[39,48],"product_tag":[],"brands":[],"_links":{"self":[{"href":"https:\/\/crawl.es\/ca\/wp-json\/wp\/v2\/product\/15780"}],"collection":[{"href":"https:\/\/crawl.es\/ca\/wp-json\/wp\/v2\/product"}],"about":[{"href":"https:\/\/crawl.es\/ca\/wp-json\/wp\/v2\/types\/product"}],"replies":[{"embeddable":true,"href":"https:\/\/crawl.es\/ca\/wp-json\/wp\/v2\/comments?post=15780"}],"wp:featuredmedia":[{"embeddable":true,"href":"https:\/\/crawl.es\/ca\/wp-json\/wp\/v2\/media\/15781"}],"wp:attachment":[{"href":"https:\/\/crawl.es\/ca\/wp-json\/wp\/v2\/media?parent=15780"}],"wp:term":[{"taxonomy":"product_cat","embeddable":true,"href":"https:\/\/crawl.es\/ca\/wp-json\/wp\/v2\/product_cat?post=15780"},{"taxonomy":"product_tag","embeddable":true,"href":"https:\/\/crawl.es\/ca\/wp-json\/wp\/v2\/product_tag?post=15780"}],"curies":[{"name":"wp","href":"https:\/\/api.w.org\/{rel}","templated":true}]}}