{"id":15785,"date":"2025-12-13T10:44:29","date_gmt":"2025-12-13T10:44:29","guid":{"rendered":"https:\/\/crawl.es\/?post_type=product&#038;p=15785"},"modified":"2026-04-08T09:27:31","modified_gmt":"2026-04-08T09:27:31","slug":"powerskin-impulso-nina","status":"publish","type":"product","link":"https:\/\/crawl.es\/ca\/producto\/powerskin-impulso-nina\/","title":{"rendered":"Powerskin Impulso Ni\u00f1a"},"content":{"rendered":"<p><span style=\"font-family: Roboto, 'Helvetica Neue', Helvetica, Arial, sans-serif; font-size: 14px;\">Los ba\u00f1adores de competici\u00f3n para j\u00f3venes nadadoras deben ser f\u00e1ciles de usar y estar dise\u00f1ados para rendir al m\u00e1ximo. Reducido a los elementos b\u00e1sicos, nuestro Powerskin Impulso con Espalda abierta para ni\u00f1as presenta un tejido de primera calidad y costuras planas para una comodidad y flexibilidad \u00f3ptimas, con una compresi\u00f3n moderada. El tratamiento hidr\u00f3fobo reduce la resistencia repeliendo el agua y mejorando tu velocidad. De secado r\u00e1pido y aprobado por World Aquatics, este traje de competici\u00f3n es perfecto para las atletas que compiten en varias pruebas a lo largo del d\u00eda.<\/span><\/p>\n","protected":false},"excerpt":{"rendered":"<p>Los ba\u00f1adores de competici\u00f3n para j\u00f3venes nadadoras deben ser f\u00e1ciles de usar y estar dise\u00f1ados para rendir al m\u00e1ximo. Reducido a los elementos b\u00e1sicos, nuestro Powerskin Impulso con Espalda abierta para ni\u00f1as presenta un tejido de primera calidad y costuras planas para una comodidad y&#8230;<\/p>\n","protected":false},"featured_media":15794,"comment_status":"open","ping_status":"closed","template":"","meta":[],"product_cat":[39,455,107],"product_tag":[],"brands":[{"id":312,"name":"ARENA","slug":"arena"}],"_links":{"self":[{"href":"https:\/\/crawl.es\/ca\/wp-json\/wp\/v2\/product\/15785"}],"collection":[{"href":"https:\/\/crawl.es\/ca\/wp-json\/wp\/v2\/product"}],"about":[{"href":"https:\/\/crawl.es\/ca\/wp-json\/wp\/v2\/types\/product"}],"replies":[{"embeddable":true,"href":"https:\/\/crawl.es\/ca\/wp-json\/wp\/v2\/comments?post=15785"}],"wp:featuredmedia":[{"embeddable":true,"href":"https:\/\/crawl.es\/ca\/wp-json\/wp\/v2\/media\/15794"}],"wp:attachment":[{"href":"https:\/\/crawl.es\/ca\/wp-json\/wp\/v2\/media?parent=15785"}],"wp:term":[{"taxonomy":"product_cat","embeddable":true,"href":"https:\/\/crawl.es\/ca\/wp-json\/wp\/v2\/product_cat?post=15785"},{"taxonomy":"product_tag","embeddable":true,"href":"https:\/\/crawl.es\/ca\/wp-json\/wp\/v2\/product_tag?post=15785"}],"curies":[{"name":"wp","href":"https:\/\/api.w.org\/{rel}","templated":true}]}}