{"id":15879,"date":"2025-12-18T11:27:36","date_gmt":"2025-12-18T11:27:36","guid":{"rendered":"https:\/\/crawl.es\/?post_type=product&#038;p=15879"},"modified":"2025-12-18T11:27:37","modified_gmt":"2025-12-18T11:27:37","slug":"banador-natacion-mujer-revolution-circle-barcelona-ref-83204430-crawl","status":"publish","type":"product","link":"https:\/\/crawl.es\/ca\/producto\/banador-natacion-mujer-revolution-circle-barcelona-ref-83204430-crawl\/","title":{"rendered":"BA\u00d1ADOR NATACION MUJER REVOLUTION CIRCLE BARCELONA Ref.83204430\/ CRAWL"},"content":{"rendered":"<div class=\"qode-single-product-summary\" style=\"background-image: initial; background-position: 0px 0px; background-size: initial; background-repeat: initial; background-attachment: initial; background-origin: initial; background-clip: initial; border: 0px; margin: 0px; padding: 0px; vertical-align: baseline; outline: 0px; color: #818181; font-family: Ubuntu, sans-serif; font-size: 18px;\">\n<div class=\"summary entry-summary\" style=\"background: 0px 0px; border: 0px; margin: 0px 0px 45px; padding: 0px; vertical-align: baseline; outline: 0px; float: right; width: 540px;\">\n<div class=\"clearfix\" style=\"background: 0px 0px; border: 0px; margin: 0px; padding: 0px; vertical-align: baseline; outline: 0px;\">\n<div class=\"q_accordion_holder toggle boxed woocommerce-accordion accordion ui-accordion ui-accordion-icons ui-widget ui-helper-reset\" style=\"background: 0px 0px; border: 0px; margin: 0px 0px 30px; padding: 0px; vertical-align: baseline; outline: 0px; position: relative; visibility: visible;\">\n<div class=\"accordion_content ui-accordion-content ui-helper-reset ui-widget-content ui-corner-bottom ui-accordion-content-active\" style=\"background: 0px 0px; border: 0px; margin: 0px; padding: 0px 0px 0px 26px; vertical-align: baseline; outline: 0px;\">\n<div class=\"accordion_content_inner\" style=\"background: 0px 0px; border: 0px; margin: 0px; padding: 20px 0px 25px; vertical-align: baseline; outline: 0px;\">\n<p style=\"background: 0px 0px; border: 0px currentcolor; margin: 0px 0px 10px; padding: 0px; vertical-align: baseline; outline: 0px; font-size: 13px; box-sizing: border-box; --tw-translate-x: 0; --tw-translate-y: 0; --tw-rotate: 0; --tw-skew-x: 0; --tw-skew-y: 0; --tw-scale-x: 1; --tw-scale-y: 1; --tw-transform: translateX(0) translateY(0) rotate(0) skewX(0) skewY(0) scaleX(1) scaleY(1); color: #2b2b2b; font-family: Roboto, sans-serif; letter-spacing: 0.65px;\">Este ba\u00f1ador Turbo est\u00e1 especialmente dise\u00f1ado para la pr\u00e1ctica de la Nataci\u00f3n, y su espalda se inspir\u00f3 en la Nataci\u00f3n sincronizada. Los tirantes estrechos aportan una total libertad de movimiento y flexibilidad, adapt\u00e1ndose perfectamente al cuerpo de la mujer. Est\u00e1 confeccionado con el mejor tejido del mercado con un doble forro delantero. Es resistente al cloro de la piscina y a los rayos UV. Y por ello, la intensidad de sus colores se mantiene con el uso repetido en el tiempo.<\/p>\n<p style=\"background: 0px 0px; border: 0px currentcolor; margin: 0px 0px 10px; padding: 0px; vertical-align: baseline; outline: 0px; font-size: 13px; box-sizing: border-box; --tw-translate-x: 0; --tw-translate-y: 0; --tw-rotate: 0; --tw-skew-x: 0; --tw-skew-y: 0; --tw-scale-x: 1; --tw-scale-y: 1; --tw-transform: translateX(0) translateY(0) rotate(0) skewX(0) skewY(0) scaleX(1) scaleY(1); color: #2b2b2b; font-family: Roboto, sans-serif; letter-spacing: 0.65px;\">\u00a0 \u00a0 \u00a0 \u00a0 \u00a0 \u00a0 \u00a0 \u00a0 \u00a0 \u00a0 \u00a0 \u00a0 \u00a0 \u00a0 \u00a0 \u00a0\u00a0<\/p>\n<p style=\"background: 0px 0px; border: 0px currentcolor; margin: 0px 0px 10px; padding: 0px; vertical-align: baseline; outline: 0px; font-size: 13px; box-sizing: border-box; --tw-translate-x: 0; --tw-translate-y: 0; --tw-rotate: 0; --tw-skew-x: 0; --tw-skew-y: 0; --tw-scale-x: 1; --tw-scale-y: 1; --tw-transform: translateX(0) translateY(0) rotate(0) skewX(0) skewY(0) scaleX(1) scaleY(1); color: #2b2b2b; font-family: Roboto, sans-serif; letter-spacing: 0.65px;\"><span style=\"background: 0px 0px; border: 0px currentcolor; margin: 0px; padding: 0px; vertical-align: baseline; outline: 0px; box-sizing: border-box; --tw-translate-x: 0; --tw-translate-y: 0; --tw-rotate: 0; --tw-skew-x: 0; --tw-skew-y: 0; --tw-scale-x: 1; --tw-scale-y: 1; --tw-transform: translateX(0) translateY(0) rotate(0) skewX(0) skewY(0) scaleX(1) scaleY(1); color: #2445a2;\"><span style=\"background: 0px 0px; border: 0px currentcolor; margin: 0px; padding: 0px; vertical-align: baseline; outline: 0px; box-sizing: border-box; --tw-translate-x: 0; --tw-translate-y: 0; --tw-rotate: 0; --tw-skew-x: 0; --tw-skew-y: 0; --tw-scale-x: 1; --tw-scale-y: 1; --tw-transform: translateX(0) translateY(0) rotate(0) skewX(0) skewY(0) scaleX(1) scaleY(1); font-weight: bold;\">Es considerado uno de los ba\u00f1adores m\u00e1s resistentes del mundo.\u00a0<\/span><\/span><\/p>\n<p style=\"background: 0px 0px; border: 0px currentcolor; margin: 0px 0px 10px; padding: 0px; vertical-align: baseline; outline: 0px; font-size: 13px; box-sizing: border-box; --tw-translate-x: 0; --tw-translate-y: 0; --tw-rotate: 0; --tw-skew-x: 0; --tw-skew-y: 0; --tw-scale-x: 1; --tw-scale-y: 1; --tw-transform: translateX(0) translateY(0) rotate(0) skewX(0) skewY(0) scaleX(1) scaleY(1); color: #2b2b2b; font-family: Roboto, sans-serif; letter-spacing: 0.65px;\">\u00a0 \u00a0 \u00a0 \u00a0 \u00a0 \u00a0 \u00a0 \u00a0 \u00a0 \u00a0 \u00a0 \u00a0 \u00a0 \u00a0 \u00a0 \u00a0 \u00a0 \u00a0<\/p>\n<p style=\"background: 0px 0px; border: 0px currentcolor; margin: 0px 0px 10px; padding: 0px; vertical-align: baseline; outline: 0px; font-size: 13px; box-sizing: border-box; --tw-translate-x: 0; --tw-translate-y: 0; --tw-rotate: 0; --tw-skew-x: 0; --tw-skew-y: 0; --tw-scale-x: 1; --tw-scale-y: 1; --tw-transform: translateX(0) translateY(0) rotate(0) skewX(0) skewY(0) scaleX(1) scaleY(1); color: #2b2b2b; font-family: Roboto, sans-serif; letter-spacing: 0.65px;\"><span style=\"background: 0px 0px; border: 0px currentcolor; margin: 0px; padding: 0px; vertical-align: baseline; outline: 0px; box-sizing: border-box; --tw-translate-x: 0; --tw-translate-y: 0; --tw-rotate: 0; --tw-skew-x: 0; --tw-skew-y: 0; --tw-scale-x: 1; --tw-scale-y: 1; --tw-transform: translateX(0) translateY(0) rotate(0) skewX(0) skewY(0) scaleX(1) scaleY(1); color: #2445a2;\"><span style=\"background: 0px 0px; border: 0px currentcolor; margin: 0px; padding: 0px; vertical-align: baseline; outline: 0px; box-sizing: border-box; --tw-translate-x: 0; --tw-translate-y: 0; --tw-rotate: 0; --tw-skew-x: 0; --tw-skew-y: 0; --tw-scale-x: 1; --tw-scale-y: 1; --tw-transform: translateX(0) translateY(0) rotate(0) skewX(0) skewY(0) scaleX(1) scaleY(1); font-weight: bold;\">Caracter\u00edsticas destacables:<\/span><\/span><\/p>\n<p style=\"background: 0px 0px; border: 0px currentcolor; margin: 0px 0px 10px; padding: 0px; vertical-align: baseline; outline: 0px; font-size: 13px; box-sizing: border-box; --tw-translate-x: 0; --tw-translate-y: 0; --tw-rotate: 0; --tw-skew-x: 0; --tw-skew-y: 0; --tw-scale-x: 1; --tw-scale-y: 1; --tw-transform: translateX(0) translateY(0) rotate(0) skewX(0) skewY(0) scaleX(1) scaleY(1); color: #2b2b2b; font-family: Roboto, sans-serif; letter-spacing: 0.65px;\">\u2013 Tirantes finos<\/p>\n<p style=\"background: 0px 0px; border: 0px currentcolor; margin: 0px 0px 10px; padding: 0px; vertical-align: baseline; outline: 0px; font-size: 13px; box-sizing: border-box; --tw-translate-x: 0; --tw-translate-y: 0; --tw-rotate: 0; --tw-skew-x: 0; --tw-skew-y: 0; --tw-scale-x: 1; --tw-scale-y: 1; --tw-transform: translateX(0) translateY(0) rotate(0) skewX(0) skewY(0) scaleX(1) scaleY(1); color: #2b2b2b; font-family: Roboto, sans-serif; letter-spacing: 0.65px;\">\u2013\u00a0Espalda con doble cruzado<\/p>\n<p style=\"background: 0px 0px; border: 0px currentcolor; margin: 0px 0px 10px; padding: 0px; vertical-align: baseline; outline: 0px; font-size: 13px; box-sizing: border-box; --tw-translate-x: 0; --tw-translate-y: 0; --tw-rotate: 0; --tw-skew-x: 0; --tw-skew-y: 0; --tw-scale-x: 1; --tw-scale-y: 1; --tw-transform: translateX(0) translateY(0) rotate(0) skewX(0) skewY(0) scaleX(1) scaleY(1); color: #2b2b2b; font-family: Roboto, sans-serif; letter-spacing: 0.65px;\">\u2013 Corte de pierna alto<\/p>\n<p style=\"background: 0px 0px; border: 0px currentcolor; margin: 0px 0px 10px; padding: 0px; vertical-align: baseline; outline: 0px; font-size: 13px; box-sizing: border-box; --tw-translate-x: 0; --tw-translate-y: 0; --tw-rotate: 0; --tw-skew-x: 0; --tw-skew-y: 0; --tw-scale-x: 1; --tw-scale-y: 1; --tw-transform: translateX(0) translateY(0) rotate(0) skewX(0) skewY(0) scaleX(1) scaleY(1); color: #2b2b2b; font-family: Roboto, sans-serif; letter-spacing: 0.65px;\">\u2013 Forro delantero completo<\/p>\n<p style=\"background: 0px 0px; border: 0px currentcolor; margin: 0px 0px 10px; padding: 0px; vertical-align: baseline; outline: 0px; font-size: 13px; box-sizing: border-box; --tw-translate-x: 0; --tw-translate-y: 0; --tw-rotate: 0; --tw-skew-x: 0; --tw-skew-y: 0; --tw-scale-x: 1; --tw-scale-y: 1; --tw-transform: translateX(0) translateY(0) rotate(0) skewX(0) skewY(0) scaleX(1) scaleY(1); color: #2b2b2b; font-family: Roboto, sans-serif; letter-spacing: 0.65px;\">\u2013 Resistente al cloro<\/p>\n<p style=\"background: 0px 0px; border: 0px currentcolor; margin: 0px 0px 10px; padding: 0px; vertical-align: baseline; outline: 0px; font-size: 13px; box-sizing: border-box; --tw-translate-x: 0; --tw-translate-y: 0; --tw-rotate: 0; --tw-skew-x: 0; --tw-skew-y: 0; --tw-scale-x: 1; --tw-scale-y: 1; --tw-transform: translateX(0) translateY(0) rotate(0) skewX(0) skewY(0) scaleX(1) scaleY(1); color: #2b2b2b; font-family: Roboto, sans-serif; letter-spacing: 0.65px;\">\u2013 Colores duraderos<\/p>\n<p style=\"background: 0px 0px; border: 0px currentcolor; margin: 0px 0px 10px; padding: 0px; vertical-align: baseline; outline: 0px; font-size: 13px; box-sizing: border-box; --tw-translate-x: 0; --tw-translate-y: 0; --tw-rotate: 0; --tw-skew-x: 0; --tw-skew-y: 0; --tw-scale-x: 1; --tw-scale-y: 1; --tw-transform: translateX(0) translateY(0) rotate(0) skewX(0) skewY(0) scaleX(1) scaleY(1); color: #2b2b2b; font-family: Roboto, sans-serif; letter-spacing: 0.65px;\">\u2013 Composici\u00f3n: 55% poli\u00e9ster PBT, 45% poli\u00e9ster<\/p>\n<p style=\"background: 0px 0px; border: 0px currentcolor; margin: 0px 0px 10px; padding: 0px; vertical-align: baseline; outline: 0px; font-size: 13px; box-sizing: border-box; --tw-translate-x: 0; --tw-translate-y: 0; --tw-rotate: 0; --tw-skew-x: 0; --tw-skew-y: 0; --tw-scale-x: 1; --tw-scale-y: 1; --tw-transform: translateX(0) translateY(0) rotate(0) skewX(0) skewY(0) scaleX(1) scaleY(1); color: #2b2b2b; font-family: Roboto, sans-serif; letter-spacing: 0.65px;\">\u00a0 \u00a0 \u00a0 \u00a0 \u00a0 \u00a0 \u00a0 \u00a0 \u00a0 \u00a0 \u00a0 \u00a0 \u00a0 \u00a0 \u00a0 \u00a0\u00a0<\/p>\n<p style=\"background: 0px 0px; border: 0px currentcolor; margin: 0px 0px 10px; padding: 0px; vertical-align: baseline; outline: 0px; font-size: 13px; box-sizing: border-box; --tw-translate-x: 0; --tw-translate-y: 0; --tw-rotate: 0; --tw-skew-x: 0; --tw-skew-y: 0; --tw-scale-x: 1; --tw-scale-y: 1; --tw-transform: translateX(0) translateY(0) rotate(0) skewX(0) skewY(0) scaleX(1) scaleY(1); color: #2b2b2b; font-family: Roboto, sans-serif; letter-spacing: 0.65px;\"><span style=\"background: 0px 0px; border: 0px currentcolor; margin: 0px; padding: 0px; vertical-align: baseline; outline: 0px; box-sizing: border-box; --tw-translate-x: 0; --tw-translate-y: 0; --tw-rotate: 0; --tw-skew-x: 0; --tw-skew-y: 0; --tw-scale-x: 1; --tw-scale-y: 1; --tw-transform: translateX(0) translateY(0) rotate(0) skewX(0) skewY(0) scaleX(1) scaleY(1); color: #2445a2;\"><span style=\"background: 0px 0px; border: 0px currentcolor; margin: 0px; padding: 0px; vertical-align: baseline; outline: 0px; box-sizing: border-box; --tw-translate-x: 0; --tw-translate-y: 0; --tw-rotate: 0; --tw-skew-x: 0; --tw-skew-y: 0; --tw-scale-x: 1; --tw-scale-y: 1; --tw-transform: translateX(0) translateY(0) rotate(0) skewX(0) skewY(0) scaleX(1) scaleY(1); font-weight: bold;\">Uso recomendado:<\/span><\/span><\/p>\n<p style=\"background: 0px 0px; border: 0px currentcolor; margin: 0px 0px 10px; padding: 0px; vertical-align: baseline; outline: 0px; font-size: 13px; box-sizing: border-box; --tw-translate-x: 0; --tw-translate-y: 0; --tw-rotate: 0; --tw-skew-x: 0; --tw-skew-y: 0; --tw-scale-x: 1; --tw-scale-y: 1; --tw-transform: translateX(0) translateY(0) rotate(0) skewX(0) skewY(0) scaleX(1) scaleY(1); color: #2b2b2b; font-family: Roboto, sans-serif; letter-spacing: 0.65px;\">\u2013 Ba\u00f1ador perfecto para la pr\u00e1ctica de la Nataci\u00f3n como ba\u00f1ador de entrenamiento. Gracias a su gran adaptabilidad al cuerpo, no arrastra agua al nadar y lo hace una opci\u00f3n comod\u00edsima para el uso diario.\u00a0<\/p>\n<p style=\"background: 0px 0px; border: 0px currentcolor; margin: 0px 0px 10px; padding: 0px; vertical-align: baseline; outline: 0px; font-size: 13px; box-sizing: border-box; --tw-translate-x: 0; --tw-translate-y: 0; --tw-rotate: 0; --tw-skew-x: 0; --tw-skew-y: 0; --tw-scale-x: 1; --tw-scale-y: 1; --tw-transform: translateX(0) translateY(0) rotate(0) skewX(0) skewY(0) scaleX(1) scaleY(1); color: #2b2b2b; font-family: Roboto, sans-serif; letter-spacing: 0.65px;\">Muchas nadadoras prefieren el tirante estrecho durante los entrenos al aire libre cuando est\u00e1n expuestas a los rayos solares. De este modo, evitan tener una evidente marca por el moreno en la piel.<\/p>\n<p style=\"background: 0px 0px; border: 0px currentcolor; margin: 0px 0px 10px; padding: 0px; vertical-align: baseline; outline: 0px; font-size: 13px; box-sizing: border-box; --tw-translate-x: 0; --tw-translate-y: 0; --tw-rotate: 0; --tw-skew-x: 0; --tw-skew-y: 0; --tw-scale-x: 1; --tw-scale-y: 1; --tw-transform: translateX(0) translateY(0) rotate(0) skewX(0) skewY(0) scaleX(1) scaleY(1); color: #2b2b2b; font-family: Roboto, sans-serif; letter-spacing: 0.65px;\">\u00a0 \u00a0 \u00a0 \u00a0 \u00a0 \u00a0 \u00a0 \u00a0 \u00a0 \u00a0 \u00a0 \u00a0 \u00a0 \u00a0 \u00a0 \u00a0 \u00a0\u00a0<\/p>\n<p style=\"background: 0px 0px; border: 0px currentcolor; margin: 0px 0px 10px; padding: 0px; vertical-align: baseline; outline: 0px; font-size: 13px; box-sizing: border-box; --tw-translate-x: 0; --tw-translate-y: 0; --tw-rotate: 0; --tw-skew-x: 0; --tw-skew-y: 0; --tw-scale-x: 1; --tw-scale-y: 1; --tw-transform: translateX(0) translateY(0) rotate(0) skewX(0) skewY(0) scaleX(1) scaleY(1); color: #2b2b2b; font-family: Roboto, sans-serif; letter-spacing: 0.65px;\">*Este art\u00edculo tiene un tallaje m\u00e1s peque\u00f1o de lo habitual, y por ello, recomendamos optar por una talla superior a lo habitual. En caso de compararlo con el ba\u00f1ador Turbo de tira ancha, sugerimos optar por una talla inferior dado que tallan un poco m\u00e1s grandes.\u00a0\u00a0<\/p>\n<\/div>\n<\/div>\n<h6 class=\"title-holder clearfix additional_information_tab ui-accordion-header ui-helper-reset ui-state-default ui-corner-top ui-corner-bottom\" style=\"background: 0px 0px #e3e3e3; border: 0px; margin: 0px 0px 5px; padding: 10px 0px 0px; vertical-align: baseline; outline: 0px; color: #303030; font-size: 13px; line-height: 2em; text-transform: uppercase; letter-spacing: 1px; cursor: pointer; position: relative; min-height: 45px; transform: translateZ(0px); box-sizing: border-box; transition: color 0.3s ease-in-out, background-color 0.3s ease-in-out; text-align: center;\"><span class=\"tab-title\" style=\"background: 0px 0px; border: 0px; margin: 0px; padding: 0px; vertical-align: baseline; outline: 0px;\">Informaci\u00f3n adicional<\/span><\/h6>\n<h6 class=\"title-holder clearfix reviews_tab ui-accordion-header ui-helper-reset ui-state-default ui-corner-top ui-corner-bottom\" style=\"background: 0px 0px #e3e3e3; border: 0px; margin: 0px 0px 5px; padding: 10px 0px 0px; vertical-align: baseline; outline: 0px; color: #303030; font-size: 13px; line-height: 2em; text-transform: uppercase; letter-spacing: 1px; cursor: pointer; position: relative; min-height: 45px; transform: translateZ(0px); box-sizing: border-box; transition: color 0.3s ease-in-out, background-color 0.3s ease-in-out; text-align: center;\"><span class=\"tab-title\" style=\"background: 0px 0px; border: 0px; margin: 0px; padding: 0px; vertical-align: baseline; outline: 0px;\">Valoraciones (0)<\/span><\/h6>\n<\/div>\n<\/div>\n<\/div>\n<\/div>\n<div class=\"related products\" style=\"background-image: initial; background-position: 0px 0px; background-size: initial; background-repeat: initial; background-attachment: initial; background-origin: initial; background-clip: initial; border: 0px; margin: 0px; padding: 0px; vertical-align: baseline; outline: 0px; clear: both; color: #818181; font-family: Ubuntu, sans-serif; font-size: 18px;\">\n<h4 class=\"qode-related-upsells-title\" style=\"background: 0px 0px; border: 0px; margin: 0px 0px 34px; padding: 0px; vertical-align: baseline; outline: 0px; color: #303030; font-size: 19px; line-height: 1.375em; font-weight: 400;\">Related products<\/h4>\n<\/div>\n","protected":false},"excerpt":{"rendered":"<p>Este ba\u00f1ador Turbo est\u00e1 especialmente dise\u00f1ado para la pr\u00e1ctica de la Nataci\u00f3n, y su espalda se inspir\u00f3 en la Nataci\u00f3n sincronizada. Los tirantes estrechos aportan una total libertad de movimiento y flexibilidad, adapt\u00e1ndose perfectamente al cuerpo de la mujer. Est\u00e1 confeccionado con el mejor tejido&#8230;<\/p>\n","protected":false},"featured_media":15884,"comment_status":"open","ping_status":"closed","template":"","meta":[],"product_cat":[43,31,45],"product_tag":[],"brands":[{"id":22,"name":"Turbo","slug":"turbo"}],"_links":{"self":[{"href":"https:\/\/crawl.es\/ca\/wp-json\/wp\/v2\/product\/15879"}],"collection":[{"href":"https:\/\/crawl.es\/ca\/wp-json\/wp\/v2\/product"}],"about":[{"href":"https:\/\/crawl.es\/ca\/wp-json\/wp\/v2\/types\/product"}],"replies":[{"embeddable":true,"href":"https:\/\/crawl.es\/ca\/wp-json\/wp\/v2\/comments?post=15879"}],"wp:featuredmedia":[{"embeddable":true,"href":"https:\/\/crawl.es\/ca\/wp-json\/wp\/v2\/media\/15884"}],"wp:attachment":[{"href":"https:\/\/crawl.es\/ca\/wp-json\/wp\/v2\/media?parent=15879"}],"wp:term":[{"taxonomy":"product_cat","embeddable":true,"href":"https:\/\/crawl.es\/ca\/wp-json\/wp\/v2\/product_cat?post=15879"},{"taxonomy":"product_tag","embeddable":true,"href":"https:\/\/crawl.es\/ca\/wp-json\/wp\/v2\/product_tag?post=15879"}],"curies":[{"name":"wp","href":"https:\/\/api.w.org\/{rel}","templated":true}]}}