{"id":15901,"date":"2025-12-18T12:17:58","date_gmt":"2025-12-18T12:17:58","guid":{"rendered":"https:\/\/crawl.es\/?post_type=product&#038;p=15901"},"modified":"2025-12-18T12:17:58","modified_gmt":"2025-12-18T12:17:58","slug":"banador-patron-kraken-night-leaves-ref-83205255-crawl","status":"publish","type":"product","link":"https:\/\/crawl.es\/ca\/producto\/banador-patron-kraken-night-leaves-ref-83205255-crawl\/","title":{"rendered":"BA\u00d1ADOR PATRON KRAKEN NIGHT LEAVES REF. 83205255\/ CRAWL"},"content":{"rendered":"<p style=\"background-image: initial; background-position: 0px 0px; background-size: initial; background-repeat: initial; background-attachment: initial; background-origin: initial; background-clip: initial; border: 0px currentcolor; margin: 0px 0px 10px; padding: 0px; vertical-align: baseline; outline: 0px; font-size: 13px; box-sizing: border-box; --tw-translate-x: 0; --tw-translate-y: 0; --tw-rotate: 0; --tw-skew-x: 0; --tw-skew-y: 0; --tw-scale-x: 1; --tw-scale-y: 1; --tw-transform: translateX(0) translateY(0) rotate(0) skewX(0) skewY(0) scaleX(1) scaleY(1); color: #2b2b2b; font-family: Roboto, sans-serif; letter-spacing: 0.65px;\">Este ba\u00f1ador Turbo est\u00e1 especialmente dise\u00f1ado para la pr\u00e1ctica de la Nataci\u00f3n. Los tirantes estrechos aportan una total libertad de movimiento y flexibilidad, adapt\u00e1ndose perfectamente al cuerpo de la mujer. Al cubrir menos el hombro que el tirante ancho, evita marcas por contraste de tonalidades de piel debido a la exposici\u00f3n solar. Est\u00e1 confeccionado con el mejor tejido del mercado con un doble forro delantero. Es resistente al cloro de la piscina y a los rayos UV. Y por ello, la intensidad de sus colores se mantiene con el uso repetido en el tiempo.<\/p>\n<p style=\"background-image: initial; background-position: 0px 0px; background-size: initial; background-repeat: initial; background-attachment: initial; background-origin: initial; background-clip: initial; border: 0px currentcolor; margin: 0px 0px 10px; padding: 0px; vertical-align: baseline; outline: 0px; font-size: 13px; box-sizing: border-box; --tw-translate-x: 0; --tw-translate-y: 0; --tw-rotate: 0; --tw-skew-x: 0; --tw-skew-y: 0; --tw-scale-x: 1; --tw-scale-y: 1; --tw-transform: translateX(0) translateY(0) rotate(0) skewX(0) skewY(0) scaleX(1) scaleY(1); color: #2b2b2b; font-family: Roboto, sans-serif; letter-spacing: 0.65px;\">\u00a0 \u00a0 \u00a0 \u00a0 \u00a0 \u00a0 \u00a0 \u00a0 \u00a0 \u00a0 \u00a0 \u00a0 \u00a0 \u00a0 \u00a0 \u00a0\u00a0<\/p>\n<p style=\"background-image: initial; background-position: 0px 0px; background-size: initial; background-repeat: initial; background-attachment: initial; background-origin: initial; background-clip: initial; border: 0px currentcolor; margin: 0px 0px 10px; padding: 0px; vertical-align: baseline; outline: 0px; font-size: 13px; box-sizing: border-box; --tw-translate-x: 0; --tw-translate-y: 0; --tw-rotate: 0; --tw-skew-x: 0; --tw-skew-y: 0; --tw-scale-x: 1; --tw-scale-y: 1; --tw-transform: translateX(0) translateY(0) rotate(0) skewX(0) skewY(0) scaleX(1) scaleY(1); color: #2b2b2b; font-family: Roboto, sans-serif; letter-spacing: 0.65px;\"><span style=\"background: 0px 0px; border: 0px currentcolor; margin: 0px; padding: 0px; vertical-align: baseline; outline: 0px; box-sizing: border-box; --tw-translate-x: 0; --tw-translate-y: 0; --tw-rotate: 0; --tw-skew-x: 0; --tw-skew-y: 0; --tw-scale-x: 1; --tw-scale-y: 1; --tw-transform: translateX(0) translateY(0) rotate(0) skewX(0) skewY(0) scaleX(1) scaleY(1); color: #2445a2;\"><span style=\"background: 0px 0px; border: 0px currentcolor; margin: 0px; padding: 0px; vertical-align: baseline; outline: 0px; box-sizing: border-box; --tw-translate-x: 0; --tw-translate-y: 0; --tw-rotate: 0; --tw-skew-x: 0; --tw-skew-y: 0; --tw-scale-x: 1; --tw-scale-y: 1; --tw-transform: translateX(0) translateY(0) rotate(0) skewX(0) skewY(0) scaleX(1) scaleY(1); font-weight: bold;\">Es considerado uno de los ba\u00f1adores m\u00e1s resistentes del mundo.\u00a0<\/span><\/span><\/p>\n<p style=\"background-image: initial; background-position: 0px 0px; background-size: initial; background-repeat: initial; background-attachment: initial; background-origin: initial; background-clip: initial; border: 0px currentcolor; margin: 0px 0px 10px; padding: 0px; vertical-align: baseline; outline: 0px; font-size: 13px; box-sizing: border-box; --tw-translate-x: 0; --tw-translate-y: 0; --tw-rotate: 0; --tw-skew-x: 0; --tw-skew-y: 0; --tw-scale-x: 1; --tw-scale-y: 1; --tw-transform: translateX(0) translateY(0) rotate(0) skewX(0) skewY(0) scaleX(1) scaleY(1); color: #2b2b2b; font-family: Roboto, sans-serif; letter-spacing: 0.65px;\">\u00a0 \u00a0 \u00a0 \u00a0 \u00a0 \u00a0 \u00a0 \u00a0 \u00a0 \u00a0 \u00a0 \u00a0 \u00a0 \u00a0 \u00a0 \u00a0 \u00a0 \u00a0<\/p>\n<p style=\"background-image: initial; background-position: 0px 0px; background-size: initial; background-repeat: initial; background-attachment: initial; background-origin: initial; background-clip: initial; border: 0px currentcolor; margin: 0px 0px 10px; padding: 0px; vertical-align: baseline; outline: 0px; font-size: 13px; box-sizing: border-box; --tw-translate-x: 0; --tw-translate-y: 0; --tw-rotate: 0; --tw-skew-x: 0; --tw-skew-y: 0; --tw-scale-x: 1; --tw-scale-y: 1; --tw-transform: translateX(0) translateY(0) rotate(0) skewX(0) skewY(0) scaleX(1) scaleY(1); color: #2b2b2b; font-family: Roboto, sans-serif; letter-spacing: 0.65px;\"><span style=\"background: 0px 0px; border: 0px currentcolor; margin: 0px; padding: 0px; vertical-align: baseline; outline: 0px; box-sizing: border-box; --tw-translate-x: 0; --tw-translate-y: 0; --tw-rotate: 0; --tw-skew-x: 0; --tw-skew-y: 0; --tw-scale-x: 1; --tw-scale-y: 1; --tw-transform: translateX(0) translateY(0) rotate(0) skewX(0) skewY(0) scaleX(1) scaleY(1); color: #2445a2;\"><span style=\"background: 0px 0px; border: 0px currentcolor; margin: 0px; padding: 0px; vertical-align: baseline; outline: 0px; box-sizing: border-box; --tw-translate-x: 0; --tw-translate-y: 0; --tw-rotate: 0; --tw-skew-x: 0; --tw-skew-y: 0; --tw-scale-x: 1; --tw-scale-y: 1; --tw-transform: translateX(0) translateY(0) rotate(0) skewX(0) skewY(0) scaleX(1) scaleY(1); font-weight: bold;\">Caracter\u00edsticas destacables:<\/span><\/span><\/p>\n<p style=\"background-image: initial; background-position: 0px 0px; background-size: initial; background-repeat: initial; background-attachment: initial; background-origin: initial; background-clip: initial; border: 0px currentcolor; margin: 0px 0px 10px; padding: 0px; vertical-align: baseline; outline: 0px; font-size: 13px; box-sizing: border-box; --tw-translate-x: 0; --tw-translate-y: 0; --tw-rotate: 0; --tw-skew-x: 0; --tw-skew-y: 0; --tw-scale-x: 1; --tw-scale-y: 1; --tw-transform: translateX(0) translateY(0) rotate(0) skewX(0) skewY(0) scaleX(1) scaleY(1); color: #2b2b2b; font-family: Roboto, sans-serif; letter-spacing: 0.65px;\">\u2013 Costuras reforzadas<\/p>\n<p style=\"background-image: initial; background-position: 0px 0px; background-size: initial; background-repeat: initial; background-attachment: initial; background-origin: initial; background-clip: initial; border: 0px currentcolor; margin: 0px 0px 10px; padding: 0px; vertical-align: baseline; outline: 0px; font-size: 13px; box-sizing: border-box; --tw-translate-x: 0; --tw-translate-y: 0; --tw-rotate: 0; --tw-skew-x: 0; --tw-skew-y: 0; --tw-scale-x: 1; --tw-scale-y: 1; --tw-transform: translateX(0) translateY(0) rotate(0) skewX(0) skewY(0) scaleX(1) scaleY(1); color: #2b2b2b; font-family: Roboto, sans-serif; letter-spacing: 0.65px;\">-Tirantes finos<\/p>\n<p style=\"background-image: initial; background-position: 0px 0px; background-size: initial; background-repeat: initial; background-attachment: initial; background-origin: initial; background-clip: initial; border: 0px currentcolor; margin: 0px 0px 10px; padding: 0px; vertical-align: baseline; outline: 0px; font-size: 13px; box-sizing: border-box; --tw-translate-x: 0; --tw-translate-y: 0; --tw-rotate: 0; --tw-skew-x: 0; --tw-skew-y: 0; --tw-scale-x: 1; --tw-scale-y: 1; --tw-transform: translateX(0) translateY(0) rotate(0) skewX(0) skewY(0) scaleX(1) scaleY(1); color: #2b2b2b; font-family: Roboto, sans-serif; letter-spacing: 0.65px;\">\u2013 Forro delantero completo<\/p>\n<p style=\"background-image: initial; background-position: 0px 0px; background-size: initial; background-repeat: initial; background-attachment: initial; background-origin: initial; background-clip: initial; border: 0px currentcolor; margin: 0px 0px 10px; padding: 0px; vertical-align: baseline; outline: 0px; font-size: 13px; box-sizing: border-box; --tw-translate-x: 0; --tw-translate-y: 0; --tw-rotate: 0; --tw-skew-x: 0; --tw-skew-y: 0; --tw-scale-x: 1; --tw-scale-y: 1; --tw-transform: translateX(0) translateY(0) rotate(0) skewX(0) skewY(0) scaleX(1) scaleY(1); color: #2b2b2b; font-family: Roboto, sans-serif; letter-spacing: 0.65px;\">\u2013 Resistente al cloro<\/p>\n<p style=\"background-image: initial; background-position: 0px 0px; background-size: initial; background-repeat: initial; background-attachment: initial; background-origin: initial; background-clip: initial; border: 0px currentcolor; margin: 0px 0px 10px; padding: 0px; vertical-align: baseline; outline: 0px; font-size: 13px; box-sizing: border-box; --tw-translate-x: 0; --tw-translate-y: 0; --tw-rotate: 0; --tw-skew-x: 0; --tw-skew-y: 0; --tw-scale-x: 1; --tw-scale-y: 1; --tw-transform: translateX(0) translateY(0) rotate(0) skewX(0) skewY(0) scaleX(1) scaleY(1); color: #2b2b2b; font-family: Roboto, sans-serif; letter-spacing: 0.65px;\">\u2013 Colores duraderos<\/p>\n<p style=\"background-image: initial; background-position: 0px 0px; background-size: initial; background-repeat: initial; background-attachment: initial; background-origin: initial; background-clip: initial; border: 0px currentcolor; margin: 0px 0px 10px; padding: 0px; vertical-align: baseline; outline: 0px; font-size: 13px; box-sizing: border-box; --tw-translate-x: 0; --tw-translate-y: 0; --tw-rotate: 0; --tw-skew-x: 0; --tw-skew-y: 0; --tw-scale-x: 1; --tw-scale-y: 1; --tw-transform: translateX(0) translateY(0) rotate(0) skewX(0) skewY(0) scaleX(1) scaleY(1); color: #2b2b2b; font-family: Roboto, sans-serif; letter-spacing: 0.65px;\">\u2013 Composici\u00f3n: 55% poli\u00e9ster PBT, 45% poli\u00e9ster<\/p>\n<p style=\"background-image: initial; background-position: 0px 0px; background-size: initial; background-repeat: initial; background-attachment: initial; background-origin: initial; background-clip: initial; border: 0px currentcolor; margin: 0px 0px 10px; padding: 0px; vertical-align: baseline; outline: 0px; font-size: 13px; box-sizing: border-box; --tw-translate-x: 0; --tw-translate-y: 0; --tw-rotate: 0; --tw-skew-x: 0; --tw-skew-y: 0; --tw-scale-x: 1; --tw-scale-y: 1; --tw-transform: translateX(0) translateY(0) rotate(0) skewX(0) skewY(0) scaleX(1) scaleY(1); color: #2b2b2b; font-family: Roboto, sans-serif; letter-spacing: 0.65px;\">\u00a0 \u00a0 \u00a0 \u00a0 \u00a0 \u00a0 \u00a0 \u00a0 \u00a0 \u00a0 \u00a0 \u00a0 \u00a0 \u00a0 \u00a0 \u00a0\u00a0<\/p>\n<p style=\"background-image: initial; background-position: 0px 0px; background-size: initial; background-repeat: initial; background-attachment: initial; background-origin: initial; background-clip: initial; border: 0px currentcolor; margin: 0px 0px 10px; padding: 0px; vertical-align: baseline; outline: 0px; font-size: 13px; box-sizing: border-box; --tw-translate-x: 0; --tw-translate-y: 0; --tw-rotate: 0; --tw-skew-x: 0; --tw-skew-y: 0; --tw-scale-x: 1; --tw-scale-y: 1; --tw-transform: translateX(0) translateY(0) rotate(0) skewX(0) skewY(0) scaleX(1) scaleY(1); color: #2b2b2b; font-family: Roboto, sans-serif; letter-spacing: 0.65px;\"><span style=\"background: 0px 0px; border: 0px currentcolor; margin: 0px; padding: 0px; vertical-align: baseline; outline: 0px; box-sizing: border-box; --tw-translate-x: 0; --tw-translate-y: 0; --tw-rotate: 0; --tw-skew-x: 0; --tw-skew-y: 0; --tw-scale-x: 1; --tw-scale-y: 1; --tw-transform: translateX(0) translateY(0) rotate(0) skewX(0) skewY(0) scaleX(1) scaleY(1); color: #2445a2;\"><span style=\"background: 0px 0px; border: 0px currentcolor; margin: 0px; padding: 0px; vertical-align: baseline; outline: 0px; box-sizing: border-box; --tw-translate-x: 0; --tw-translate-y: 0; --tw-rotate: 0; --tw-skew-x: 0; --tw-skew-y: 0; --tw-scale-x: 1; --tw-scale-y: 1; --tw-transform: translateX(0) translateY(0) rotate(0) skewX(0) skewY(0) scaleX(1) scaleY(1); font-weight: bold;\">Uso recomendado:<\/span><\/span><\/p>\n<p style=\"background-image: initial; background-position: 0px 0px; background-size: initial; background-repeat: initial; background-attachment: initial; background-origin: initial; background-clip: initial; border: 0px currentcolor; margin: 0px 0px 10px; padding: 0px; vertical-align: baseline; outline: 0px; font-size: 13px; box-sizing: border-box; --tw-translate-x: 0; --tw-translate-y: 0; --tw-rotate: 0; --tw-skew-x: 0; --tw-skew-y: 0; --tw-scale-x: 1; --tw-scale-y: 1; --tw-transform: translateX(0) translateY(0) rotate(0) skewX(0) skewY(0) scaleX(1) scaleY(1); color: #2b2b2b; font-family: Roboto, sans-serif; letter-spacing: 0.65px;\">\u2013 Ba\u00f1ador perfecto para la pr\u00e1ctica de la Nataci\u00f3n como ba\u00f1ador de entrenamiento. Gracias a su gran adaptabilidad al cuerpo, no arrastra agua al nadar y lo hace una opci\u00f3n comod\u00edsima para el uso diario.\u00a0<\/p>\n<p style=\"background-image: initial; background-position: 0px 0px; background-size: initial; background-repeat: initial; background-attachment: initial; background-origin: initial; background-clip: initial; border: 0px currentcolor; margin: 0px 0px 10px; padding: 0px; vertical-align: baseline; outline: 0px; font-size: 13px; box-sizing: border-box; --tw-translate-x: 0; --tw-translate-y: 0; --tw-rotate: 0; --tw-skew-x: 0; --tw-skew-y: 0; --tw-scale-x: 1; --tw-scale-y: 1; --tw-transform: translateX(0) translateY(0) rotate(0) skewX(0) skewY(0) scaleX(1) scaleY(1); color: #2b2b2b; font-family: Roboto, sans-serif; letter-spacing: 0.65px;\">\u00a0<\/p>\n<p style=\"background-image: initial; background-position: 0px 0px; background-size: initial; background-repeat: initial; background-attachment: initial; background-origin: initial; background-clip: initial; border: 0px currentcolor; margin: 0px 0px 10px; padding: 0px; vertical-align: baseline; outline: 0px; font-size: 13px; box-sizing: border-box; --tw-translate-x: 0; --tw-translate-y: 0; --tw-rotate: 0; --tw-skew-x: 0; --tw-skew-y: 0; --tw-scale-x: 1; --tw-scale-y: 1; --tw-transform: translateX(0) translateY(0) rotate(0) skewX(0) skewY(0) scaleX(1) scaleY(1); color: #2b2b2b; font-family: Roboto, sans-serif; letter-spacing: 0.65px;\"><strong style=\"background: 0px 0px; border: 0px; margin: 0px; padding: 0px; vertical-align: baseline; outline: 0px;\">*Este art\u00edculo tiene un tallaje m\u00e1s peque\u00f1o de lo habitual, y por ello, recomendamos optar por una talla superior a lo habitual. En caso de compararlo con el ba\u00f1ador Turbo de tira ancha, sugerimos optar por una talla inferior dado que tallan un poco m\u00e1s grandes.\u00a0\u00a0<\/strong><\/p>\n","protected":false},"excerpt":{"rendered":"<p>Este ba\u00f1ador Turbo est\u00e1 especialmente dise\u00f1ado para la pr\u00e1ctica de la Nataci\u00f3n. Los tirantes estrechos aportan una total libertad de movimiento y flexibilidad, adapt\u00e1ndose perfectamente al cuerpo de la mujer. Al cubrir menos el hombro que el tirante ancho, evita marcas por contraste de tonalidades&#8230;<\/p>\n","protected":false},"featured_media":15908,"comment_status":"open","ping_status":"closed","template":"","meta":[],"product_cat":[39,107],"product_tag":[],"brands":[{"id":22,"name":"Turbo","slug":"turbo"}],"_links":{"self":[{"href":"https:\/\/crawl.es\/ca\/wp-json\/wp\/v2\/product\/15901"}],"collection":[{"href":"https:\/\/crawl.es\/ca\/wp-json\/wp\/v2\/product"}],"about":[{"href":"https:\/\/crawl.es\/ca\/wp-json\/wp\/v2\/types\/product"}],"replies":[{"embeddable":true,"href":"https:\/\/crawl.es\/ca\/wp-json\/wp\/v2\/comments?post=15901"}],"wp:featuredmedia":[{"embeddable":true,"href":"https:\/\/crawl.es\/ca\/wp-json\/wp\/v2\/media\/15908"}],"wp:attachment":[{"href":"https:\/\/crawl.es\/ca\/wp-json\/wp\/v2\/media?parent=15901"}],"wp:term":[{"taxonomy":"product_cat","embeddable":true,"href":"https:\/\/crawl.es\/ca\/wp-json\/wp\/v2\/product_cat?post=15901"},{"taxonomy":"product_tag","embeddable":true,"href":"https:\/\/crawl.es\/ca\/wp-json\/wp\/v2\/product_tag?post=15901"}],"curies":[{"name":"wp","href":"https:\/\/api.w.org\/{rel}","templated":true}]}}