{"id":15965,"date":"2025-12-19T16:49:55","date_gmt":"2025-12-19T16:49:55","guid":{"rendered":"https:\/\/crawl.es\/?post_type=product&#038;p=15965"},"modified":"2025-12-19T16:49:55","modified_gmt":"2025-12-19T16:49:55","slug":"banador-speedo-natacion-brief-13-5-cm-ml-printed","status":"publish","type":"product","link":"https:\/\/crawl.es\/ca\/producto\/banador-speedo-natacion-brief-13-5-cm-ml-printed\/","title":{"rendered":"BA\u00d1ADOR SPEEDO NATACION BRIEF 13.5 CM ML PRINTED"},"content":{"rendered":"<p>Conoce la PANTALONETA DE BA\u00d1O BRIEF PLACEMENT DIGITAL 13.5 cm para hombre de Speedo, dise\u00f1ada con los m\u00e1s altos est\u00e1ndares calidad para brindar comodidad y estilo. Una pantaloneta de ba\u00f1o corta con silueta ajustada, pretina lisa con el\u00e1stico y cord\u00f3n de ajuste interno en la cintura para un ajuste perfecto, especialmente dise\u00f1ada por Speedo para brindarle libertad de movimiento y comodidad en el agua. Su tela ligera y suave con forro interno en la parte delantera garantiza una experiencia de uso c\u00f3moda para disfrutar mientras entrenas en la piscina.<\/p>\n<p>Fabricado con nuestro duradero tejido Endurance+, de secado r\u00e1pido y 100% resistente al cloro. Uno de los hilos de este est\u00e1 fabricado al 100% con residuos postconsumo, como botellas de pl\u00e1stico recicladas.<\/p>\n","protected":false},"excerpt":{"rendered":"<p>Conoce la PANTALONETA DE BA\u00d1O BRIEF PLACEMENT DIGITAL 13.5 cm para hombre de Speedo, dise\u00f1ada con los m\u00e1s altos est\u00e1ndares calidad para brindar comodidad y estilo. Una pantaloneta de ba\u00f1o corta con silueta ajustada, pretina lisa con el\u00e1stico y cord\u00f3n de ajuste interno en la&#8230;<\/p>\n","protected":false},"featured_media":15963,"comment_status":"open","ping_status":"closed","template":"","meta":[],"product_cat":[44,40,382],"product_tag":[],"brands":[{"id":307,"name":"Speedo","slug":"speedo"}],"_links":{"self":[{"href":"https:\/\/crawl.es\/ca\/wp-json\/wp\/v2\/product\/15965"}],"collection":[{"href":"https:\/\/crawl.es\/ca\/wp-json\/wp\/v2\/product"}],"about":[{"href":"https:\/\/crawl.es\/ca\/wp-json\/wp\/v2\/types\/product"}],"replies":[{"embeddable":true,"href":"https:\/\/crawl.es\/ca\/wp-json\/wp\/v2\/comments?post=15965"}],"wp:featuredmedia":[{"embeddable":true,"href":"https:\/\/crawl.es\/ca\/wp-json\/wp\/v2\/media\/15963"}],"wp:attachment":[{"href":"https:\/\/crawl.es\/ca\/wp-json\/wp\/v2\/media?parent=15965"}],"wp:term":[{"taxonomy":"product_cat","embeddable":true,"href":"https:\/\/crawl.es\/ca\/wp-json\/wp\/v2\/product_cat?post=15965"},{"taxonomy":"product_tag","embeddable":true,"href":"https:\/\/crawl.es\/ca\/wp-json\/wp\/v2\/product_tag?post=15965"}],"curies":[{"name":"wp","href":"https:\/\/api.w.org\/{rel}","templated":true}]}}