{"id":16314,"date":"2026-02-02T16:29:36","date_gmt":"2026-02-02T16:29:36","guid":{"rendered":"https:\/\/crawl.es\/?post_type=product&#038;p=16314"},"modified":"2026-02-02T16:29:36","modified_gmt":"2026-02-02T16:29:36","slug":"gafas-de-natacion-arena-espejo-air-sonic-mirror","status":"publish","type":"product","link":"https:\/\/crawl.es\/ca\/producto\/gafas-de-natacion-arena-espejo-air-sonic-mirror\/","title":{"rendered":"Gafas de nataci\u00f3n ARENA  espejo Air Sonic Mirror"},"content":{"rendered":"<p><span style=\"font-family: Roboto, 'Helvetica Neue', Helvetica, Arial, sans-serif; font-size: 14px;\">La comodidad y la velocidad se unen en nuestras nuevas gafas Air Sonic Mirror. Dise\u00f1adas para nadadores competitivos, presentan un dise\u00f1o pensado para rendir al m\u00e1ximo y una forma de lente que mejora la visi\u00f3n perif\u00e9rica. El sellado texturizado CloudFlex se adapta perfectamente al rostro para ofrecer comodidad y estabilidad duraderas, mientras que las lentes espejadas y una variedad de combinaciones de color aportan un toque de estilo decidido.<\/span><br style=\"font-family: Roboto, 'Helvetica Neue', Helvetica, Arial, sans-serif; font-size: 14px;\" \/><br style=\"font-family: Roboto, 'Helvetica Neue', Helvetica, Arial, sans-serif; font-size: 14px;\" \/><span style=\"font-weight: bold; font-family: Roboto, 'Helvetica Neue', Helvetica, Arial, sans-serif; font-size: 14px;\">Por qu\u00e9 te encantar\u00e1<\/span><\/p>\n<ul style=\"margin-top: 0rem; margin-bottom: 2.5rem; font-family: Roboto, 'Helvetica Neue', Helvetica, Arial, sans-serif; font-size: 14px;\">\n<li style=\"margin-top: 0rem; margin-bottom: 1rem;\">Tecnolog\u00eda CloudFlex para una comodidad m\u00e1xima y una ergonom\u00eda mejorada<\/li>\n<li style=\"margin-top: 0rem; margin-bottom: 1rem;\">Ajuste preciso y estabilidad<\/li>\n<li style=\"margin-top: 0rem; margin-bottom: 1rem;\">Lentes espejadas<\/li>\n<li style=\"margin-top: 0rem; margin-bottom: 1rem;\">Sensaci\u00f3n suave y sin presi\u00f3n alrededor de los ojos<\/li>\n<li style=\"margin-top: 0rem; margin-bottom: 1rem;\">Dise\u00f1adas para rendir<\/li>\n<\/ul>\n","protected":false},"excerpt":{"rendered":"<p>La comodidad y la velocidad se unen en nuestras nuevas gafas Air Sonic Mirror. Dise\u00f1adas para nadadores competitivos, presentan un dise\u00f1o pensado para rendir al m\u00e1ximo y una forma de lente que mejora la visi\u00f3n perif\u00e9rica. El sellado texturizado CloudFlex se adapta perfectamente al rostro&#8230;<\/p>\n","protected":false},"featured_media":16325,"comment_status":"open","ping_status":"closed","template":"","meta":[],"product_cat":[21,65],"product_tag":[],"brands":[{"id":312,"name":"ARENA","slug":"arena"}],"_links":{"self":[{"href":"https:\/\/crawl.es\/ca\/wp-json\/wp\/v2\/product\/16314"}],"collection":[{"href":"https:\/\/crawl.es\/ca\/wp-json\/wp\/v2\/product"}],"about":[{"href":"https:\/\/crawl.es\/ca\/wp-json\/wp\/v2\/types\/product"}],"replies":[{"embeddable":true,"href":"https:\/\/crawl.es\/ca\/wp-json\/wp\/v2\/comments?post=16314"}],"wp:featuredmedia":[{"embeddable":true,"href":"https:\/\/crawl.es\/ca\/wp-json\/wp\/v2\/media\/16325"}],"wp:attachment":[{"href":"https:\/\/crawl.es\/ca\/wp-json\/wp\/v2\/media?parent=16314"}],"wp:term":[{"taxonomy":"product_cat","embeddable":true,"href":"https:\/\/crawl.es\/ca\/wp-json\/wp\/v2\/product_cat?post=16314"},{"taxonomy":"product_tag","embeddable":true,"href":"https:\/\/crawl.es\/ca\/wp-json\/wp\/v2\/product_tag?post=16314"}],"curies":[{"name":"wp","href":"https:\/\/api.w.org\/{rel}","templated":true}]}}