{"id":16426,"date":"2026-02-02T17:14:40","date_gmt":"2026-02-02T17:14:40","guid":{"rendered":"https:\/\/crawl.es\/?post_type=product&#038;p=16426"},"modified":"2026-02-02T17:14:41","modified_gmt":"2026-02-02T17:14:41","slug":"gafas-de-natacion-arena-the-one-plus-azul","status":"publish","type":"product","link":"https:\/\/crawl.es\/ca\/producto\/gafas-de-natacion-arena-the-one-plus-azul\/","title":{"rendered":"Gafas de nataci\u00f3n ARENA The One Plus\/ AZUL"},"content":{"rendered":"<p><span style=\"font-family: Roboto, 'Helvetica Neue', Helvetica, Arial, sans-serif; font-size: 14px;\">Presentamos The One Plus, la \u00faltima innovaci\u00f3n de la familia de gafas The One. Sus juntas de precisi\u00f3n se ajustan comodamente a la cuenca ocular, evitando que entre agua. Las One Plus se adaptan perfectamente a casi todos los rostros, garantizando una comodidad y fiabilidad inigualables. Ahora equipadas con una avanzada tecnolog\u00eda antivaho que dura el doble, ofrece una visi\u00f3n n\u00edtida ba\u00f1o tras ba\u00f1o.<\/span><br style=\"font-family: Roboto, 'Helvetica Neue', Helvetica, Arial, sans-serif; font-size: 14px;\" \/><br style=\"font-family: Roboto, 'Helvetica Neue', Helvetica, Arial, sans-serif; font-size: 14px;\" \/><span style=\"font-weight: bold; font-family: Roboto, 'Helvetica Neue', Helvetica, Arial, sans-serif; font-size: 14px;\">Por qu\u00e9 te encantar\u00e1:<\/span><br style=\"font-family: Roboto, 'Helvetica Neue', Helvetica, Arial, sans-serif; font-size: 14px;\" \/><br style=\"font-family: Roboto, 'Helvetica Neue', Helvetica, Arial, sans-serif; font-size: 14px;\" \/><span style=\"font-family: Roboto, 'Helvetica Neue', Helvetica, Arial, sans-serif; font-size: 14px;\">&#8211; Fabricado en Italia<\/span><br style=\"font-family: Roboto, 'Helvetica Neue', Helvetica, Arial, sans-serif; font-size: 14px;\" \/><span style=\"font-family: Roboto, 'Helvetica Neue', Helvetica, Arial, sans-serif; font-size: 14px;\">&#8211; Ideal para nataci\u00f3n amateur<\/span><br style=\"font-family: Roboto, 'Helvetica Neue', Helvetica, Arial, sans-serif; font-size: 14px;\" \/><span style=\"font-family: Roboto, 'Helvetica Neue', Helvetica, Arial, sans-serif; font-size: 14px;\">&#8211; No entra agua<\/span><br style=\"font-family: Roboto, 'Helvetica Neue', Helvetica, Arial, sans-serif; font-size: 14px;\" \/><span style=\"font-family: Roboto, 'Helvetica Neue', Helvetica, Arial, sans-serif; font-size: 14px;\">&#8211; Antivaho m\u00e1s duradero<\/span><br style=\"font-family: Roboto, 'Helvetica Neue', Helvetica, Arial, sans-serif; font-size: 14px;\" \/><span style=\"font-family: Roboto, 'Helvetica Neue', Helvetica, Arial, sans-serif; font-size: 14px;\">&#8211; F\u00e1cil de ajustar<\/span><\/p>\n","protected":false},"excerpt":{"rendered":"<p>Presentamos The One Plus, la \u00faltima innovaci\u00f3n de la familia de gafas The One. Sus juntas de precisi\u00f3n se ajustan comodamente a la cuenca ocular, evitando que entre agua. Las One Plus se adaptan perfectamente a casi todos los rostros, garantizando una comodidad y fiabilidad&#8230;<\/p>\n","protected":false},"featured_media":16439,"comment_status":"open","ping_status":"closed","template":"","meta":[],"product_cat":[21,65],"product_tag":[],"brands":[{"id":312,"name":"ARENA","slug":"arena"}],"_links":{"self":[{"href":"https:\/\/crawl.es\/ca\/wp-json\/wp\/v2\/product\/16426"}],"collection":[{"href":"https:\/\/crawl.es\/ca\/wp-json\/wp\/v2\/product"}],"about":[{"href":"https:\/\/crawl.es\/ca\/wp-json\/wp\/v2\/types\/product"}],"replies":[{"embeddable":true,"href":"https:\/\/crawl.es\/ca\/wp-json\/wp\/v2\/comments?post=16426"}],"wp:featuredmedia":[{"embeddable":true,"href":"https:\/\/crawl.es\/ca\/wp-json\/wp\/v2\/media\/16439"}],"wp:attachment":[{"href":"https:\/\/crawl.es\/ca\/wp-json\/wp\/v2\/media?parent=16426"}],"wp:term":[{"taxonomy":"product_cat","embeddable":true,"href":"https:\/\/crawl.es\/ca\/wp-json\/wp\/v2\/product_cat?post=16426"},{"taxonomy":"product_tag","embeddable":true,"href":"https:\/\/crawl.es\/ca\/wp-json\/wp\/v2\/product_tag?post=16426"}],"curies":[{"name":"wp","href":"https:\/\/api.w.org\/{rel}","templated":true}]}}