{"id":16441,"date":"2026-02-02T17:25:54","date_gmt":"2026-02-02T17:25:54","guid":{"rendered":"https:\/\/crawl.es\/?post_type=product&#038;p=16441"},"modified":"2026-02-26T07:59:44","modified_gmt":"2026-02-26T07:59:44","slug":"gafas-de-natacion-espejo-arena-cobra-ultra-mirror","status":"publish","type":"product","link":"https:\/\/crawl.es\/ca\/producto\/gafas-de-natacion-espejo-arena-cobra-ultra-mirror\/","title":{"rendered":"Gafas de nataci\u00f3n espejo ARENA Cobra Ultra Mirror"},"content":{"rendered":"<p><span style=\"font-family: Roboto, 'Helvetica Neue', Helvetica, Arial, sans-serif; font-size: 14px;\">\u00a1Descubre lo \u00faltimo en protecci\u00f3n antivaho! La nueva tecnolog\u00eda swipe anti-fog de arena es un planteamiento revolucionario que soluciona el problema de las gafas que se empa\u00f1an. El tratamiento anti vaho de la familia Cobra ya era uno de los mejores del mercado. Ahora, arena lo ha mejorado con la tecnolog\u00eda Swipe. Swipe Anti-Fog se reactiva con solo pasar el dedo, para que la protecci\u00f3n dure como m\u00ednimo 10 veces m\u00e1s. Cuando las gafas se empa\u00f1an, solo hay que pasar la punta del dedo por el interior de las lentes mientras las gafas se encuentran sumergidas, para disfrutar durante m\u00e1s tiempo de una visi\u00f3n transparente. Montura con un exclusivo dise\u00f1o dorado. Gafas disponibles con lentes claras y oscuras.<\/span><\/p>\n","protected":false},"excerpt":{"rendered":"<p>\u00a1Descubre lo \u00faltimo en protecci\u00f3n antivaho! La nueva tecnolog\u00eda swipe anti-fog de arena es un planteamiento revolucionario que soluciona el problema de las gafas que se empa\u00f1an. El tratamiento anti vaho de la familia Cobra ya era uno de los mejores del mercado. Ahora, arena&#8230;<\/p>\n","protected":false},"featured_media":16444,"comment_status":"open","ping_status":"closed","template":"","meta":[],"product_cat":[21,65],"product_tag":[],"brands":[{"id":312,"name":"ARENA","slug":"arena"}],"_links":{"self":[{"href":"https:\/\/crawl.es\/ca\/wp-json\/wp\/v2\/product\/16441"}],"collection":[{"href":"https:\/\/crawl.es\/ca\/wp-json\/wp\/v2\/product"}],"about":[{"href":"https:\/\/crawl.es\/ca\/wp-json\/wp\/v2\/types\/product"}],"replies":[{"embeddable":true,"href":"https:\/\/crawl.es\/ca\/wp-json\/wp\/v2\/comments?post=16441"}],"wp:featuredmedia":[{"embeddable":true,"href":"https:\/\/crawl.es\/ca\/wp-json\/wp\/v2\/media\/16444"}],"wp:attachment":[{"href":"https:\/\/crawl.es\/ca\/wp-json\/wp\/v2\/media?parent=16441"}],"wp:term":[{"taxonomy":"product_cat","embeddable":true,"href":"https:\/\/crawl.es\/ca\/wp-json\/wp\/v2\/product_cat?post=16441"},{"taxonomy":"product_tag","embeddable":true,"href":"https:\/\/crawl.es\/ca\/wp-json\/wp\/v2\/product_tag?post=16441"}],"curies":[{"name":"wp","href":"https:\/\/api.w.org\/{rel}","templated":true}]}}