{"id":16450,"date":"2026-02-03T11:14:19","date_gmt":"2026-02-03T11:14:19","guid":{"rendered":"https:\/\/crawl.es\/?post_type=product&#038;p=16450"},"modified":"2026-03-12T11:14:21","modified_gmt":"2026-03-12T11:14:21","slug":"banador-mujer-arena-gradient","status":"publish","type":"product","link":"https:\/\/crawl.es\/ca\/producto\/banador-mujer-arena-gradient\/","title":{"rendered":"Ba\u00f1ador Mujer ARENA Gradient"},"content":{"rendered":"<p><span style=\"font-family: Roboto, 'Helvetica Neue', Helvetica, Arial, sans-serif; font-size: 14px;\">Con su estampado de cuadros degradados en tonos rosa, azul y amarillo, el ba\u00f1ador Gradient combina un estilo deportivo con un dise\u00f1o contempor\u00e1neo. Dise\u00f1ado para la nataci\u00f3n frecuente, est\u00e1 fabricado con MaxLife Eco y ofrece resistencia al cloro y comodidad duradera.<\/span><br style=\"font-family: Roboto, 'Helvetica Neue', Helvetica, Arial, sans-serif; font-size: 14px;\" \/><br style=\"font-family: Roboto, 'Helvetica Neue', Helvetica, Arial, sans-serif; font-size: 14px;\" \/><span style=\"font-weight: bold; font-family: Roboto, 'Helvetica Neue', Helvetica, Arial, sans-serif; font-size: 14px;\">Tejido<\/span><br style=\"font-family: Roboto, 'Helvetica Neue', Helvetica, Arial, sans-serif; font-size: 14px;\" \/><span style=\"font-family: Roboto, 'Helvetica Neue', Helvetica, Arial, sans-serif; font-size: 14px;\">MaxLife Eco es nuestro nuevo tejido para ba\u00f1adores producido a partir da fuentes gestionadas responsablemente que ofrece la m\u00e1xima resistencia al cloro y un rendimiento duradero. Fabricado con al menos un 50 % de poli\u00e9ster reciclado procedente de botellas de pl\u00e1stico, este innovador material se ajusta bien y mantiene la forma con el paso del tiempo. Incorpora protecci\u00f3n UV 50+ y es de secado r\u00e1pido.<\/span><\/p>\n","protected":false},"excerpt":{"rendered":"<p>Con su estampado de cuadros degradados en tonos rosa, azul y amarillo, el ba\u00f1ador Gradient combina un estilo deportivo con un dise\u00f1o contempor\u00e1neo. Dise\u00f1ado para la nataci\u00f3n frecuente, est\u00e1 fabricado con MaxLife Eco y ofrece resistencia al cloro y comodidad duradera.TejidoMaxLife Eco es nuestro nuevo&#8230;<\/p>\n","protected":false},"featured_media":16453,"comment_status":"open","ping_status":"closed","template":"","meta":[],"product_cat":[43,45],"product_tag":[],"brands":[{"id":312,"name":"ARENA","slug":"arena"}],"_links":{"self":[{"href":"https:\/\/crawl.es\/ca\/wp-json\/wp\/v2\/product\/16450"}],"collection":[{"href":"https:\/\/crawl.es\/ca\/wp-json\/wp\/v2\/product"}],"about":[{"href":"https:\/\/crawl.es\/ca\/wp-json\/wp\/v2\/types\/product"}],"replies":[{"embeddable":true,"href":"https:\/\/crawl.es\/ca\/wp-json\/wp\/v2\/comments?post=16450"}],"wp:featuredmedia":[{"embeddable":true,"href":"https:\/\/crawl.es\/ca\/wp-json\/wp\/v2\/media\/16453"}],"wp:attachment":[{"href":"https:\/\/crawl.es\/ca\/wp-json\/wp\/v2\/media?parent=16450"}],"wp:term":[{"taxonomy":"product_cat","embeddable":true,"href":"https:\/\/crawl.es\/ca\/wp-json\/wp\/v2\/product_cat?post=16450"},{"taxonomy":"product_tag","embeddable":true,"href":"https:\/\/crawl.es\/ca\/wp-json\/wp\/v2\/product_tag?post=16450"}],"curies":[{"name":"wp","href":"https:\/\/api.w.org\/{rel}","templated":true}]}}