{"id":16476,"date":"2026-02-03T11:29:59","date_gmt":"2026-02-03T11:29:59","guid":{"rendered":"https:\/\/crawl.es\/?post_type=product&#038;p=16476"},"modified":"2026-02-03T11:29:59","modified_gmt":"2026-02-03T11:29:59","slug":"banador-mujer-arena-espalda-tie-liso-2","status":"publish","type":"product","link":"https:\/\/crawl.es\/ca\/producto\/banador-mujer-arena-espalda-tie-liso-2\/","title":{"rendered":"Ba\u00f1ador Mujer ARENA Espalda Tie Liso"},"content":{"rendered":"<p><span style=\"font-family: Roboto, 'Helvetica Neue', Helvetica, Arial, sans-serif; font-size: 14px;\">Sutil y elegante, nuestro ba\u00f1ador Espalda Tie Liso es una obra maestra del minimalismo. Dise\u00f1ado con espalda abierta y tirantes ajustables para anudar, ofrece un ajuste personalizado ideal para sesiones de nataci\u00f3n de alta intensidad. El color liso se realza con un detalle de logo en contraste, reflejo de la filosof\u00eda de arena: ba\u00f1adores que rinden con elegancia discreta.<\/span><br style=\"font-family: Roboto, 'Helvetica Neue', Helvetica, Arial, sans-serif; font-size: 14px;\" \/><br style=\"font-family: Roboto, 'Helvetica Neue', Helvetica, Arial, sans-serif; font-size: 14px;\" \/><span style=\"font-weight: bold; font-family: Roboto, 'Helvetica Neue', Helvetica, Arial, sans-serif; font-size: 14px;\">Tejido<\/span><br style=\"font-family: Roboto, 'Helvetica Neue', Helvetica, Arial, sans-serif; font-size: 14px;\" \/><span style=\"font-family: Roboto, 'Helvetica Neue', Helvetica, Arial, sans-serif; font-size: 14px;\">MaxLife Eco es nuestro nuevo tejido para ba\u00f1adores producido a partir da fuentes gestionadas responsablemente que ofrece la m\u00e1xima resistencia al cloro y un rendimiento duradero. Fabricado con al menos un 50 % de poli\u00e9ster reciclado procedente de botellas de pl\u00e1stico, este innovador material se ajusta bien y mantiene la forma con el paso del tiempo. Incorpora protecci\u00f3n UV 50+ y es de secado r\u00e1pido.<\/span><\/p>\n<div class=\"widget block block-static-block\" style=\"margin-bottom: 20px; clear: both; margin-top: 20px; font-family: Roboto, 'Helvetica Neue', Helvetica, Arial, sans-serif; font-size: 14px;\">\n<div style=\"box-sizing: border-box; max-width: 1440px; margin-left: auto !important; margin-right: auto !important;\" data-content-type=\"row\" data-appearance=\"contained\" data-element=\"main\">\n<div style=\"box-sizing: border-box; justify-content: flex-start; display: flex; flex-direction: column; background-position: left top; background-size: cover; background-repeat: no-repeat; background-attachment: scroll;\" data-enable-parallax=\"0\" data-parallax-speed=\"0.5\" data-background-images=\"{}\" data-background-type=\"image\" data-video-loop=\"true\" data-video-play-only-visible=\"true\" data-video-lazy-load=\"true\" data-video-fallback-src=\"\" data-element=\"inner\" data-pb-style=\"WPE437O\">\n<div style=\"overflow-wrap: break-word;\" data-content-type=\"text\" data-appearance=\"default\" data-element=\"main\">\n<p style=\"margin: 0px;\"><span style=\"font-weight: bold;\">Forro completo para un confort y una cobertura \u00f3ptimos.<\/span><\/p>\n<p><span style=\"font-weight: bold;\">Nataci\u00f3n frecuente<\/span><br \/>Desarrollado con alta resistencia al cloro para soportar numerosas sesiones de nataci\u00f3n.<\/p>\n<p><span style=\"font-weight: bold;\">Corte de pierna alto<\/span><br \/>La abertura de la pernera se corta alta en las caderas para un aspecto aerodin\u00e1mico y una amplitud de movimiento \u00f3ptima.<\/p>\n<p><span style=\"font-weight: bold;\">Espalda Tie<\/span><br \/>Tiras f\u00e1ciles de atar en la espalda para un ajuste personalizado.<\/p>\n<p class=\"title\" style=\"margin-top: 0rem; margin-bottom: 20px; font-weight: bold;\">Instrucciones de cuidado<\/p>\n<div style=\"box-sizing: border-box; max-width: 1440px; margin-left: auto !important; margin-right: auto !important;\" data-content-type=\"row\" data-appearance=\"contained\" data-element=\"main\">\n<div class=\"images-wrapper\" style=\"box-sizing: border-box; justify-content: flex-start; display: flex; flex-direction: column; background-position: left top; background-size: cover; background-repeat: no-repeat; background-attachment: scroll; border-style: none; border-width: 1px; border-radius: 0px; margin: 0px; padding: 0px;\" data-enable-parallax=\"0\" data-parallax-speed=\"0.5\" data-background-images=\"{}\" data-background-type=\"image\" data-video-loop=\"true\" data-video-play-only-visible=\"true\" data-video-lazy-load=\"true\" data-video-fallback-src=\"\" data-element=\"inner\" data-pb-style=\"X03E0RO\">\n<div style=\"overflow-wrap: break-word; border-style: none; border-width: 1px; border-radius: 0px; margin: 0px; padding: 0px;\" data-content-type=\"text\" data-appearance=\"default\" data-element=\"main\" data-pb-style=\"U2I6MVP\">\n<p style=\"margin-top: 0rem; margin-bottom: 1rem;\">Para poder garantizar que su traje de ba\u00f1o ARENA mantenga las prestaciones de forma \u00f3ptima a lo largo del tiempo le recomendamos seguir las siguientes recomendaciones:<\/p>\n<ul style=\"margin-top: 0rem; margin-bottom: 2.5rem;\">\n<li style=\"margin-top: 0rem; margin-bottom: 1rem;\">aclarar en agua dulce despu\u00e9s de usar;<\/li>\n<li style=\"margin-top: 0rem; margin-bottom: 1rem;\">no dejar durante mucho tiempo el traje de ba\u00f1o h\u00famedo dentro de una bolsa o de un envoltorio cerrado;<\/li>\n<li style=\"margin-top: 0rem; margin-bottom: 1rem;\">no dejar el traje de ba\u00f1o h\u00famedo expuesto al sol durante mucho tiempo dentro de una bolsa o de un envoltorio cerrado;<\/li>\n<li style=\"margin-top: 0rem; margin-bottom: 1rem;\">lavar con jabones para ropa delicada;<\/li>\n<li style=\"margin-top: 0rem; margin-bottom: 1rem;\">dejar secar de forma natural alejado de toda fuente de calor.<\/li>\n<\/ul>\n<p style=\"margin-top: 0rem; margin-bottom: 1rem;\">Seguir las instrucciones de lavado indicadas en la etiqueta de su prenda.<\/p>\n<p style=\"margin-top: 0rem; margin-bottom: 1rem;\">La etiqueta marca s\u00edmbolos indicando el mantenimiento a realizar, \u00fatiles para el cuidado de la prenda.<\/p>\n<\/div>\n<\/div>\n<\/div>\n<\/div>\n<\/div>\n<\/div>\n<\/div>\n","protected":false},"excerpt":{"rendered":"<p>Sutil y elegante, nuestro ba\u00f1ador Espalda Tie Liso es una obra maestra del minimalismo. Dise\u00f1ado con espalda abierta y tirantes ajustables para anudar, ofrece un ajuste personalizado ideal para sesiones de nataci\u00f3n de alta intensidad. El color liso se realza con un detalle de logo&#8230;<\/p>\n","protected":false},"featured_media":16479,"comment_status":"open","ping_status":"closed","template":"","meta":[],"product_cat":[43,45],"product_tag":[],"brands":[{"id":312,"name":"ARENA","slug":"arena"}],"_links":{"self":[{"href":"https:\/\/crawl.es\/ca\/wp-json\/wp\/v2\/product\/16476"}],"collection":[{"href":"https:\/\/crawl.es\/ca\/wp-json\/wp\/v2\/product"}],"about":[{"href":"https:\/\/crawl.es\/ca\/wp-json\/wp\/v2\/types\/product"}],"replies":[{"embeddable":true,"href":"https:\/\/crawl.es\/ca\/wp-json\/wp\/v2\/comments?post=16476"}],"wp:featuredmedia":[{"embeddable":true,"href":"https:\/\/crawl.es\/ca\/wp-json\/wp\/v2\/media\/16479"}],"wp:attachment":[{"href":"https:\/\/crawl.es\/ca\/wp-json\/wp\/v2\/media?parent=16476"}],"wp:term":[{"taxonomy":"product_cat","embeddable":true,"href":"https:\/\/crawl.es\/ca\/wp-json\/wp\/v2\/product_cat?post=16476"},{"taxonomy":"product_tag","embeddable":true,"href":"https:\/\/crawl.es\/ca\/wp-json\/wp\/v2\/product_tag?post=16476"}],"curies":[{"name":"wp","href":"https:\/\/api.w.org\/{rel}","templated":true}]}}