{"id":16488,"date":"2026-02-03T12:21:54","date_gmt":"2026-02-03T12:21:54","guid":{"rendered":"https:\/\/crawl.es\/?post_type=product&#038;p=16488"},"modified":"2026-02-03T12:21:56","modified_gmt":"2026-02-03T12:21:56","slug":"shorts-arena-talle-bajo-hombre-team-liso","status":"publish","type":"product","link":"https:\/\/crawl.es\/ca\/producto\/shorts-arena-talle-bajo-hombre-team-liso\/","title":{"rendered":"Shorts ARENA talle bajo Hombre Team Liso"},"content":{"rendered":"<p><span style=\"font-family: Roboto, 'Helvetica Neue', Helvetica, Arial, sans-serif; font-size: 14px;\">Nuestro trabajo con las federaciones de nataci\u00f3n para confeccionar ba\u00f1adores profesionales para equipos enteros de atletas es la inspiraci\u00f3n de nuestro Shorte de Talle Bajo Team. Fabricados con nuestro tejido m\u00e1s avanzado resistente al cloro, estos ba\u00f1adores de corte liso llevan nuestro nombre estampado en blanco para un acabado n\u00edtido. Se ajustan a la cintura y miden 14 cent\u00edmetros en los laterales. Encuentra tu ajuste perfecto con el cord\u00f3n interior.<\/span><br style=\"font-family: Roboto, 'Helvetica Neue', Helvetica, Arial, sans-serif; font-size: 14px;\" \/><br style=\"font-family: Roboto, 'Helvetica Neue', Helvetica, Arial, sans-serif; font-size: 14px;\" \/><span style=\"font-weight: bold; font-family: Roboto, 'Helvetica Neue', Helvetica, Arial, sans-serif; font-size: 14px;\">Por qu\u00e9 te encantar\u00e1:<\/span><\/p>\n<ul style=\"margin-top: 0rem; margin-bottom: 2.5rem; font-family: Roboto, 'Helvetica Neue', Helvetica, Arial, sans-serif; font-size: 14px;\">\n<li style=\"margin-top: 0rem; margin-bottom: 1rem;\">Excelente resistencia al cloro<\/li>\n<li style=\"margin-top: 0rem; margin-bottom: 1rem;\">Sensaci\u00f3n de segunda piel<\/li>\n<li style=\"margin-top: 0rem; margin-bottom: 1rem;\">Ideal para nataci\u00f3n frecuente<\/li>\n<li style=\"margin-top: 0rem; margin-bottom: 1rem;\">Durabilidad extrema<\/li>\n<li style=\"margin-top: 0rem; margin-bottom: 1rem;\">Amplia gama de colores<\/li>\n<\/ul>\n<p><span style=\"font-weight: bold; font-family: Roboto, 'Helvetica Neue', Helvetica, Arial, sans-serif; font-size: 14px;\">Tejido<\/span><br style=\"font-family: Roboto, 'Helvetica Neue', Helvetica, Arial, sans-serif; font-size: 14px;\" \/><span style=\"font-family: Roboto, 'Helvetica Neue', Helvetica, Arial, sans-serif; font-size: 14px;\">MaxLife Eco es nuestro nuevo tejido para ba\u00f1adores producido a partir da fuentes gestionadas responsablemente que ofrece la m\u00e1xima resistencia al cloro y un rendimiento duradero. Fabricado con al menos un 50% de poli\u00e9ster reciclado, este innovador material se ajusta bien y mantiene la forma con el tiempo. Incorpora protecci\u00f3n UV 50+ y es de secado r\u00e1pido.<\/span><\/p>\n<p><span style=\"font-family: Roboto, 'Helvetica Neue', Helvetica, Arial, sans-serif; font-size: 14px;\">Desarrollado con alta resistencia al cloro para soportar numerosas sesiones de nataci\u00f3n.<\/span><br style=\"font-family: Roboto, 'Helvetica Neue', Helvetica, Arial, sans-serif; font-size: 14px;\" \/><br style=\"font-family: Roboto, 'Helvetica Neue', Helvetica, Arial, sans-serif; font-size: 14px;\" \/><span style=\"font-weight: bold; font-family: Roboto, 'Helvetica Neue', Helvetica, Arial, sans-serif; font-size: 14px;\">Libertad de movimiento<\/span><br style=\"font-family: Roboto, 'Helvetica Neue', Helvetica, Arial, sans-serif; font-size: 14px;\" \/><span style=\"font-family: Roboto, 'Helvetica Neue', Helvetica, Arial, sans-serif; font-size: 14px;\">Dise\u00f1ado para una total amplitud de movimiento y flexibilidad<\/span><span style=\"font-weight: bold; font-family: Roboto, 'Helvetica Neue', Helvetica, Arial, sans-serif; font-size: 14px;\"><\/p>\n<p>Ajuste perfecto<\/span><br style=\"font-family: Roboto, 'Helvetica Neue', Helvetica, Arial, sans-serif; font-size: 14px;\" \/><span style=\"font-family: Roboto, 'Helvetica Neue', Helvetica, Arial, sans-serif; font-size: 14px;\">Los tejidos y cortes de nuestros ba\u00f1adores garantizan un ajuste sin arrugas para nadar r\u00e1pidamente y sin molestias.<\/span><\/p>\n<p class=\"title\" style=\"margin-top: 0rem; margin-bottom: 20px; font-weight: bold; font-family: Roboto, 'Helvetica Neue', Helvetica, Arial, sans-serif; font-size: 14px;\">Instrucciones de cuidado<\/p>\n<div style=\"box-sizing: border-box; max-width: 1440px; font-family: Roboto, 'Helvetica Neue', Helvetica, Arial, sans-serif; font-size: 14px; margin-left: auto !important; margin-right: auto !important;\" data-content-type=\"row\" data-appearance=\"contained\" data-element=\"main\">\n<div class=\"images-wrapper\" style=\"box-sizing: border-box; justify-content: flex-start; display: flex; flex-direction: column; background-position: left top; background-size: cover; background-repeat: no-repeat; background-attachment: scroll; border-style: none; border-width: 1px; border-radius: 0px; margin: 0px; padding: 0px;\" data-enable-parallax=\"0\" data-parallax-speed=\"0.5\" data-background-images=\"{}\" data-background-type=\"image\" data-video-loop=\"true\" data-video-play-only-visible=\"true\" data-video-lazy-load=\"true\" data-video-fallback-src=\"\" data-element=\"inner\" data-pb-style=\"X03E0RO\">\n<div style=\"overflow-wrap: break-word; border-style: none; border-width: 1px; border-radius: 0px; margin: 0px; padding: 0px;\" data-content-type=\"text\" data-appearance=\"default\" data-element=\"main\" data-pb-style=\"U2I6MVP\">\n<p style=\"margin-top: 0rem; margin-bottom: 1rem;\">Para poder garantizar que su traje de ba\u00f1o ARENA mantenga las prestaciones de forma \u00f3ptima a lo largo del tiempo le recomendamos seguir las siguientes recomendaciones:<\/p>\n<ul style=\"margin-top: 0rem; margin-bottom: 2.5rem;\">\n<li style=\"margin-top: 0rem; margin-bottom: 1rem;\">aclarar en agua dulce despu\u00e9s de usar;<\/li>\n<li style=\"margin-top: 0rem; margin-bottom: 1rem;\">no dejar durante mucho tiempo el traje de ba\u00f1o h\u00famedo dentro de una bolsa o de un envoltorio cerrado;<\/li>\n<li style=\"margin-top: 0rem; margin-bottom: 1rem;\">no dejar el traje de ba\u00f1o h\u00famedo expuesto al sol durante mucho tiempo dentro de una bolsa o de un envoltorio cerrado;<\/li>\n<li style=\"margin-top: 0rem; margin-bottom: 1rem;\">lavar con jabones para ropa delicada;<\/li>\n<li style=\"margin-top: 0rem; margin-bottom: 1rem;\">dejar secar de forma natural alejado de toda fuente de calor.<\/li>\n<\/ul>\n<p style=\"margin-top: 0rem; margin-bottom: 1rem;\">Seguir las instrucciones de lavado indicadas en la etiqueta de su prenda.<\/p>\n<p style=\"margin-top: 0rem; margin-bottom: 1rem;\">La etiqueta marca s\u00edmbolos indicando el mantenimiento a realizar, \u00fatiles para el cuidado de la prenda.<\/p>\n<\/div>\n<\/div>\n<\/div>\n","protected":false},"excerpt":{"rendered":"<p>Nuestro trabajo con las federaciones de nataci\u00f3n para confeccionar ba\u00f1adores profesionales para equipos enteros de atletas es la inspiraci\u00f3n de nuestro Shorte de Talle Bajo Team. Fabricados con nuestro tejido m\u00e1s avanzado resistente al cloro, estos ba\u00f1adores de corte liso llevan nuestro nombre estampado en&#8230;<\/p>\n","protected":false},"featured_media":16495,"comment_status":"open","ping_status":"closed","template":"","meta":[],"product_cat":[44,382],"product_tag":[],"brands":[{"id":312,"name":"ARENA","slug":"arena"}],"_links":{"self":[{"href":"https:\/\/crawl.es\/ca\/wp-json\/wp\/v2\/product\/16488"}],"collection":[{"href":"https:\/\/crawl.es\/ca\/wp-json\/wp\/v2\/product"}],"about":[{"href":"https:\/\/crawl.es\/ca\/wp-json\/wp\/v2\/types\/product"}],"replies":[{"embeddable":true,"href":"https:\/\/crawl.es\/ca\/wp-json\/wp\/v2\/comments?post=16488"}],"wp:featuredmedia":[{"embeddable":true,"href":"https:\/\/crawl.es\/ca\/wp-json\/wp\/v2\/media\/16495"}],"wp:attachment":[{"href":"https:\/\/crawl.es\/ca\/wp-json\/wp\/v2\/media?parent=16488"}],"wp:term":[{"taxonomy":"product_cat","embeddable":true,"href":"https:\/\/crawl.es\/ca\/wp-json\/wp\/v2\/product_cat?post=16488"},{"taxonomy":"product_tag","embeddable":true,"href":"https:\/\/crawl.es\/ca\/wp-json\/wp\/v2\/product_tag?post=16488"}],"curies":[{"name":"wp","href":"https:\/\/api.w.org\/{rel}","templated":true}]}}