{"id":16504,"date":"2026-02-11T18:38:58","date_gmt":"2026-02-11T18:38:58","guid":{"rendered":"https:\/\/crawl.es\/?post_type=product&#038;p=16504"},"modified":"2026-03-25T16:42:38","modified_gmt":"2026-03-25T16:42:38","slug":"banador-speedo-fl-solid-tri-back-mujer","status":"publish","type":"product","link":"https:\/\/crawl.es\/ca\/producto\/banador-speedo-fl-solid-tri-back-mujer\/","title":{"rendered":"Ba\u00f1ador Speedo FL Solid Tri back  mujer"},"content":{"rendered":"<p class=\"gt-block\" style=\"box-sizing: border-box; word-break: break-word; -webkit-font-smoothing: antialiased; margin-top: 0px; margin-bottom: 1rem; font-family: poppins-regular; color: #666666; font-size: 12px; line-height: 20px;\">Desbloquea un rendimiento ganador usando este nuevo\u00a0<a style=\"box-sizing: border-box; word-break: break-word; -webkit-font-smoothing: antialiased; color: #000000; text-decoration-line: none; transition: 0.5s;\" title=\"Speedo\" href=\"https:\/\/www.proswimwear.es\/brands\/speedo-swimwear.html\" target=\"_self\" rel=\"noopener\">Speedo<\/a>\u00a0Traje de ba\u00f1o Tri Back.\u00a0<\/p>\n<p style=\"box-sizing: border-box; word-break: break-word; -webkit-font-smoothing: antialiased; margin-top: 10px; margin-bottom: 1rem; font-family: poppins-regular; color: #666666; font-size: 12px; line-height: 20px;\">Con la participaci\u00f3n de: SpeedoCon un ajuste compresivo y una cobertura de trasero atrevida, su forma modernizada libera las caderas y los hombros para un ajuste sin distracciones.\u00a0<\/p>\n<p style=\"box-sizing: border-box; word-break: break-word; -webkit-font-smoothing: antialiased; margin-top: 10px; margin-bottom: 1rem; font-family: poppins-regular; color: #666666; font-size: 12px; line-height: 20px;\">Este Speedo El traje de ba\u00f1o Tri Back est\u00e1 completamente forrado para mayor comodidad y modestia, lo que garantiza una experiencia fabulosa durante su nataci\u00f3n.\u00a0<\/p>\n<p style=\"box-sizing: border-box; word-break: break-word; -webkit-font-smoothing: antialiased; margin-top: 10px; margin-bottom: 1rem; font-family: poppins-regular; color: #666666; font-size: 12px; line-height: 20px;\">Un dise\u00f1o de triple espalda que brinda libertad de movimiento y se mantiene seguro en su lugar.<\/p>\n<p style=\"box-sizing: border-box; word-break: break-word; -webkit-font-smoothing: antialiased; margin-top: 10px; margin-bottom: 1rem; font-family: poppins-regular; color: #666666; font-size: 12px; line-height: 20px;\">Lo que distingue a este traje de ba\u00f1o es la Speedo Eco Endurance+ Tejido 100% resistente al cloro y de secado r\u00e1pido.\u00a0<\/p>\n<p style=\"box-sizing: border-box; word-break: break-word; -webkit-font-smoothing: antialiased; margin-top: 10px; margin-bottom: 1rem; font-family: poppins-regular; color: #666666; font-size: 12px; line-height: 20px;\">El Eco Endurance+ El material garantizar\u00e1 que su traje de ba\u00f1o se mantenga en excelentes condiciones.\u00a0<\/p>\n<p style=\"box-sizing: border-box; word-break: break-word; -webkit-font-smoothing: antialiased; margin-top: 10px; margin-bottom: 1rem; font-family: poppins-regular; color: #666666; font-size: 12px; line-height: 20px;\">Uno de los hilos de este tejido est\u00e1 elaborado 100% con residuos posconsumo, como botellas de pl\u00e1stico recicladas.<\/p>\n<p class=\"gt-block\" style=\"box-sizing: border-box; word-break: break-word; -webkit-font-smoothing: antialiased; margin-top: 10px; margin-bottom: 1rem; font-family: poppins-regular; color: #666666; font-size: 12px; line-height: 20px;\"><span style=\"box-sizing: border-box; word-break: break-word; -webkit-font-smoothing: antialiased; font-weight: bolder;\">Caracter\u00edsticas:<\/span><\/p>\n<ul style=\"box-sizing: border-box; word-break: break-word; -webkit-font-smoothing: antialiased; margin-top: 15px; margin-bottom: 1rem; list-style: none; padding-left: 0px; color: #222222; font-family: poppins-regular; font-size: 14px;\">\n<li style=\"box-sizing: border-box; word-break: break-word; -webkit-font-smoothing: antialiased; margin-top: 0px; margin-bottom: 2px; list-style-type: disc; margin-left: 15px;\">100% resistente al cloro para un rendimiento duradero<\/li>\n<li style=\"box-sizing: border-box; word-break: break-word; -webkit-font-smoothing: antialiased; margin-top: 0px; margin-bottom: 2px; list-style-type: disc; margin-left: 15px;\">Dise\u00f1o de espalda triple<\/li>\n<li style=\"box-sizing: border-box; word-break: break-word; -webkit-font-smoothing: antialiased; margin-top: 0px; margin-bottom: 2px; list-style-type: disc; margin-left: 15px;\">Pierna extra alta<\/li>\n<li style=\"box-sizing: border-box; word-break: break-word; -webkit-font-smoothing: antialiased; margin-top: 0px; margin-bottom: 2px; list-style-type: disc; margin-left: 15px;\">Totalmente forrado para mayor comodidad y modestia.<\/li>\n<li style=\"box-sizing: border-box; word-break: break-word; -webkit-font-smoothing: antialiased; margin-top: 0px; margin-bottom: 2px; list-style-type: disc; margin-left: 15px;\">Colores que se mantienen brillantes por m\u00e1s tiempo<\/li>\n<li style=\"box-sizing: border-box; word-break: break-word; -webkit-font-smoothing: antialiased; margin-top: 0px; margin-bottom: 2px; list-style-type: disc; margin-left: 15px;\">Secado r\u00e1pido<\/li>\n<li style=\"box-sizing: border-box; word-break: break-word; -webkit-font-smoothing: antialiased; margin-top: 0px; margin-bottom: 2px; list-style-type: disc; margin-left: 15px;\">Uno de los hilos est\u00e1 elaborado a partir de residuos 100% posconsumo, como botellas de pl\u00e1stico recicladas.<\/li>\n<li style=\"box-sizing: border-box; word-break: break-word; -webkit-font-smoothing: antialiased; margin-top: 0px; margin-bottom: 2px; list-style-type: disc; margin-left: 15px;\">Material: 53% poli\u00e9ster reciclado, 47% PBT.<\/li>\n<\/ul>\n","protected":false},"excerpt":{"rendered":"<p>Desbloquea un rendimiento ganador usando este nuevo\u00a0Speedo\u00a0Traje de ba\u00f1o Tri Back.\u00a0 Con la participaci\u00f3n de: SpeedoCon un ajuste compresivo y una cobertura de trasero atrevida, su forma modernizada libera las caderas y los hombros para un ajuste sin distracciones.\u00a0 Este Speedo El traje de ba\u00f1o&#8230;<\/p>\n","protected":false},"featured_media":16511,"comment_status":"open","ping_status":"closed","template":"","meta":[],"product_cat":[43,45],"product_tag":[],"brands":[{"id":307,"name":"Speedo","slug":"speedo"}],"_links":{"self":[{"href":"https:\/\/crawl.es\/ca\/wp-json\/wp\/v2\/product\/16504"}],"collection":[{"href":"https:\/\/crawl.es\/ca\/wp-json\/wp\/v2\/product"}],"about":[{"href":"https:\/\/crawl.es\/ca\/wp-json\/wp\/v2\/types\/product"}],"replies":[{"embeddable":true,"href":"https:\/\/crawl.es\/ca\/wp-json\/wp\/v2\/comments?post=16504"}],"wp:featuredmedia":[{"embeddable":true,"href":"https:\/\/crawl.es\/ca\/wp-json\/wp\/v2\/media\/16511"}],"wp:attachment":[{"href":"https:\/\/crawl.es\/ca\/wp-json\/wp\/v2\/media?parent=16504"}],"wp:term":[{"taxonomy":"product_cat","embeddable":true,"href":"https:\/\/crawl.es\/ca\/wp-json\/wp\/v2\/product_cat?post=16504"},{"taxonomy":"product_tag","embeddable":true,"href":"https:\/\/crawl.es\/ca\/wp-json\/wp\/v2\/product_tag?post=16504"}],"curies":[{"name":"wp","href":"https:\/\/api.w.org\/{rel}","templated":true}]}}