{"id":16536,"date":"2026-02-13T10:39:42","date_gmt":"2026-02-13T10:39:42","guid":{"rendered":"https:\/\/crawl.es\/?post_type=product&#038;p=16536"},"modified":"2026-03-27T18:35:41","modified_gmt":"2026-03-27T18:35:41","slug":"banador-speedo-mujer-fl-solid-web-back-dkpnk","status":"publish","type":"product","link":"https:\/\/crawl.es\/ca\/producto\/banador-speedo-mujer-fl-solid-web-back-dkpnk\/","title":{"rendered":"BA\u00d1ADOR SPEEDO MUJER FL SOLID WEB BACK DKPNK"},"content":{"rendered":"<div id=\"synopsis-53065e83-5ed9-4346-9978-69f1ce68abe8\" style=\"box-sizing: inherit; margin: 0px; padding: 0px; border: 0px; font-variant-numeric: inherit; font-variant-east-asian: inherit; font-variant-alternates: inherit; font-variant-position: inherit; font-variant-emoji: inherit; font-stretch: inherit; line-height: inherit; font-family: Athletics, sans-serif; font-optical-sizing: inherit; font-size-adjust: inherit; font-kerning: inherit; font-feature-settings: inherit; font-variation-settings: inherit; font-language-override: inherit; vertical-align: baseline;\" data-testid=\"accordion\">\n<div class=\"sc-cxqeVi ftTypk\" style=\"box-sizing: inherit; margin: 0px; padding: 0px 8px; border: 0px; font: inherit; vertical-align: baseline; max-height: 100%; visibility: initial;\" tabindex=\"0\">\n<section style=\"box-sizing: inherit; margin: 0px; padding: 0px; border: 0px; font: inherit; vertical-align: baseline;\" data-hydration-on-demand=\"true\">\n<div class=\"sc-hhWxWE iJsOFx sc-lgWeKl immOFU\" style=\"box-sizing: inherit; margin: 0px; padding: 16px 8px 24px; border: 0px; font-variant: inherit; font-stretch: inherit; line-height: 24px; font-optical-sizing: inherit; font-size-adjust: inherit; font-kerning: inherit; font-feature-settings: inherit; font-variation-settings: inherit; font-language-override: inherit; vertical-align: baseline; letter-spacing: 0px;\" data-testid=\"styled-text\">\n<p style=\"box-sizing: inherit; margin: 8px 0px 12px; padding: 0px; border: 0px; font-variant: inherit; font-stretch: inherit; line-height: 24px; font-optical-sizing: inherit; font-size-adjust: inherit; font-kerning: inherit; font-feature-settings: inherit; font-variation-settings: inherit; font-language-override: inherit; vertical-align: baseline; letter-spacing: 0px;\"><span dir=\"auto\" style=\"box-sizing: inherit; line-height: 24px; letter-spacing: 0px; color: inherit; vertical-align: inherit;\">Dise\u00f1ado para el rendimiento y la pr\u00e1ctica, nuestro traje de ba\u00f1o Solid Web Back ofrece un ajuste compresivo y competitivo. Resistente al pilling y al cloro, est\u00e1 confeccionado para durar gracias a su resistente tejido Endurance+. Su dise\u00f1o de tiras y su cobertura atrevida ofrecen libertad de movimiento, mientras que el traje est\u00e1 completamente forrado para mayor discreci\u00f3n y un ajuste estilizado.<\/span><\/p>\n<\/div>\n<\/section>\n<\/div>\n<\/div>\n<div id=\"keyBenefits-da611736-b0d4-400b-a250-5f2d89338869\" style=\"box-sizing: inherit; margin: 0px; padding: 0px; border: 0px; font-variant-numeric: inherit; font-variant-east-asian: inherit; font-variant-alternates: inherit; font-variant-position: inherit; font-variant-emoji: inherit; font-stretch: inherit; line-height: inherit; font-family: Athletics, sans-serif; font-optical-sizing: inherit; font-size-adjust: inherit; font-kerning: inherit; font-feature-settings: inherit; font-variation-settings: inherit; font-language-override: inherit; vertical-align: baseline;\" data-testid=\"accordion\"><button class=\"sc-iLsHUY gxzseE\" style=\"box-sizing: inherit; margin: 0px; padding: 0px; background-image: initial; background-position: initial; background-size: initial; background-repeat: initial; background-attachment: initial; background-origin: initial; background-clip: initial; width: 737.406px; cursor: pointer; border: 0px initial initial;\" data-testid=\"accordion-button\" aria-expanded=\"true\"><\/button><button class=\"sc-iLsHUY gxzseE\" style=\"box-sizing: inherit; margin: 0px; padding: 0px; background-image: initial; background-position: initial; background-size: initial; background-repeat: initial; background-attachment: initial; background-origin: initial; background-clip: initial; width: 737.406px; cursor: pointer; border: 0px initial initial;\" data-testid=\"accordion-button\" aria-expanded=\"true\"><span class=\"sc-gpNGfX jMlXJn\" style=\"box-sizing: inherit; margin: 0px; padding: 8px; border-width: 1px 0px 0px; border-image: initial; font-variant: inherit; font-weight: 800; font-stretch: inherit; font-size: 16px; line-height: 24px; font-family: Athletics, sans-serif; font-optical-sizing: inherit; font-size-adjust: inherit; font-kerning: inherit; font-feature-settings: inherit; font-variation-settings: inherit; font-language-override: inherit; vertical-align: baseline; letter-spacing: 0px; cursor: pointer; display: flex; -webkit-box-pack: justify; justify-content: space-between; position: relative; -webkit-box-align: center; align-items: center; text-align: left; color: #333333; border-color: #cccccc initial initial initial; border-style: solid initial initial initial;\" data-testid=\"accordion-title\"><span dir=\"auto\" style=\"box-sizing: inherit; vertical-align: inherit;\"><span dir=\"auto\" style=\"box-sizing: inherit; vertical-align: inherit;\">Caracter\u00edsticas y beneficios<\/span><\/span><\/span><\/button><\/p>\n<div class=\"sc-fHKBYZ bVLCLY\" style=\"box-sizing: inherit; margin: 0px; padding: 0px; border: 0px; font: inherit; vertical-align: baseline; width: 24px; height: 24px; transform: rotate(180deg);\">\u00a0<\/div>\n<div class=\"sc-evHTmi drJeXz\" style=\"box-sizing: inherit; margin: 0px; padding: 0px 8px; border: 0px; font: inherit; vertical-align: baseline; max-height: 100%; visibility: initial;\" tabindex=\"0\">\n<section style=\"box-sizing: inherit; margin: 0px; padding: 0px; border: 0px; font: inherit; vertical-align: baseline;\" data-hydration-on-demand=\"true\">\n<div class=\"sc-hhWxWE iJsOFx sc-lgWeKl immOFU\" style=\"box-sizing: inherit; margin: 0px; padding: 16px 8px 24px; border: 0px; font-variant: inherit; font-stretch: inherit; line-height: 24px; font-optical-sizing: inherit; font-size-adjust: inherit; font-kerning: inherit; font-feature-settings: inherit; font-variation-settings: inherit; font-language-override: inherit; vertical-align: baseline; letter-spacing: 0px;\" data-testid=\"styled-text\">\n<ul style=\"box-sizing: inherit; margin: 8px 0px 0px calc(18px); padding: 0px; border: 0px; font-variant: inherit; font-stretch: inherit; line-height: 24px; font-optical-sizing: inherit; font-size-adjust: inherit; font-kerning: inherit; font-feature-settings: inherit; font-variation-settings: inherit; font-language-override: inherit; vertical-align: baseline; list-style: initial; letter-spacing: 0px; color: inherit;\">\n<li style=\"box-sizing: inherit; margin: 8px 0px 0px; padding: 0px; border: 0px; font-variant: inherit; font-stretch: inherit; line-height: 24px; font-optical-sizing: inherit; font-size-adjust: inherit; font-kerning: inherit; font-feature-settings: inherit; font-variation-settings: inherit; font-language-override: inherit; vertical-align: baseline; letter-spacing: 0px;\"><span dir=\"auto\" style=\"box-sizing: inherit; line-height: 24px; letter-spacing: 0px; color: inherit; vertical-align: inherit;\">Totalmente forrado: totalmente forrado para mayor discreci\u00f3n y un ajuste ce\u00f1ido al cuerpo.<\/span><\/li>\n<li style=\"box-sizing: inherit; margin: 8px 0px 0px; padding: 0px; border: 0px; font-variant: inherit; font-stretch: inherit; line-height: 24px; font-optical-sizing: inherit; font-size-adjust: inherit; font-kerning: inherit; font-feature-settings: inherit; font-variation-settings: inherit; font-language-override: inherit; vertical-align: baseline; letter-spacing: 0px;\"><span dir=\"auto\" style=\"box-sizing: inherit; line-height: 24px; letter-spacing: 0px; color: inherit; vertical-align: inherit;\">Cobertura atrevida: Muestra un poco de picard\u00eda. Cobertura ajustada y corte de pierna m\u00e1s alto.<\/span><\/li>\n<li style=\"box-sizing: inherit; margin: 8px 0px 0px; padding: 0px; border: 0px; font-variant: inherit; font-stretch: inherit; line-height: 24px; font-optical-sizing: inherit; font-size-adjust: inherit; font-kerning: inherit; font-feature-settings: inherit; font-variation-settings: inherit; font-language-override: inherit; vertical-align: baseline; letter-spacing: 0px;\"><span dir=\"auto\" style=\"box-sizing: inherit; line-height: 24px; letter-spacing: 0px; color: inherit; vertical-align: inherit;\">Ajuste de competici\u00f3n compresivo: Nuestro ajuste m\u00e1s compresivo para un rendimiento \u00f3ptimo y reducci\u00f3n de la resistencia. Elige una talla m\u00e1s grande para un ajuste m\u00e1s c\u00f3modo.<\/span><\/li>\n<li style=\"box-sizing: inherit; margin: 8px 0px 0px; padding: 0px; border: 0px; font-variant: inherit; font-stretch: inherit; line-height: 24px; font-optical-sizing: inherit; font-size-adjust: inherit; font-kerning: inherit; font-feature-settings: inherit; font-variation-settings: inherit; font-language-override: inherit; vertical-align: baseline; letter-spacing: 0px;\"><span dir=\"auto\" style=\"box-sizing: inherit; line-height: 24px; letter-spacing: 0px; color: inherit; vertical-align: inherit;\">Endurance+: Nuestro tejido de alto rendimiento y durabilidad. Fabricado para durar, con alta resistencia al cloro y al pilling.<\/span><\/li>\n<\/ul>\n<\/div>\n<\/section>\n<\/div>\n<\/div>\n","protected":false},"excerpt":{"rendered":"<p>Dise\u00f1ado para el rendimiento y la pr\u00e1ctica, nuestro traje de ba\u00f1o Solid Web Back ofrece un ajuste compresivo y competitivo. Resistente al pilling y al cloro, est\u00e1 confeccionado para durar gracias a su resistente tejido Endurance+. Su dise\u00f1o de tiras y su cobertura atrevida ofrecen&#8230;<\/p>\n","protected":false},"featured_media":16548,"comment_status":"open","ping_status":"closed","template":"","meta":[],"product_cat":[43,45],"product_tag":[],"brands":[{"id":307,"name":"Speedo","slug":"speedo"}],"_links":{"self":[{"href":"https:\/\/crawl.es\/ca\/wp-json\/wp\/v2\/product\/16536"}],"collection":[{"href":"https:\/\/crawl.es\/ca\/wp-json\/wp\/v2\/product"}],"about":[{"href":"https:\/\/crawl.es\/ca\/wp-json\/wp\/v2\/types\/product"}],"replies":[{"embeddable":true,"href":"https:\/\/crawl.es\/ca\/wp-json\/wp\/v2\/comments?post=16536"}],"wp:featuredmedia":[{"embeddable":true,"href":"https:\/\/crawl.es\/ca\/wp-json\/wp\/v2\/media\/16548"}],"wp:attachment":[{"href":"https:\/\/crawl.es\/ca\/wp-json\/wp\/v2\/media?parent=16536"}],"wp:term":[{"taxonomy":"product_cat","embeddable":true,"href":"https:\/\/crawl.es\/ca\/wp-json\/wp\/v2\/product_cat?post=16536"},{"taxonomy":"product_tag","embeddable":true,"href":"https:\/\/crawl.es\/ca\/wp-json\/wp\/v2\/product_tag?post=16536"}],"curies":[{"name":"wp","href":"https:\/\/api.w.org\/{rel}","templated":true}]}}