{"id":16627,"date":"2026-02-17T09:35:28","date_gmt":"2026-02-17T09:35:28","guid":{"rendered":"https:\/\/crawl.es\/?post_type=product&#038;p=16627"},"modified":"2026-02-17T09:35:28","modified_gmt":"2026-02-17T09:35:28","slug":"mochila-junior-arena-friends-blue-4339100","status":"publish","type":"product","link":"https:\/\/crawl.es\/ca\/producto\/mochila-junior-arena-friends-blue-4339100\/","title":{"rendered":"MOCHILA JUNIOR ARENA FRIENDS BLUE\/ 4339100"},"content":{"rendered":"<p><span style=\"font-family: Roboto, 'Helvetica Neue', Helvetica, Arial, sans-serif; font-size: 14px;\">Tu joven nadador estar\u00e1 ansioso por ir a la piscina con nuestra mochila Friends Team. Dise\u00f1ado para que a los m\u00e1s peque\u00f1os les resulte f\u00e1cil llevar sus cosas de nataci\u00f3n, esta bolsa ligera est\u00e1 estampada con las lindas caras de gatitos exclusivas de nuestras creaciones para edades de 1 a 9 a\u00f1os. Sabemos que todo necesita su espacio, por eso hemos agregado un compartimento inferior separado para guardar los zapatos y un bolsillo exterior para una botella de agua. \u00a1A la piscina!<\/span><br style=\"font-family: Roboto, 'Helvetica Neue', Helvetica, Arial, sans-serif; font-size: 14px;\" \/><br style=\"font-family: Roboto, 'Helvetica Neue', Helvetica, Arial, sans-serif; font-size: 14px;\" \/><span style=\"font-weight: bold; font-family: Roboto, 'Helvetica Neue', Helvetica, Arial, sans-serif; font-size: 14px;\">Dise\u00f1o<\/span><br style=\"font-family: Roboto, 'Helvetica Neue', Helvetica, Arial, sans-serif; font-size: 14px;\" \/><span style=\"font-family: Roboto, 'Helvetica Neue', Helvetica, Arial, sans-serif; font-size: 14px;\">Nuestra mochila Friends Team mide 36 x 28 x 20 cm. Tiene compartimentos interiores para guardar f\u00e1cilmente el equipo de nataci\u00f3n y los accesorios y una secci\u00f3n inferior resistente para art\u00edculos y zapatos mojados. El tejido transpirable garantiza la ventilaci\u00f3n y el control de la humedad .<\/span><\/p>\n","protected":false},"excerpt":{"rendered":"<p>Tu joven nadador estar\u00e1 ansioso por ir a la piscina con nuestra mochila Friends Team. Dise\u00f1ado para que a los m\u00e1s peque\u00f1os les resulte f\u00e1cil llevar sus cosas de nataci\u00f3n, esta bolsa ligera est\u00e1 estampada con las lindas caras de gatitos exclusivas de nuestras creaciones&#8230;<\/p>\n","protected":false},"featured_media":16640,"comment_status":"open","ping_status":"closed","template":"","meta":[],"product_cat":[21,411,39,66],"product_tag":[],"brands":[{"id":312,"name":"ARENA","slug":"arena"}],"_links":{"self":[{"href":"https:\/\/crawl.es\/ca\/wp-json\/wp\/v2\/product\/16627"}],"collection":[{"href":"https:\/\/crawl.es\/ca\/wp-json\/wp\/v2\/product"}],"about":[{"href":"https:\/\/crawl.es\/ca\/wp-json\/wp\/v2\/types\/product"}],"replies":[{"embeddable":true,"href":"https:\/\/crawl.es\/ca\/wp-json\/wp\/v2\/comments?post=16627"}],"wp:featuredmedia":[{"embeddable":true,"href":"https:\/\/crawl.es\/ca\/wp-json\/wp\/v2\/media\/16640"}],"wp:attachment":[{"href":"https:\/\/crawl.es\/ca\/wp-json\/wp\/v2\/media?parent=16627"}],"wp:term":[{"taxonomy":"product_cat","embeddable":true,"href":"https:\/\/crawl.es\/ca\/wp-json\/wp\/v2\/product_cat?post=16627"},{"taxonomy":"product_tag","embeddable":true,"href":"https:\/\/crawl.es\/ca\/wp-json\/wp\/v2\/product_tag?post=16627"}],"curies":[{"name":"wp","href":"https:\/\/api.w.org\/{rel}","templated":true}]}}