{"id":16783,"date":"2026-02-17T17:27:36","date_gmt":"2026-02-17T17:27:36","guid":{"rendered":"https:\/\/crawl.es\/?post_type=product&#038;p=16783"},"modified":"2026-02-17T17:27:38","modified_gmt":"2026-02-17T17:27:38","slug":"banador-arena-mujer-team-swim-tech-liso-navy-white","status":"publish","type":"product","link":"https:\/\/crawl.es\/ca\/producto\/banador-arena-mujer-team-swim-tech-liso-navy-white\/","title":{"rendered":"Ba\u00f1ador ARENA Mujer Team Swim Tech Liso NAVY-WHITE"},"content":{"rendered":"<p><span style=\"font-family: Roboto, 'Helvetica Neue', Helvetica, Arial, sans-serif; font-size: 14px;\">Socorrista de los vigilantes de la playa o nadadora seria, v\u00edstete para ambas funciones con nuestro ba\u00f1ador Team Swim Tech de una Pieza. Este ba\u00f1ador de entrenamiento para mujer tiene un corte alto de pierna, escote redondo y espalda abierta. Las costuras diagonales favorecen tu figura y mejoran tus movimientos en el agua. Fabricado en un tejido producido a partir de fuentes gestionadas responsablemente, con tecnolog\u00eda avanzada de resistencia al cloro, este dise\u00f1o es la soluci\u00f3n perfecta para la nataci\u00f3n frecuente.<\/span><br style=\"font-family: Roboto, 'Helvetica Neue', Helvetica, Arial, sans-serif; font-size: 14px;\" \/><br style=\"font-family: Roboto, 'Helvetica Neue', Helvetica, Arial, sans-serif; font-size: 14px;\" \/><span style=\"font-weight: bold; font-family: Roboto, 'Helvetica Neue', Helvetica, Arial, sans-serif; font-size: 14px;\">Por qu\u00e9 te encantar\u00e1:<\/span><\/p>\n<ul style=\"margin-top: 0rem; margin-bottom: 2.5rem; font-family: Roboto, 'Helvetica Neue', Helvetica, Arial, sans-serif; font-size: 14px;\">\n<li style=\"margin-top: 0rem; margin-bottom: 1rem;\">Ideal para nataci\u00f3n frecuente<\/li>\n<li style=\"margin-top: 0rem; margin-bottom: 1rem;\">Excelente resistencia al cloro<\/li>\n<li style=\"margin-top: 0rem; margin-bottom: 1rem;\">Soporte y libertad de movimiento<\/li>\n<li style=\"margin-top: 0rem; margin-bottom: 1rem;\">Durabilidad extrema<\/li>\n<li style=\"margin-top: 0rem; margin-bottom: 1rem;\">Amplia gama de colores<\/li>\n<\/ul>\n<p><span style=\"font-family: Roboto, 'Helvetica Neue', Helvetica, Arial, sans-serif; font-size: 14px; font-weight: bold;\">Tejido<\/span><\/p>\n<p><span style=\"font-family: Roboto, 'Helvetica Neue', Helvetica, Arial, sans-serif; font-size: 14px;\">MaxLife Eco es nuestro nuevo tejido para ba\u00f1adores producido a partir da fuentes gestionadas responsablemente que ofrece la m\u00e1xima resistencia al cloro y un rendimiento duradero. Fabricado con al menos un 50% de poli\u00e9ster reciclado, este innovador material se ajusta bien y mantiene la forma con el tiempo. Incorpora protecci\u00f3n UV 50+ y es de secado r\u00e1pido.<\/span><\/p>\n","protected":false},"excerpt":{"rendered":"<p>Socorrista de los vigilantes de la playa o nadadora seria, v\u00edstete para ambas funciones con nuestro ba\u00f1ador Team Swim Tech de una Pieza. Este ba\u00f1ador de entrenamiento para mujer tiene un corte alto de pierna, escote redondo y espalda abierta. Las costuras diagonales favorecen tu&#8230;<\/p>\n","protected":false},"featured_media":16790,"comment_status":"open","ping_status":"closed","template":"","meta":[],"product_cat":[43,45],"product_tag":[],"brands":[{"id":312,"name":"ARENA","slug":"arena"}],"_links":{"self":[{"href":"https:\/\/crawl.es\/ca\/wp-json\/wp\/v2\/product\/16783"}],"collection":[{"href":"https:\/\/crawl.es\/ca\/wp-json\/wp\/v2\/product"}],"about":[{"href":"https:\/\/crawl.es\/ca\/wp-json\/wp\/v2\/types\/product"}],"replies":[{"embeddable":true,"href":"https:\/\/crawl.es\/ca\/wp-json\/wp\/v2\/comments?post=16783"}],"wp:featuredmedia":[{"embeddable":true,"href":"https:\/\/crawl.es\/ca\/wp-json\/wp\/v2\/media\/16790"}],"wp:attachment":[{"href":"https:\/\/crawl.es\/ca\/wp-json\/wp\/v2\/media?parent=16783"}],"wp:term":[{"taxonomy":"product_cat","embeddable":true,"href":"https:\/\/crawl.es\/ca\/wp-json\/wp\/v2\/product_cat?post=16783"},{"taxonomy":"product_tag","embeddable":true,"href":"https:\/\/crawl.es\/ca\/wp-json\/wp\/v2\/product_tag?post=16783"}],"curies":[{"name":"wp","href":"https:\/\/api.w.org\/{rel}","templated":true}]}}