{"id":16802,"date":"2026-02-17T18:11:09","date_gmt":"2026-02-17T18:11:09","guid":{"rendered":"https:\/\/crawl.es\/?post_type=product&#038;p=16802"},"modified":"2026-02-17T18:11:44","modified_gmt":"2026-02-17T18:11:44","slug":"banador-speedo-ml-printed-13-5cm-brief","status":"publish","type":"product","link":"https:\/\/crawl.es\/ca\/producto\/banador-speedo-ml-printed-13-5cm-brief\/","title":{"rendered":"BA\u00d1ADOR SPEEDO Ml Printed 13.5cm Brief"},"content":{"rendered":"<p style=\"box-sizing: inherit; margin: 8px 0px 12px; padding: 0px; border: 0px; font-variant-numeric: inherit; font-variant-east-asian: inherit; font-variant-alternates: inherit; font-variant-position: inherit; font-variant-emoji: inherit; font-stretch: inherit; line-height: 24px; font-family: Athletics, sans-serif; font-optical-sizing: inherit; font-size-adjust: inherit; font-kerning: inherit; font-feature-settings: inherit; font-variation-settings: inherit; font-language-override: inherit; vertical-align: baseline;\"><span dir=\"auto\" style=\"box-sizing: inherit; line-height: 24px; letter-spacing: 0px; color: inherit; vertical-align: inherit;\">El ba\u00f1ador Speedo de 13,5 cm est\u00e1 dise\u00f1ado para el rendimiento y la pr\u00e1ctica, ofreciendo nuestro ajuste de competici\u00f3n m\u00e1s compresivo. Fabricado para durar con tejido Endurance+, es resistente al cloro y a la formaci\u00f3n de bolitas para una mayor durabilidad. La cintura m\u00e1s ancha y el cord\u00f3n ajustable te mantienen c\u00f3modo y sujeto durante el entrenamiento.<\/span><\/p>\n<p>\u00a0<\/p>\n<p style=\"box-sizing: inherit; margin: 8px 0px 12px; padding: 0px; border: 0px; font-variant-numeric: inherit; font-variant-east-asian: inherit; font-variant-alternates: inherit; font-variant-position: inherit; font-variant-emoji: inherit; font-stretch: inherit; line-height: 24px; font-family: Athletics, sans-serif; font-optical-sizing: inherit; font-size-adjust: inherit; font-kerning: inherit; font-feature-settings: inherit; font-variation-settings: inherit; font-language-override: inherit; vertical-align: baseline;\"><em style=\"box-sizing: inherit; margin: 0px; padding: 0px; border: 0px; font-variant: inherit; font-stretch: inherit; line-height: 24px; font-optical-sizing: inherit; font-size-adjust: inherit; font-kerning: inherit; font-feature-settings: inherit; font-variation-settings: inherit; font-language-override: inherit; vertical-align: baseline; letter-spacing: 0px; color: inherit;\"><span dir=\"auto\" style=\"box-sizing: inherit; font-style: normal; line-height: 24px; letter-spacing: 0px; color: inherit; vertical-align: inherit;\">Este estilo se ha creado mediante impresi\u00f3n digital; cada traje se confecciona individualmente con un estampado \u00fanico. Tenga en cuenta que, por este motivo, su estampado puede ser ligeramente diferente al que lleva nuestra modelo.<\/span><\/em><\/p>\n<ul style=\"box-sizing: inherit; margin: 8px 0px 0px calc(18px); padding: 0px; border: 0px; font-variant-numeric: inherit; font-variant-east-asian: inherit; font-variant-alternates: inherit; font-variant-position: inherit; font-variant-emoji: inherit; font-stretch: inherit; line-height: 24px; font-family: Athletics, sans-serif; font-optical-sizing: inherit; font-size-adjust: inherit; font-kerning: inherit; font-feature-settings: inherit; font-variation-settings: inherit; font-language-override: inherit; vertical-align: baseline; list-style: initial;\">\n<li style=\"box-sizing: inherit; margin: 8px 0px 0px; padding: 0px; border: 0px; font-variant: inherit; font-stretch: inherit; line-height: 24px; font-optical-sizing: inherit; font-size-adjust: inherit; font-kerning: inherit; font-feature-settings: inherit; font-variation-settings: inherit; font-language-override: inherit; vertical-align: baseline; letter-spacing: 0px;\"><span dir=\"auto\" style=\"box-sizing: inherit; line-height: 24px; letter-spacing: 0px; color: inherit; vertical-align: inherit;\">Ajuste de competici\u00f3n compresivo: Nuestro ajuste m\u00e1s compresivo para un rendimiento \u00f3ptimo y reducci\u00f3n de la resistencia. Elige una talla m\u00e1s grande para un ajuste m\u00e1s c\u00f3modo.<\/span><\/li>\n<li style=\"box-sizing: inherit; margin: 8px 0px 0px; padding: 0px; border: 0px; font-variant: inherit; font-stretch: inherit; line-height: 24px; font-optical-sizing: inherit; font-size-adjust: inherit; font-kerning: inherit; font-feature-settings: inherit; font-variation-settings: inherit; font-language-override: inherit; vertical-align: baseline; letter-spacing: 0px;\"><span dir=\"auto\" style=\"box-sizing: inherit; line-height: 24px; letter-spacing: 0px; color: inherit; vertical-align: inherit;\">Cord\u00f3n en la cintura: permite un ajuste regulable<\/span><\/li>\n<li style=\"box-sizing: inherit; margin: 8px 0px 0px; padding: 0px; border: 0px; font-variant: inherit; font-stretch: inherit; line-height: 24px; font-optical-sizing: inherit; font-size-adjust: inherit; font-kerning: inherit; font-feature-settings: inherit; font-variation-settings: inherit; font-language-override: inherit; vertical-align: baseline; letter-spacing: 0px;\"><span dir=\"auto\" style=\"box-sizing: inherit; line-height: 24px; letter-spacing: 0px; color: inherit; vertical-align: inherit;\">Endurance+: Nuestro tejido de alto rendimiento y durabilidad. Fabricado para durar, con alta resistencia al cloro y al pilling.<\/span><\/li>\n<li style=\"box-sizing: inherit; margin: 8px 0px 0px; padding: 0px; border: 0px; font-variant: inherit; font-stretch: inherit; line-height: 24px; font-optical-sizing: inherit; font-size-adjust: inherit; font-kerning: inherit; font-feature-settings: inherit; font-variation-settings: inherit; font-language-override: inherit; vertical-align: baseline; letter-spacing: 0px;\"><span dir=\"auto\" style=\"box-sizing: inherit; line-height: 24px; letter-spacing: 0px; color: inherit; vertical-align: inherit;\">Totalmente forrado: totalmente forrado para mayor discreci\u00f3n y un ajuste ce\u00f1ido al cuerpo.<\/span><\/li>\n<\/ul>\n","protected":false},"excerpt":{"rendered":"<p>El ba\u00f1ador Speedo de 13,5 cm est\u00e1 dise\u00f1ado para el rendimiento y la pr\u00e1ctica, ofreciendo nuestro ajuste de competici\u00f3n m\u00e1s compresivo. Fabricado para durar con tejido Endurance+, es resistente al cloro y a la formaci\u00f3n de bolitas para una mayor durabilidad. La cintura m\u00e1s ancha&#8230;<\/p>\n","protected":false},"featured_media":16807,"comment_status":"open","ping_status":"closed","template":"","meta":[],"product_cat":[44,382],"product_tag":[],"brands":[{"id":307,"name":"Speedo","slug":"speedo"}],"_links":{"self":[{"href":"https:\/\/crawl.es\/ca\/wp-json\/wp\/v2\/product\/16802"}],"collection":[{"href":"https:\/\/crawl.es\/ca\/wp-json\/wp\/v2\/product"}],"about":[{"href":"https:\/\/crawl.es\/ca\/wp-json\/wp\/v2\/types\/product"}],"replies":[{"embeddable":true,"href":"https:\/\/crawl.es\/ca\/wp-json\/wp\/v2\/comments?post=16802"}],"wp:featuredmedia":[{"embeddable":true,"href":"https:\/\/crawl.es\/ca\/wp-json\/wp\/v2\/media\/16807"}],"wp:attachment":[{"href":"https:\/\/crawl.es\/ca\/wp-json\/wp\/v2\/media?parent=16802"}],"wp:term":[{"taxonomy":"product_cat","embeddable":true,"href":"https:\/\/crawl.es\/ca\/wp-json\/wp\/v2\/product_cat?post=16802"},{"taxonomy":"product_tag","embeddable":true,"href":"https:\/\/crawl.es\/ca\/wp-json\/wp\/v2\/product_tag?post=16802"}],"curies":[{"name":"wp","href":"https:\/\/api.w.org\/{rel}","templated":true}]}}