{"id":16882,"date":"2026-02-24T16:57:39","date_gmt":"2026-02-24T16:57:39","guid":{"rendered":"https:\/\/crawl.es\/?post_type=product&#038;p=16882"},"modified":"2026-02-24T16:57:39","modified_gmt":"2026-02-24T16:57:39","slug":"banador-speedo-brief-13-5cm-3","status":"publish","type":"product","link":"https:\/\/crawl.es\/ca\/producto\/banador-speedo-brief-13-5cm-3\/","title":{"rendered":"BA\u00d1ADOR SPEEDO BRIEF 13.5CM"},"content":{"rendered":"<div id=\"synopsis-6345ebb4-ad9b-4d64-a53b-621776af48ea\" style=\"box-sizing: inherit; margin: 0px; padding: 0px; border: 0px; font-variant-numeric: inherit; font-variant-east-asian: inherit; font-variant-alternates: inherit; font-variant-position: inherit; font-variant-emoji: inherit; font-stretch: inherit; line-height: inherit; font-family: Athletics, sans-serif; font-optical-sizing: inherit; font-size-adjust: inherit; font-kerning: inherit; font-feature-settings: inherit; font-variation-settings: inherit; font-language-override: inherit; vertical-align: baseline;\" data-testid=\"accordion\">\n<div class=\"sc-cxqeVi ftTypk\" style=\"box-sizing: inherit; margin: 0px; padding: 0px 8px; border: 0px; font: inherit; vertical-align: baseline; max-height: 100%; visibility: initial;\" tabindex=\"0\">\n<section style=\"box-sizing: inherit; margin: 0px; padding: 0px; border: 0px; font: inherit; vertical-align: baseline;\" data-hydration-on-demand=\"true\">\n<div class=\"sc-hhWxWE iJsOFx sc-lgWeKl immOFU\" style=\"box-sizing: inherit; margin: 0px; padding: 16px 8px 24px; border: 0px; font-variant: inherit; font-stretch: inherit; line-height: 24px; font-optical-sizing: inherit; font-size-adjust: inherit; font-kerning: inherit; font-feature-settings: inherit; font-variation-settings: inherit; font-language-override: inherit; vertical-align: baseline; letter-spacing: 0px;\" data-testid=\"styled-text\">\n<p style=\"box-sizing: inherit; margin: 8px 0px 12px; padding: 0px; border: 0px; font-variant: inherit; font-stretch: inherit; line-height: 24px; font-optical-sizing: inherit; font-size-adjust: inherit; font-kerning: inherit; font-feature-settings: inherit; font-variation-settings: inherit; font-language-override: inherit; vertical-align: baseline; letter-spacing: 0px;\"><span dir=\"auto\" style=\"box-sizing: inherit; line-height: 24px; letter-spacing: 0px; color: inherit; vertical-align: inherit;\">El ba\u00f1ador SPEEDO de 13,5 cm est\u00e1 dise\u00f1ado para el rendimiento y la pr\u00e1ctica, ofreciendo nuestro ajuste de competici\u00f3n m\u00e1s compresivo. Fabricado para durar con tejido Endurance+, es resistente al cloro y a la formaci\u00f3n de bolitas para una mayor durabilidad. La cintura m\u00e1s ancha y el cord\u00f3n ajustable te mantienen c\u00f3modo y sujeto durante el entrenamiento.<\/span><\/p>\n<p><br style=\"box-sizing: inherit; line-height: 24px; letter-spacing: 0px; color: inherit;\" \/><\/p>\n<p style=\"box-sizing: inherit; margin: 8px 0px 12px; padding: 0px; border: 0px; font-variant: inherit; font-stretch: inherit; line-height: 24px; font-optical-sizing: inherit; font-size-adjust: inherit; font-kerning: inherit; font-feature-settings: inherit; font-variation-settings: inherit; font-language-override: inherit; vertical-align: baseline; letter-spacing: 0px;\"><em style=\"box-sizing: inherit; margin: 0px; padding: 0px; border: 0px; font-variant: inherit; font-stretch: inherit; line-height: 24px; font-optical-sizing: inherit; font-size-adjust: inherit; font-kerning: inherit; font-feature-settings: inherit; font-variation-settings: inherit; font-language-override: inherit; vertical-align: baseline; letter-spacing: 0px; color: inherit;\"><span dir=\"auto\" style=\"box-sizing: inherit; font-style: normal; line-height: 24px; letter-spacing: 0px; color: inherit; vertical-align: inherit;\">Este estilo se ha creado mediante impresi\u00f3n digital; cada traje se confecciona individualmente con un estampado \u00fanico. Tenga en cuenta que, por este motivo, su estampado puede ser ligeramente diferente al que lleva nuestra modelo.<\/span><\/em><\/p>\n<p style=\"box-sizing: inherit; margin: 8px 0px 12px; padding: 0px; border: 0px; font-variant: inherit; font-stretch: inherit; line-height: 24px; font-optical-sizing: inherit; font-size-adjust: inherit; font-kerning: inherit; font-feature-settings: inherit; font-variation-settings: inherit; font-language-override: inherit; vertical-align: baseline; letter-spacing: 0px;\">\u00a0<\/p>\n<\/div>\n<\/section>\n<\/div>\n<\/div>\n<div id=\"keyBenefits-6f162cc8-b976-4395-867e-f4aacf149c69\" style=\"box-sizing: inherit; margin: 0px; padding: 0px; border: 0px; font-variant-numeric: inherit; font-variant-east-asian: inherit; font-variant-alternates: inherit; font-variant-position: inherit; font-variant-emoji: inherit; font-stretch: inherit; line-height: inherit; font-family: Athletics, sans-serif; font-optical-sizing: inherit; font-size-adjust: inherit; font-kerning: inherit; font-feature-settings: inherit; font-variation-settings: inherit; font-language-override: inherit; vertical-align: baseline;\" data-testid=\"accordion\"><button class=\"sc-iLsHUY gxzseE\" style=\"box-sizing: inherit; margin: 0px; padding: 0px; background-image: initial; background-position: initial; background-size: initial; background-repeat: initial; background-attachment: initial; background-origin: initial; background-clip: initial; width: 737.406px; cursor: pointer; border: 0px initial initial;\" data-testid=\"accordion-button\" aria-expanded=\"true\"><button class=\"sc-iLsHUY gxzseE\" style=\"box-sizing: inherit; margin: 0px; padding: 0px; background-image: initial; background-position: initial; background-size: initial; background-repeat: initial; background-attachment: initial; background-origin: initial; background-clip: initial; width: 737.406px; cursor: pointer; border: 0px initial initial;\" data-testid=\"accordion-button\" aria-expanded=\"true\"><span class=\"sc-gpNGfX jMlXJn\" style=\"box-sizing: inherit; margin: 0px; padding: 8px; border-width: 1px 0px 0px; border-image: initial; font-variant: inherit; font-weight: 800; font-stretch: inherit; font-size: 16px; line-height: 24px; font-family: Athletics, sans-serif; font-optical-sizing: inherit; font-size-adjust: inherit; font-kerning: inherit; font-feature-settings: inherit; font-variation-settings: inherit; font-language-override: inherit; vertical-align: baseline; letter-spacing: 0px; cursor: pointer; display: flex; -webkit-box-pack: justify; justify-content: space-between; position: relative; -webkit-box-align: center; align-items: center; text-align: left; color: #333333; border-color: #cccccc initial initial initial; border-style: solid initial initial initial;\" data-testid=\"accordion-title\"><span dir=\"auto\" style=\"box-sizing: inherit; vertical-align: inherit;\"><span dir=\"auto\" style=\"box-sizing: inherit; vertical-align: inherit;\">Caracter\u00edsticas y beneficios<\/span><\/span><\/span><\/button><\/button><\/p>\n<div class=\"sc-fHKBYZ bVLCLY\" style=\"box-sizing: inherit; margin: 0px; padding: 0px; border: 0px; font: inherit; vertical-align: baseline; width: 24px; height: 24px; transform: rotate(180deg);\">\u00a0<\/div>\n<div class=\"sc-evHTmi drJeXz\" style=\"box-sizing: inherit; margin: 0px; padding: 0px 8px; border: 0px; font: inherit; vertical-align: baseline; max-height: 100%; visibility: initial;\" tabindex=\"0\">\n<section style=\"box-sizing: inherit; margin: 0px; padding: 0px; border: 0px; font: inherit; vertical-align: baseline;\" data-hydration-on-demand=\"true\">\n<div class=\"sc-hhWxWE iJsOFx sc-lgWeKl immOFU\" style=\"box-sizing: inherit; margin: 0px; padding: 16px 8px 24px; border: 0px; font-variant: inherit; font-stretch: inherit; line-height: 24px; font-optical-sizing: inherit; font-size-adjust: inherit; font-kerning: inherit; font-feature-settings: inherit; font-variation-settings: inherit; font-language-override: inherit; vertical-align: baseline; letter-spacing: 0px;\" data-testid=\"styled-text\">\n<ul style=\"box-sizing: inherit; margin: 8px 0px 0px calc(18px); padding: 0px; border: 0px; font-variant: inherit; font-stretch: inherit; line-height: 24px; font-optical-sizing: inherit; font-size-adjust: inherit; font-kerning: inherit; font-feature-settings: inherit; font-variation-settings: inherit; font-language-override: inherit; vertical-align: baseline; list-style: initial; letter-spacing: 0px; color: inherit;\">\n<li style=\"box-sizing: inherit; margin: 8px 0px 0px; padding: 0px; border: 0px; font-variant: inherit; font-stretch: inherit; line-height: 24px; font-optical-sizing: inherit; font-size-adjust: inherit; font-kerning: inherit; font-feature-settings: inherit; font-variation-settings: inherit; font-language-override: inherit; vertical-align: baseline; letter-spacing: 0px;\"><span dir=\"auto\" style=\"box-sizing: inherit; line-height: 24px; letter-spacing: 0px; color: inherit; vertical-align: inherit;\">Ajuste de competici\u00f3n compresivo: Nuestro ajuste m\u00e1s compresivo para un rendimiento \u00f3ptimo y reducci\u00f3n de la resistencia. Elige una talla m\u00e1s grande para un ajuste m\u00e1s c\u00f3modo.<\/span><\/li>\n<li style=\"box-sizing: inherit; margin: 8px 0px 0px; padding: 0px; border: 0px; font-variant: inherit; font-stretch: inherit; line-height: 24px; font-optical-sizing: inherit; font-size-adjust: inherit; font-kerning: inherit; font-feature-settings: inherit; font-variation-settings: inherit; font-language-override: inherit; vertical-align: baseline; letter-spacing: 0px;\"><span dir=\"auto\" style=\"box-sizing: inherit; line-height: 24px; letter-spacing: 0px; color: inherit; vertical-align: inherit;\">Cord\u00f3n en la cintura: permite un ajuste regulable<\/span><\/li>\n<li style=\"box-sizing: inherit; margin: 8px 0px 0px; padding: 0px; border: 0px; font-variant: inherit; font-stretch: inherit; line-height: 24px; font-optical-sizing: inherit; font-size-adjust: inherit; font-kerning: inherit; font-feature-settings: inherit; font-variation-settings: inherit; font-language-override: inherit; vertical-align: baseline; letter-spacing: 0px;\"><span dir=\"auto\" style=\"box-sizing: inherit; line-height: 24px; letter-spacing: 0px; color: inherit; vertical-align: inherit;\">Endurance+: Nuestro tejido de alto rendimiento y durabilidad. Fabricado para durar, con alta resistencia al cloro y al pilling.<\/span><\/li>\n<li style=\"box-sizing: inherit; margin: 8px 0px 0px; padding: 0px; border: 0px; font-variant: inherit; font-stretch: inherit; line-height: 24px; font-optical-sizing: inherit; font-size-adjust: inherit; font-kerning: inherit; font-feature-settings: inherit; font-variation-settings: inherit; font-language-override: inherit; vertical-align: baseline; letter-spacing: 0px;\"><span dir=\"auto\" style=\"box-sizing: inherit; line-height: 24px; letter-spacing: 0px; color: inherit; vertical-align: inherit;\">Totalmente forrado: totalmente forrado para mayor discreci\u00f3n y un ajuste ce\u00f1ido al cuerpo.<\/span><\/li>\n<\/ul>\n<p style=\"box-sizing: inherit; margin: 8px 0px 12px; padding: 0px; border: 0px; font-variant: inherit; font-stretch: inherit; line-height: 24px; font-optical-sizing: inherit; font-size-adjust: inherit; font-kerning: inherit; font-feature-settings: inherit; font-variation-settings: inherit; font-language-override: inherit; vertical-align: baseline; letter-spacing: 0px;\"><em style=\"box-sizing: inherit; margin: 0px; padding: 0px; border: 0px; font-variant: inherit; font-stretch: inherit; line-height: 24px; font-optical-sizing: inherit; font-size-adjust: inherit; font-kerning: inherit; font-feature-settings: inherit; font-variation-settings: inherit; font-language-override: inherit; vertical-align: baseline; letter-spacing: 0px; color: inherit;\"><span dir=\"auto\" style=\"box-sizing: inherit; font-style: normal; line-height: 24px; letter-spacing: 0px; color: inherit; vertical-align: inherit;\">Este estilo se ha creado mediante impresi\u00f3n digital; cada traje se confecciona individualmente con un estampado \u00fanico. Tenga en cuenta que, por este motivo, su estampado puede ser ligeramente diferente al que lleva nuestra modelo.<\/span><\/em><\/p>\n<\/div>\n<\/section>\n<\/div>\n<\/div>\n","protected":false},"excerpt":{"rendered":"<p>El ba\u00f1ador SPEEDO de 13,5 cm est\u00e1 dise\u00f1ado para el rendimiento y la pr\u00e1ctica, ofreciendo nuestro ajuste de competici\u00f3n m\u00e1s compresivo. Fabricado para durar con tejido Endurance+, es resistente al cloro y a la formaci\u00f3n de bolitas para una mayor durabilidad. La cintura m\u00e1s ancha&#8230;<\/p>\n","protected":false},"featured_media":16887,"comment_status":"open","ping_status":"closed","template":"","meta":[],"product_cat":[44,382,28],"product_tag":[],"brands":[{"id":307,"name":"Speedo","slug":"speedo"}],"_links":{"self":[{"href":"https:\/\/crawl.es\/ca\/wp-json\/wp\/v2\/product\/16882"}],"collection":[{"href":"https:\/\/crawl.es\/ca\/wp-json\/wp\/v2\/product"}],"about":[{"href":"https:\/\/crawl.es\/ca\/wp-json\/wp\/v2\/types\/product"}],"replies":[{"embeddable":true,"href":"https:\/\/crawl.es\/ca\/wp-json\/wp\/v2\/comments?post=16882"}],"wp:featuredmedia":[{"embeddable":true,"href":"https:\/\/crawl.es\/ca\/wp-json\/wp\/v2\/media\/16887"}],"wp:attachment":[{"href":"https:\/\/crawl.es\/ca\/wp-json\/wp\/v2\/media?parent=16882"}],"wp:term":[{"taxonomy":"product_cat","embeddable":true,"href":"https:\/\/crawl.es\/ca\/wp-json\/wp\/v2\/product_cat?post=16882"},{"taxonomy":"product_tag","embeddable":true,"href":"https:\/\/crawl.es\/ca\/wp-json\/wp\/v2\/product_tag?post=16882"}],"curies":[{"name":"wp","href":"https:\/\/api.w.org\/{rel}","templated":true}]}}