{"id":16903,"date":"2026-03-03T18:07:40","date_gmt":"2026-03-03T18:07:40","guid":{"rendered":"https:\/\/crawl.es\/?post_type=product&#038;p=16903"},"modified":"2026-03-03T18:07:42","modified_gmt":"2026-03-03T18:07:42","slug":"speedo-banador-mujer-solid-tri-back-rosa-verde","status":"publish","type":"product","link":"https:\/\/crawl.es\/ca\/producto\/speedo-banador-mujer-solid-tri-back-rosa-verde\/","title":{"rendered":"SPEEDO BA\u00d1ADOR MUJER SOLID TRI BACK\/ Rosa-Verde"},"content":{"rendered":"<p><span style=\"color: #000000; font-family: Roboto, sans-serif; font-size: 14px; letter-spacing: 0.14px;\">Logra un rendimiento ganador con el nuevo traje de ba\u00f1o Tri Back. Con el corte m\u00e1s compresivo y una cobertura trasera atrevida, su forma modernizada libera las caderas y los hombros para un ajuste sin distracciones. Este traje de ba\u00f1o de una pieza para mujer est\u00e1 dise\u00f1ado para atletas que exigen excelencia y se niegan a comprometer la velocidad, la comodidad o el estilo. Dise\u00f1ado para sentirse como una segunda piel, proporciona la ventaja hidrodin\u00e1mica que necesitas para cortar el agua y dejar atr\u00e1s a la competencia.<\/span><br style=\"box-sizing: border-box; color: #000000; font-family: Roboto, sans-serif; font-size: 14px; letter-spacing: 0.14px;\" \/><br style=\"box-sizing: border-box; color: #000000; font-family: Roboto, sans-serif; font-size: 14px; letter-spacing: 0.14px;\" \/><span style=\"color: #000000; font-family: Roboto, sans-serif; font-size: 14px; letter-spacing: 0.14px;\">El FL Solid Tri Back es una obra maestra del dise\u00f1o ergon\u00f3mico, construido para soportar los reg\u00edmenes de entrenamiento m\u00e1s intensos. Su prop\u00f3sito principal es mejorar tu habilidad natural eliminando todas las distracciones f\u00edsicas y mentales. Las correas delgadas y minimalistas y la construcci\u00f3n de espalda abierta ofrecen una sensaci\u00f3n excepcional en el agua y un rango de movimiento sin restricciones, lo que permite una tracci\u00f3n m\u00e1s potente y eficiente. Siente la diferencia a medida que tus hombros y espalda se mueven con total libertad, traduciendo cada gramo de tu energ\u00eda en impulso hacia adelante.<\/span><br style=\"box-sizing: border-box; color: #000000; font-family: Roboto, sans-serif; font-size: 14px; letter-spacing: 0.14px;\" \/><br style=\"box-sizing: border-box; color: #000000; font-family: Roboto, sans-serif; font-size: 14px; letter-spacing: 0.14px;\" \/><span style=\"color: #000000; font-family: Roboto, sans-serif; font-size: 14px; letter-spacing: 0.14px;\">Beneficios y caracter\u00edsticas clave:<\/span><br style=\"box-sizing: border-box; color: #000000; font-family: Roboto, sans-serif; font-size: 14px; letter-spacing: 0.14px;\" \/><br style=\"box-sizing: border-box; color: #000000; font-family: Roboto, sans-serif; font-size: 14px; letter-spacing: 0.14px;\" \/><span style=\"color: #000000; font-family: Roboto, sans-serif; font-size: 14px; letter-spacing: 0.14px;\">M\u00e1xima movilidad: El dise\u00f1o caracter\u00edstico Tri Back es la estrella del espect\u00e1culo, con correas delgadas y reforzadas que convergen en forma de Y. Esta innovadora construcci\u00f3n libera por completo los om\u00f3platos y los m\u00fasculos de la espalda, lo que permite un rango de movimiento sin igual para cada brazada, rotaci\u00f3n y giro.<\/span><br style=\"box-sizing: border-box; color: #000000; font-family: Roboto, sans-serif; font-size: 14px; letter-spacing: 0.14px;\" \/><span style=\"color: #000000; font-family: Roboto, sans-serif; font-size: 14px; letter-spacing: 0.14px;\">Ajuste de compresi\u00f3n de rendimiento: Como nuestra silueta m\u00e1s compresiva, este traje de ba\u00f1o abraza el cuerpo para crear un perfil elegante y aerodin\u00e1mico que reduce significativamente la resistencia. El tejido sint\u00e9tico de alto rendimiento y soporte ayuda a la estabilizaci\u00f3n muscular, ayud\u00e1ndote a sentirte poderoso y eficiente desde la primera hasta la \u00faltima vuelta.<\/span><br style=\"box-sizing: border-box; color: #000000; font-family: Roboto, sans-serif; font-size: 14px; letter-spacing: 0.14px;\" \/><span style=\"color: #000000; font-family: Roboto, sans-serif; font-size: 14px; letter-spacing: 0.14px;\">Forma modernizada y sin inhibiciones: El traje presenta un corte de pierna alto contempor\u00e1neo y una cobertura trasera atrevida. Este dise\u00f1o no es solo por est\u00e9tica; es una elecci\u00f3n funcional para liberar las caderas y las piernas, lo que permite una patada potente y sin obst\u00e1culos y un rango completo de movimiento durante las salidas y los giros.<\/span><br style=\"box-sizing: border-box; color: #000000; font-family: Roboto, sans-serif; font-size: 14px; letter-spacing: 0.14px;\" \/><span style=\"color: #000000; font-family: Roboto, sans-serif; font-size: 14px; letter-spacing: 0.14px;\">Durabilidad excepcional: Fabricado con un tejido sint\u00e9tico avanzado y delgado, este traje de ba\u00f1o est\u00e1 dise\u00f1ado para resistir los duros efectos del cloro y los rigores del entrenamiento diario. Cuenta con una tecnolog\u00eda superior de retenci\u00f3n de la forma, lo que garantiza que resista la flacidez y mantenga su ajuste compresivo y su color vibrante ba\u00f1o tras ba\u00f1o. Especificaciones T\u00e9cnicas:<\/span><\/p>\n","protected":false},"excerpt":{"rendered":"<p>Logra un rendimiento ganador con el nuevo traje de ba\u00f1o Tri Back. Con el corte m\u00e1s compresivo y una cobertura trasera atrevida, su forma modernizada libera las caderas y los hombros para un ajuste sin distracciones. Este traje de ba\u00f1o de una pieza para mujer&#8230;<\/p>\n","protected":false},"featured_media":16908,"comment_status":"open","ping_status":"closed","template":"","meta":[],"product_cat":[43,45],"product_tag":[],"brands":[{"id":307,"name":"Speedo","slug":"speedo"}],"_links":{"self":[{"href":"https:\/\/crawl.es\/ca\/wp-json\/wp\/v2\/product\/16903"}],"collection":[{"href":"https:\/\/crawl.es\/ca\/wp-json\/wp\/v2\/product"}],"about":[{"href":"https:\/\/crawl.es\/ca\/wp-json\/wp\/v2\/types\/product"}],"replies":[{"embeddable":true,"href":"https:\/\/crawl.es\/ca\/wp-json\/wp\/v2\/comments?post=16903"}],"wp:featuredmedia":[{"embeddable":true,"href":"https:\/\/crawl.es\/ca\/wp-json\/wp\/v2\/media\/16908"}],"wp:attachment":[{"href":"https:\/\/crawl.es\/ca\/wp-json\/wp\/v2\/media?parent=16903"}],"wp:term":[{"taxonomy":"product_cat","embeddable":true,"href":"https:\/\/crawl.es\/ca\/wp-json\/wp\/v2\/product_cat?post=16903"},{"taxonomy":"product_tag","embeddable":true,"href":"https:\/\/crawl.es\/ca\/wp-json\/wp\/v2\/product_tag?post=16903"}],"curies":[{"name":"wp","href":"https:\/\/api.w.org\/{rel}","templated":true}]}}