{"id":16981,"date":"2026-03-04T10:13:02","date_gmt":"2026-03-04T10:13:02","guid":{"rendered":"https:\/\/crawl.es\/?post_type=product&#038;p=16981"},"modified":"2026-03-04T10:13:02","modified_gmt":"2026-03-04T10:13:02","slug":"mochila-speedo-45l-pro-bag-azul-royal","status":"publish","type":"product","link":"https:\/\/crawl.es\/ca\/producto\/mochila-speedo-45l-pro-bag-azul-royal\/","title":{"rendered":"MOCHILA SPEEDO 45L PRO BAG\/ AZUL ROYAL"},"content":{"rendered":"<p><span style=\"color: #000000; font-family: Roboto, sans-serif; font-size: 14px; letter-spacing: 0.14px;\">Conquista la piscina con la mochila Speedo PRO BAG 45L, tu compa\u00f1era definitiva de entrenamiento acu\u00e1tico. Dise\u00f1ada para nadadores, cuenta con un espacioso compartimento principal para todo tu equipo, adem\u00e1s de una Bolsa Sucia\u2122 extra\u00edble para mantener separados los art\u00edculos h\u00famedos. Protege tu port\u00e1til con una funda elevada y acolchada y mant\u00e9n tus elementos esenciales secos con una base resistente al agua. Disfruta de un transporte c\u00f3modo con correas ergon\u00f3micas y un asiento de gradas incorporado para las competiciones. Mantente organizado, seco y listo para cualquier cosa<\/span><\/p>\n","protected":false},"excerpt":{"rendered":"<p>Conquista la piscina con la mochila Speedo PRO BAG 45L, tu compa\u00f1era definitiva de entrenamiento acu\u00e1tico. Dise\u00f1ada para nadadores, cuenta con un espacioso compartimento principal para todo tu equipo, adem\u00e1s de una Bolsa Sucia\u2122 extra\u00edble para mantener separados los art\u00edculos h\u00famedos. Protege tu port\u00e1til con&#8230;<\/p>\n","protected":false},"featured_media":17006,"comment_status":"open","ping_status":"closed","template":"","meta":[],"product_cat":[21,66],"product_tag":[],"brands":[{"id":307,"name":"Speedo","slug":"speedo"}],"_links":{"self":[{"href":"https:\/\/crawl.es\/ca\/wp-json\/wp\/v2\/product\/16981"}],"collection":[{"href":"https:\/\/crawl.es\/ca\/wp-json\/wp\/v2\/product"}],"about":[{"href":"https:\/\/crawl.es\/ca\/wp-json\/wp\/v2\/types\/product"}],"replies":[{"embeddable":true,"href":"https:\/\/crawl.es\/ca\/wp-json\/wp\/v2\/comments?post=16981"}],"wp:featuredmedia":[{"embeddable":true,"href":"https:\/\/crawl.es\/ca\/wp-json\/wp\/v2\/media\/17006"}],"wp:attachment":[{"href":"https:\/\/crawl.es\/ca\/wp-json\/wp\/v2\/media?parent=16981"}],"wp:term":[{"taxonomy":"product_cat","embeddable":true,"href":"https:\/\/crawl.es\/ca\/wp-json\/wp\/v2\/product_cat?post=16981"},{"taxonomy":"product_tag","embeddable":true,"href":"https:\/\/crawl.es\/ca\/wp-json\/wp\/v2\/product_tag?post=16981"}],"curies":[{"name":"wp","href":"https:\/\/api.w.org\/{rel}","templated":true}]}}