{"id":17033,"date":"2026-03-06T11:33:20","date_gmt":"2026-03-06T11:33:20","guid":{"rendered":"https:\/\/crawl.es\/?post_type=product&#038;p=17033"},"modified":"2026-03-06T11:33:21","modified_gmt":"2026-03-06T11:33:21","slug":"pull-kick-speedo-negro","status":"publish","type":"product","link":"https:\/\/crawl.es\/ca\/producto\/pull-kick-speedo-negro\/","title":{"rendered":"Pull Kick Speedo negro"},"content":{"rendered":"<p>\u00a0<\/p>\n<p><span style=\"color: #000000; font-family: 'Noto Sans', sans-serif; font-size: 14px; background-color: #fafafa;\">El Speedo Pullkick &#8211; Negro es un h\u00edbrido de pullbuoy y tabla de nataci\u00f3n que ahorra espacio. Saca m\u00e1s provecho de tu entrenamiento con el Pullkick 2 en 1 y lleva un solo dispositivo de entrenamiento a la piscina en lugar de dos. Dise\u00f1ado para una flotabilidad \u00f3ptima, el Pullkick puede usarse para aislar la parte superior o inferior del cuerpo, permiti\u00e9ndote fortalecer brazos o piernas y mejorar tu t\u00e9cnica, seg\u00fan tu objetivo de entrenamiento. C\u00f3modo de usar, puede ayudarte a mejorar y mantener una mejor postura corporal durante el entrenamiento.<\/span><br style=\"box-sizing: inherit; color: #000000; font-family: 'Noto Sans', sans-serif; font-size: 14px; background-color: #fafafa;\" \/><br style=\"box-sizing: inherit; color: #000000; font-family: 'Noto Sans', sans-serif; font-size: 14px; background-color: #fafafa;\" \/><span style=\"color: #000000; font-family: 'Noto Sans', sans-serif; font-size: 14px; background-color: #fafafa;\">100% EVA<\/span><br style=\"box-sizing: inherit; color: #000000; font-family: 'Noto Sans', sans-serif; font-size: 14px; background-color: #fafafa;\" \/><span style=\"color: #000000; font-family: 'Noto Sans', sans-serif; font-size: 14px; background-color: #fafafa;\">La flotabilidad \u00f3ptima crea una alineaci\u00f3n corporal adecuada para mejorar la t\u00e9cnica de brazada.<\/span><br style=\"box-sizing: inherit; color: #000000; font-family: 'Noto Sans', sans-serif; font-size: 14px; background-color: #fafafa;\" \/><span style=\"color: #000000; font-family: 'Noto Sans', sans-serif; font-size: 14px; background-color: #fafafa;\">Aislar los brazos para centrarse en la t\u00e9cnica de tracci\u00f3n adecuada y el desarrollo de la fuerza.<\/span><\/p>\n","protected":false},"excerpt":{"rendered":"<p>\u00a0 El Speedo Pullkick &#8211; Negro es un h\u00edbrido de pullbuoy y tabla de nataci\u00f3n que ahorra espacio. Saca m\u00e1s provecho de tu entrenamiento con el Pullkick 2 en 1 y lleva un solo dispositivo de entrenamiento a la piscina en lugar de dos. Dise\u00f1ado&#8230;<\/p>\n","protected":false},"featured_media":17044,"comment_status":"open","ping_status":"closed","template":"","meta":[],"product_cat":[21,69],"product_tag":[],"brands":[{"id":307,"name":"Speedo","slug":"speedo"}],"_links":{"self":[{"href":"https:\/\/crawl.es\/ca\/wp-json\/wp\/v2\/product\/17033"}],"collection":[{"href":"https:\/\/crawl.es\/ca\/wp-json\/wp\/v2\/product"}],"about":[{"href":"https:\/\/crawl.es\/ca\/wp-json\/wp\/v2\/types\/product"}],"replies":[{"embeddable":true,"href":"https:\/\/crawl.es\/ca\/wp-json\/wp\/v2\/comments?post=17033"}],"wp:featuredmedia":[{"embeddable":true,"href":"https:\/\/crawl.es\/ca\/wp-json\/wp\/v2\/media\/17044"}],"wp:attachment":[{"href":"https:\/\/crawl.es\/ca\/wp-json\/wp\/v2\/media?parent=17033"}],"wp:term":[{"taxonomy":"product_cat","embeddable":true,"href":"https:\/\/crawl.es\/ca\/wp-json\/wp\/v2\/product_cat?post=17033"},{"taxonomy":"product_tag","embeddable":true,"href":"https:\/\/crawl.es\/ca\/wp-json\/wp\/v2\/product_tag?post=17033"}],"curies":[{"name":"wp","href":"https:\/\/api.w.org\/{rel}","templated":true}]}}